{"id":4607,"date":"2021-10-10T10:45:04","date_gmt":"2021-10-10T08:45:04","guid":{"rendered":"https:\/\/www.m2c.eu\/?page_id=4607"},"modified":"2021-11-15T12:29:47","modified_gmt":"2021-11-15T11:29:47","slug":"udrzba","status":"publish","type":"page","link":"https:\/\/www.m2c.eu\/sk\/sluzby\/udrzba\/","title":{"rendered":"\u00dadr\u017eba"},"content":{"rendered":"<div class='d-none' style='display:none;'>\n<h3>\u00dadr\u017eba<\/h3>\n<p>Sme popredn\u00fdm poskytovate\u013eom profesion\u00e1lnych servisn\u00fdch slu\u017eieb. Slu\u017eby poskytuj\u00fa na\u0161i vlastn\u00ed odborn\u00edci, v\u010faka ktor\u00fdm budete ma\u0165 technick\u00fd management budovy bez starost\u00ed. Zabezpe\u010dujeme technick\u00fa \u00fadr\u017ebu, zabezpe\u010dujeme potrebn\u00e9 kontroly, rev\u00edzie a prevent\u00edvnu \u00fadr\u017ebu. V pr\u00edpade neh\u00f4d alebo n\u00fadzov\u00fdch situ\u00e1ci\u00ed sme v\u00e1m k dispoz\u00edcii. Na\u0161a mobiln\u00e1 jednotka je pripraven\u00e1 na r\u00fdchlu reakciu a z\u00e1sah.<\/p>\n<p>5716763a:0:{}<\/p>\n<h3>Technick\u00e1 spr\u00e1va<\/h3>\n<h3>Servis, rev\u00edzie a odborn\u00e9 prehliadky<\/h3>\n<h3>Prevent\u00edvna \u00fadr\u017eba<\/h3>\n<h3>Zauj\u00edma v\u00e1s, ako zn\u00ed\u017ei\u0165 prev\u00e1dzkov\u00e9 n\u00e1klady budovy?<\/h3>\n<h3>Projektov\u00e9 a stavebn\u00e9 pr\u00e1ce<\/h3>\n<h3>Odpadov\u00e9 hospod\u00e1rstvo a ekol\u00f3gia<\/h3>\n<h3>Nevybrali ste si z ponuky slu\u017eieb?<\/h3>\n<\/div>\n<div class='d-none' style='display:none;'>\n<h3>\u00dadr\u017eba<\/h3>\n<p>Sme popredn\u00fdm poskytovate\u013eom profesion\u00e1lnych servisn\u00fdch slu\u017eieb. Slu\u017eby poskytuj\u00fa na\u0161i vlastn\u00ed odborn\u00edci, v\u010faka ktor\u00fdm budete ma\u0165 technick\u00fd management budovy bez starost\u00ed. Zabezpe\u010dujeme technick\u00fa \u00fadr\u017ebu, zabezpe\u010dujeme potrebn\u00e9 kontroly, rev\u00edzie a prevent\u00edvnu \u00fadr\u017ebu. V pr\u00edpade neh\u00f4d alebo n\u00fadzov\u00fdch situ\u00e1ci\u00ed sme v\u00e1m k dispoz\u00edcii. Na\u0161a mobiln\u00e1 jednotka je pripraven\u00e1 na r\u00fdchlu reakciu a z\u00e1sah.<\/p>\n<p>5716763a:0:{}<\/p>\n<h3>Technick\u00e1 spr\u00e1va<\/h3>\n<h3>Servis, rev\u00edzie a odborn\u00e9 prehliadky<\/h3>\n<h3>Prevent\u00edvna \u00fadr\u017eba<\/h3>\n<h3>Zauj\u00edma v\u00e1s, ako zn\u00ed\u017ei\u0165 prev\u00e1dzkov\u00e9 n\u00e1klady budovy?<\/h3>\n<h3>Projektov\u00e9 a stavebn\u00e9 pr\u00e1ce<\/h3>\n<h3>Odpadov\u00e9 hospod\u00e1rstvo a ekol\u00f3gia<\/h3>\n<h3>Nevybrali ste si z ponuky slu\u017eieb?<\/h3>\n<\/div>\n","protected":false},"excerpt":{"rendered":"<p>\u00dadr\u017eba Sme popredn\u00fdm poskytovate\u013eom profesion\u00e1lnych servisn\u00fdch slu\u017eieb. Slu\u017eby poskytuj\u00fa na\u0161i vlastn\u00ed odborn\u00edci, v\u010faka ktor\u00fdm budete ma\u0165 technick\u00fd management budovy bez starost\u00ed. Zabezpe\u010dujeme technick\u00fa \u00fadr\u017ebu, zabezpe\u010dujeme potrebn\u00e9 kontroly, rev\u00edzie a prevent\u00edvnu \u00fadr\u017ebu. V pr\u00edpade neh\u00f4d alebo n\u00fadzov\u00fdch situ\u00e1ci\u00ed sme v\u00e1m k dispoz\u00edcii. Na\u0161a mobiln\u00e1 jednotka je pripraven\u00e1 na r\u00fdchlu reakciu a z\u00e1sah. 5716763a:0:{} Technick\u00e1 spr\u00e1va Servis,&#8230;<\/p>\n","protected":false},"author":20,"featured_media":0,"parent":4601,"menu_order":0,"comment_status":"closed","ping_status":"closed","template":"pages\/page-blocks.php","meta":{"_monsterinsights_skip_tracking":false,"_monsterinsights_sitenote_active":false,"_monsterinsights_sitenote_note":"","_monsterinsights_sitenote_category":0,"footnotes":""},"class_list":["post-4607","page","type-page","status-publish","hentry"],"yoast_head":"<!-- This site is optimized with the Yoast SEO plugin v27.3 - https:\/\/yoast.com\/product\/yoast-seo-wordpress\/ -->\n<title>\u00dadr\u017eba | M2C<\/title>\n<meta name=\"robots\" content=\"index, follow, max-snippet:-1, max-image-preview:large, max-video-preview:-1\" \/>\n<link rel=\"canonical\" href=\"https:\/\/www.m2c.eu\/sk\/sluzby\/udrzba\/\" \/>\n<meta property=\"og:locale\" content=\"sk_SK\" \/>\n<meta property=\"og:type\" content=\"article\" \/>\n<meta property=\"og:title\" content=\"\u00dadr\u017eba | M2C\" \/>\n<meta property=\"og:description\" content=\"\u00dadr\u017eba Sme popredn\u00fdm poskytovate\u013eom profesion\u00e1lnych servisn\u00fdch slu\u017eieb. Slu\u017eby poskytuj\u00fa na\u0161i vlastn\u00ed odborn\u00edci, v\u010faka ktor\u00fdm budete ma\u0165 technick\u00fd management budovy bez starost\u00ed. Zabezpe\u010dujeme technick\u00fa \u00fadr\u017ebu, zabezpe\u010dujeme potrebn\u00e9 kontroly, rev\u00edzie a prevent\u00edvnu \u00fadr\u017ebu. V pr\u00edpade neh\u00f4d alebo n\u00fadzov\u00fdch situ\u00e1ci\u00ed sme v\u00e1m k dispoz\u00edcii. Na\u0161a mobiln\u00e1 jednotka je pripraven\u00e1 na r\u00fdchlu reakciu a z\u00e1sah. 5716763a:0:{} Technick\u00e1 spr\u00e1va Servis,...\" \/>\n<meta property=\"og:url\" content=\"https:\/\/www.m2c.eu\/sk\/sluzby\/udrzba\/\" \/>\n<meta property=\"og:site_name\" content=\"M2C\" \/>\n<meta property=\"article:modified_time\" content=\"2021-11-15T11:29:47+00:00\" \/>\n<meta property=\"og:image\" content=\"https:\/\/www.m2c.eu\/wp-content\/uploads\/2021\/09\/M2C_OG.jpg\" \/>\n\t<meta property=\"og:image:width\" content=\"1200\" \/>\n\t<meta property=\"og:image:height\" content=\"630\" \/>\n\t<meta property=\"og:image:type\" content=\"image\/jpeg\" \/>\n<meta name=\"twitter:card\" content=\"summary_large_image\" \/>\n<meta name=\"twitter:label1\" content=\"Predpokladan\u00fd \u010das \u010d\u00edtania\" \/>\n\t<meta name=\"twitter:data1\" content=\"1 min\u00fata\" \/>\n<!-- \/ Yoast SEO plugin. -->","yoast_head_json":{"title":"\u00dadr\u017eba | M2C","robots":{"index":"index","follow":"follow","max-snippet":"max-snippet:-1","max-image-preview":"max-image-preview:large","max-video-preview":"max-video-preview:-1"},"canonical":"https:\/\/www.m2c.eu\/sk\/sluzby\/udrzba\/","og_locale":"sk_SK","og_type":"article","og_title":"\u00dadr\u017eba | M2C","og_description":"\u00dadr\u017eba Sme popredn\u00fdm poskytovate\u013eom profesion\u00e1lnych servisn\u00fdch slu\u017eieb. Slu\u017eby poskytuj\u00fa na\u0161i vlastn\u00ed odborn\u00edci, v\u010faka ktor\u00fdm budete ma\u0165 technick\u00fd management budovy bez starost\u00ed. Zabezpe\u010dujeme technick\u00fa \u00fadr\u017ebu, zabezpe\u010dujeme potrebn\u00e9 kontroly, rev\u00edzie a prevent\u00edvnu \u00fadr\u017ebu. V pr\u00edpade neh\u00f4d alebo n\u00fadzov\u00fdch situ\u00e1ci\u00ed sme v\u00e1m k dispoz\u00edcii. Na\u0161a mobiln\u00e1 jednotka je pripraven\u00e1 na r\u00fdchlu reakciu a z\u00e1sah. 5716763a:0:{} Technick\u00e1 spr\u00e1va Servis,...","og_url":"https:\/\/www.m2c.eu\/sk\/sluzby\/udrzba\/","og_site_name":"M2C","article_modified_time":"2021-11-15T11:29:47+00:00","og_image":[{"width":1200,"height":630,"url":"https:\/\/www.m2c.eu\/wp-content\/uploads\/2021\/09\/M2C_OG.jpg","type":"image\/jpeg"}],"twitter_card":"summary_large_image","twitter_misc":{"Predpokladan\u00fd \u010das \u010d\u00edtania":"1 min\u00fata"},"schema":{"@context":"https:\/\/schema.org","@graph":[{"@type":"WebPage","@id":"https:\/\/www.m2c.eu\/sk\/sluzby\/udrzba\/","url":"https:\/\/www.m2c.eu\/sk\/sluzby\/udrzba\/","name":"\u00dadr\u017eba | M2C","isPartOf":{"@id":"https:\/\/www.m2c.eu\/#website"},"datePublished":"2021-10-10T08:45:04+00:00","dateModified":"2021-11-15T11:29:47+00:00","breadcrumb":{"@id":"https:\/\/www.m2c.eu\/sk\/sluzby\/udrzba\/#breadcrumb"},"inLanguage":"sk-SK","potentialAction":[{"@type":"ReadAction","target":["https:\/\/www.m2c.eu\/sk\/sluzby\/udrzba\/"]}]},{"@type":"BreadcrumbList","@id":"https:\/\/www.m2c.eu\/sk\/sluzby\/udrzba\/#breadcrumb","itemListElement":[{"@type":"ListItem","position":1,"name":"\u00davod","item":"https:\/\/www.m2c.eu\/sk\/"},{"@type":"ListItem","position":2,"name":"Slu\u017eby","item":"https:\/\/www.m2c.eu\/sk\/sluzby\/"},{"@type":"ListItem","position":3,"name":"\u00dadr\u017eba"}]},{"@type":"WebSite","@id":"https:\/\/www.m2c.eu\/#website","url":"https:\/\/www.m2c.eu\/","name":"M2C","description":"Kompleksowa obs\u0142uga obiekt\u00f3w komercyjnych","publisher":{"@id":"https:\/\/www.m2c.eu\/#organization"},"potentialAction":[{"@type":"SearchAction","target":{"@type":"EntryPoint","urlTemplate":"https:\/\/www.m2c.eu\/?s={search_term_string}"},"query-input":{"@type":"PropertyValueSpecification","valueRequired":true,"valueName":"search_term_string"}}],"inLanguage":"sk-SK"},{"@type":"Organization","@id":"https:\/\/www.m2c.eu\/#organization","name":"M2C","url":"https:\/\/www.m2c.eu\/","logo":{"@type":"ImageObject","inLanguage":"sk-SK","@id":"https:\/\/www.m2c.eu\/#\/schema\/logo\/image\/","url":"https:\/\/www.m2c.eu\/wp-content\/uploads\/2021\/08\/logo-m2c.svg","contentUrl":"https:\/\/www.m2c.eu\/wp-content\/uploads\/2021\/08\/logo-m2c.svg","width":141,"height":40,"caption":"M2C"},"image":{"@id":"https:\/\/www.m2c.eu\/#\/schema\/logo\/image\/"}}]}},"_links":{"self":[{"href":"https:\/\/www.m2c.eu\/sk\/wp-json\/wp\/v2\/pages\/4607","targetHints":{"allow":["GET"]}}],"collection":[{"href":"https:\/\/www.m2c.eu\/sk\/wp-json\/wp\/v2\/pages"}],"about":[{"href":"https:\/\/www.m2c.eu\/sk\/wp-json\/wp\/v2\/types\/page"}],"author":[{"embeddable":true,"href":"https:\/\/www.m2c.eu\/sk\/wp-json\/wp\/v2\/users\/20"}],"replies":[{"embeddable":true,"href":"https:\/\/www.m2c.eu\/sk\/wp-json\/wp\/v2\/comments?post=4607"}],"version-history":[{"count":3,"href":"https:\/\/www.m2c.eu\/sk\/wp-json\/wp\/v2\/pages\/4607\/revisions"}],"predecessor-version":[{"id":6927,"href":"https:\/\/www.m2c.eu\/sk\/wp-json\/wp\/v2\/pages\/4607\/revisions\/6927"}],"up":[{"embeddable":true,"href":"https:\/\/www.m2c.eu\/sk\/wp-json\/wp\/v2\/pages\/4601"}],"wp:attachment":[{"href":"https:\/\/www.m2c.eu\/sk\/wp-json\/wp\/v2\/media?parent=4607"}],"curies":[{"name":"wp","href":"https:\/\/api.w.org\/{rel}","templated":true}]}}