{"id":4605,"date":"2021-10-10T10:44:08","date_gmt":"2021-10-10T08:44:08","guid":{"rendered":"https:\/\/www.m2c.eu\/?page_id=4605"},"modified":"2025-10-20T13:57:21","modified_gmt":"2025-10-20T11:57:21","slug":"energetika","status":"publish","type":"page","link":"https:\/\/www.m2c.eu\/sk\/sluzby\/energetika\/","title":{"rendered":"Energetika"},"content":{"rendered":"<div class=\"d-none\" style=\"display: none;\">\n<h3>Energetika<\/h3>\n<p>H\u013ead\u00e1te sp\u00f4sob, ako zn\u00ed\u017ei\u0165 n\u00e1klady na energie? Chcete minimalizova\u0165 svoju uhl\u00edkov\u00fa stopu, aby ste prispeli k zdrav\u0161ej kl\u00edme a udr\u017eate\u013enej bud\u00facnosti? Pl\u00e1nujete napr\u00edklad obnovu existuj\u00facich energetick\u00fdch zariaden\u00ed a neviete, ako na to? Kontaktujte n\u00e1s a my v\u00e1m poskytneme rie\u0161enie \u0161it\u00e9 na mieru, \u010di u\u017e v\u00e1m poskytneme individu\u00e1lny produkt alebo s\u00fabor v\u0161etk\u00fdch slu\u017eieb spojen\u00fdch s energetikou.<\/p>\n<p>9456645a:0:{}<\/p>\n<h3>Energetick\u00fd management<\/h3>\n<h3>Energetick\u00e9 audity<\/h3>\n<h3>Elektromobilita<\/h3>\n<h3>Zauj\u00edma v\u00e1s, ako zn\u00ed\u017ei\u0165 prev\u00e1dzkov\u00e9 n\u00e1klady budovy?<\/h3>\n<h3>Fotovoltaika<\/h3>\n<h3>Zn\u00ed\u017eenie uhl\u00edkovej stopy<\/h3>\n<h3>Nevybrali ste si z ponuky slu\u017eieb?<\/h3>\n<\/div>\n<div class=\"d-none\" style=\"display: none;\">\n<h3>Energetika<\/h3>\n<p>H\u013ead\u00e1te sp\u00f4sob, ako zn\u00ed\u017ei\u0165 n\u00e1klady na energie? Chcete minimalizova\u0165 svoju uhl\u00edkov\u00fa stopu, aby ste prispeli k zdrav\u0161ej kl\u00edme a udr\u017eate\u013enej bud\u00facnosti? Pl\u00e1nujete napr\u00edklad obnovu existuj\u00facich energetick\u00fdch zariaden\u00ed a neviete, ako na to? Kontaktujte n\u00e1s a my v\u00e1m poskytneme rie\u0161enie \u0161it\u00e9 na mieru, \u010di u\u017e v\u00e1m poskytneme individu\u00e1lny produkt alebo s\u00fabor v\u0161etk\u00fdch slu\u017eieb spojen\u00fdch s energetikou.<\/p>\n<p>9456645a:0:{}<\/p>\n<h3>Energetick\u00fd management<\/h3>\n<h3>Energetick\u00e9 audity<\/h3>\n<h3>Elektromobilita<\/h3>\n<h3>Zauj\u00edma v\u00e1s, ako zn\u00ed\u017ei\u0165 prev\u00e1dzkov\u00e9 n\u00e1klady budovy?<\/h3>\n<h3>Fotovoltaika<\/h3>\n<h3>Zn\u00ed\u017eenie uhl\u00edkovej stopy<\/h3>\n<h3>Nevybrali ste si z ponuky slu\u017eieb?<\/h3>\n<\/div>\n","protected":false},"excerpt":{"rendered":"<p>Energetika H\u013ead\u00e1te sp\u00f4sob, ako zn\u00ed\u017ei\u0165 n\u00e1klady na energie? Chcete minimalizova\u0165 svoju uhl\u00edkov\u00fa stopu, aby ste prispeli k zdrav\u0161ej kl\u00edme a udr\u017eate\u013enej bud\u00facnosti? Pl\u00e1nujete napr\u00edklad obnovu existuj\u00facich energetick\u00fdch zariaden\u00ed a neviete, ako na to? Kontaktujte n\u00e1s a my v\u00e1m poskytneme rie\u0161enie \u0161it\u00e9 na mieru, \u010di u\u017e v\u00e1m poskytneme individu\u00e1lny produkt alebo s\u00fabor v\u0161etk\u00fdch slu\u017eieb spojen\u00fdch s&#8230;<\/p>\n","protected":false},"author":20,"featured_media":0,"parent":4601,"menu_order":0,"comment_status":"closed","ping_status":"closed","template":"pages\/page-blocks.php","meta":{"_monsterinsights_skip_tracking":false,"_monsterinsights_sitenote_active":false,"_monsterinsights_sitenote_note":"","_monsterinsights_sitenote_category":0,"footnotes":""},"class_list":["post-4605","page","type-page","status-publish","hentry"],"yoast_head":"<!-- This site is optimized with the Yoast SEO plugin v27.5 - https:\/\/yoast.com\/product\/yoast-seo-wordpress\/ -->\n<title>Energetika | M2C<\/title>\n<meta name=\"description\" content=\"Poskytujeme energetick\u00fd mana\u017ement, monitoring spotreby a rie\u0161enia pre \u00fasporu energie v s\u00falade s ESG \u0161tandardmi.\" \/>\n<meta name=\"robots\" content=\"index, follow, max-snippet:-1, max-image-preview:large, max-video-preview:-1\" \/>\n<link rel=\"canonical\" href=\"https:\/\/www.m2c.eu\/sk\/sluzby\/energetika\/\" \/>\n<meta property=\"og:locale\" content=\"sk_SK\" \/>\n<meta property=\"og:type\" content=\"article\" \/>\n<meta property=\"og:title\" content=\"Energetika | M2C\" \/>\n<meta property=\"og:description\" content=\"Poskytujeme energetick\u00fd mana\u017ement, monitoring spotreby a rie\u0161enia pre \u00fasporu energie v s\u00falade s ESG \u0161tandardmi.\" \/>\n<meta property=\"og:url\" content=\"https:\/\/www.m2c.eu\/sk\/sluzby\/energetika\/\" \/>\n<meta property=\"og:site_name\" content=\"M2C\" \/>\n<meta property=\"article:modified_time\" content=\"2025-10-20T11:57:21+00:00\" \/>\n<meta property=\"og:image\" content=\"https:\/\/www.m2c.eu\/wp-content\/uploads\/2021\/09\/M2C_OG.jpg\" \/>\n\t<meta property=\"og:image:width\" content=\"1200\" \/>\n\t<meta property=\"og:image:height\" content=\"630\" \/>\n\t<meta property=\"og:image:type\" content=\"image\/jpeg\" \/>\n<meta name=\"twitter:card\" content=\"summary_large_image\" \/>\n<meta name=\"twitter:label1\" content=\"Predpokladan\u00fd \u010das \u010d\u00edtania\" \/>\n\t<meta name=\"twitter:data1\" content=\"1 min\u00fata\" \/>\n<!-- \/ Yoast SEO plugin. -->","yoast_head_json":{"title":"Energetika | M2C","description":"Poskytujeme energetick\u00fd mana\u017ement, monitoring spotreby a rie\u0161enia pre \u00fasporu energie v s\u00falade s ESG \u0161tandardmi.","robots":{"index":"index","follow":"follow","max-snippet":"max-snippet:-1","max-image-preview":"max-image-preview:large","max-video-preview":"max-video-preview:-1"},"canonical":"https:\/\/www.m2c.eu\/sk\/sluzby\/energetika\/","og_locale":"sk_SK","og_type":"article","og_title":"Energetika | M2C","og_description":"Poskytujeme energetick\u00fd mana\u017ement, monitoring spotreby a rie\u0161enia pre \u00fasporu energie v s\u00falade s ESG \u0161tandardmi.","og_url":"https:\/\/www.m2c.eu\/sk\/sluzby\/energetika\/","og_site_name":"M2C","article_modified_time":"2025-10-20T11:57:21+00:00","og_image":[{"width":1200,"height":630,"url":"https:\/\/www.m2c.eu\/wp-content\/uploads\/2021\/09\/M2C_OG.jpg","type":"image\/jpeg"}],"twitter_card":"summary_large_image","twitter_misc":{"Predpokladan\u00fd \u010das \u010d\u00edtania":"1 min\u00fata"},"schema":{"@context":"https:\/\/schema.org","@graph":[{"@type":"WebPage","@id":"https:\/\/www.m2c.eu\/sk\/sluzby\/energetika\/","url":"https:\/\/www.m2c.eu\/sk\/sluzby\/energetika\/","name":"Energetika | M2C","isPartOf":{"@id":"https:\/\/www.m2c.eu\/#website"},"datePublished":"2021-10-10T08:44:08+00:00","dateModified":"2025-10-20T11:57:21+00:00","description":"Poskytujeme energetick\u00fd mana\u017ement, monitoring spotreby a rie\u0161enia pre \u00fasporu energie v s\u00falade s ESG \u0161tandardmi.","breadcrumb":{"@id":"https:\/\/www.m2c.eu\/sk\/sluzby\/energetika\/#breadcrumb"},"inLanguage":"sk-SK","potentialAction":[{"@type":"ReadAction","target":["https:\/\/www.m2c.eu\/sk\/sluzby\/energetika\/"]}]},{"@type":"BreadcrumbList","@id":"https:\/\/www.m2c.eu\/sk\/sluzby\/energetika\/#breadcrumb","itemListElement":[{"@type":"ListItem","position":1,"name":"\u00davod","item":"https:\/\/www.m2c.eu\/sk\/"},{"@type":"ListItem","position":2,"name":"Slu\u017eby","item":"https:\/\/www.m2c.eu\/sk\/sluzby\/"},{"@type":"ListItem","position":3,"name":"Energetika"}]},{"@type":"WebSite","@id":"https:\/\/www.m2c.eu\/#website","url":"https:\/\/www.m2c.eu\/","name":"M2C","description":"Kompleksowa obs\u0142uga obiekt\u00f3w komercyjnych","publisher":{"@id":"https:\/\/www.m2c.eu\/#organization"},"potentialAction":[{"@type":"SearchAction","target":{"@type":"EntryPoint","urlTemplate":"https:\/\/www.m2c.eu\/?s={search_term_string}"},"query-input":{"@type":"PropertyValueSpecification","valueRequired":true,"valueName":"search_term_string"}}],"inLanguage":"sk-SK"},{"@type":"Organization","@id":"https:\/\/www.m2c.eu\/#organization","name":"M2C","url":"https:\/\/www.m2c.eu\/","logo":{"@type":"ImageObject","inLanguage":"sk-SK","@id":"https:\/\/www.m2c.eu\/#\/schema\/logo\/image\/","url":"https:\/\/www.m2c.eu\/wp-content\/uploads\/2021\/08\/logo-m2c.svg","contentUrl":"https:\/\/www.m2c.eu\/wp-content\/uploads\/2021\/08\/logo-m2c.svg","width":141,"height":40,"caption":"M2C"},"image":{"@id":"https:\/\/www.m2c.eu\/#\/schema\/logo\/image\/"}}]}},"_links":{"self":[{"href":"https:\/\/www.m2c.eu\/sk\/wp-json\/wp\/v2\/pages\/4605","targetHints":{"allow":["GET"]}}],"collection":[{"href":"https:\/\/www.m2c.eu\/sk\/wp-json\/wp\/v2\/pages"}],"about":[{"href":"https:\/\/www.m2c.eu\/sk\/wp-json\/wp\/v2\/types\/page"}],"author":[{"embeddable":true,"href":"https:\/\/www.m2c.eu\/sk\/wp-json\/wp\/v2\/users\/20"}],"replies":[{"embeddable":true,"href":"https:\/\/www.m2c.eu\/sk\/wp-json\/wp\/v2\/comments?post=4605"}],"version-history":[{"count":4,"href":"https:\/\/www.m2c.eu\/sk\/wp-json\/wp\/v2\/pages\/4605\/revisions"}],"predecessor-version":[{"id":15237,"href":"https:\/\/www.m2c.eu\/sk\/wp-json\/wp\/v2\/pages\/4605\/revisions\/15237"}],"up":[{"embeddable":true,"href":"https:\/\/www.m2c.eu\/sk\/wp-json\/wp\/v2\/pages\/4601"}],"wp:attachment":[{"href":"https:\/\/www.m2c.eu\/sk\/wp-json\/wp\/v2\/media?parent=4605"}],"curies":[{"name":"wp","href":"https:\/\/api.w.org\/{rel}","templated":true}]}}