{"id":4603,"date":"2021-10-10T10:43:38","date_gmt":"2021-10-10T08:43:38","guid":{"rendered":"https:\/\/www.m2c.eu\/?page_id=4603"},"modified":"2025-05-29T14:04:38","modified_gmt":"2025-05-29T12:04:38","slug":"bezpecnost","status":"publish","type":"page","link":"https:\/\/www.m2c.eu\/sk\/sluzby\/bezpecnost\/","title":{"rendered":"Bezpe\u010dnos\u0165"},"content":{"rendered":"<div class=\"d-none\" style=\"display: none;\">\n<h3>Bezpe\u010dnos\u0165<\/h3>\n<p>N\u00e1\u0161 t\u00edm bezpe\u010dnostn\u00fdch expertov zaist\u00ed komplexn\u00e9 zabezpe\u010denie v\u00e1\u0161ho objektu. Pon\u00fakame slu\u017eby fyzick\u00e9ho zabezpe\u010denia majetku a os\u00f4b. Vedeli ste napr\u00edklad, \u017ee u\u017e nie je potrebn\u00e9 plati\u0165 za no\u010dn\u00e9ho a v\u00edkendov\u00e9ho str\u00e1\u017ecu? V\u010faka modern\u00fdm technol\u00f3gi\u00e1m a kamerov\u00fdm syst\u00e9mom budeme v\u00e1\u0161 objekt na dia\u013eku monitorova\u0165 prostredn\u00edctvom doh\u013eadov\u00e9ho centra M2C Space.<\/p>\n<p>6116583a:1:{i:0;a:4:{s:40:&#8220;block-intro-description-signpost-icon-id&#8220;;s:0:&#8220;&#8220;;s:38:&#8220;block-intro-description-signpost-title&#8220;;s:0:&#8220;&#8220;;s:41:&#8220;block-intro-description-signpost-subtitle&#8220;;s:0:&#8220;&#8220;;s:36:&#8220;block-intro-description-signpost-url&#8220;;s:0:&#8220;&#8220;;}}<\/p>\n<h3>Fyzick\u00e1 bezpe\u010dnos\u0165<\/h3>\n<h3>PCO a VPCO<\/h3>\n<h3>Zauj\u00edma v\u00e1s, ako zn\u00ed\u017ei\u0165 prev\u00e1dzkov\u00e9 n\u00e1klady budovy?<\/h3>\n<h3>\u0160pecializovan\u00e9 bezpe\u010dnostn\u00e9 slu\u017eby<\/h3>\n<h3>Bezpe\u010dnostn\u00fd audit<\/h3>\n<h3>PO a BOZP<\/h3>\n<h3>Nevybrali ste si z ponuky slu\u017eieb?<\/h3>\n<\/div>\n<div class=\"d-none\" style=\"display: none;\">\n<h3>Bezpe\u010dnos\u0165<\/h3>\n<p>N\u00e1\u0161 t\u00edm bezpe\u010dnostn\u00fdch expertov zaist\u00ed komplexn\u00e9 zabezpe\u010denie v\u00e1\u0161ho objektu. Pon\u00fakame slu\u017eby fyzick\u00e9ho zabezpe\u010denia majetku a os\u00f4b. Vedeli ste napr\u00edklad, \u017ee u\u017e nie je potrebn\u00e9 plati\u0165 za no\u010dn\u00e9ho a v\u00edkendov\u00e9ho str\u00e1\u017ecu? V\u010faka modern\u00fdm technol\u00f3gi\u00e1m a kamerov\u00fdm syst\u00e9mom budeme v\u00e1\u0161 objekt na dia\u013eku monitorova\u0165 prostredn\u00edctvom doh\u013eadov\u00e9ho centra M2C Space.<\/p>\n<p>6116583a:1:{i:0;a:4:{s:40:&#8220;block-intro-description-signpost-icon-id&#8220;;s:0:&#8220;&#8220;;s:38:&#8220;block-intro-description-signpost-title&#8220;;s:0:&#8220;&#8220;;s:41:&#8220;block-intro-description-signpost-subtitle&#8220;;s:0:&#8220;&#8220;;s:36:&#8220;block-intro-description-signpost-url&#8220;;s:0:&#8220;&#8220;;}}<\/p>\n<h3>Fyzick\u00e1 bezpe\u010dnos\u0165<\/h3>\n<h3>PCO a VPCO<\/h3>\n<h3>Zauj\u00edma v\u00e1s, ako zn\u00ed\u017ei\u0165 prev\u00e1dzkov\u00e9 n\u00e1klady budovy?<\/h3>\n<h3>\u0160pecializovan\u00e9 bezpe\u010dnostn\u00e9 slu\u017eby<\/h3>\n<h3>Bezpe\u010dnostn\u00fd audit<\/h3>\n<h3>PO a BOZP<\/h3>\n<h3>Nevybrali ste si z ponuky slu\u017eieb?<\/h3>\n<\/div>\n","protected":false},"excerpt":{"rendered":"<p>Bezpe\u010dnos\u0165 N\u00e1\u0161 t\u00edm bezpe\u010dnostn\u00fdch expertov zaist\u00ed komplexn\u00e9 zabezpe\u010denie v\u00e1\u0161ho objektu. Pon\u00fakame slu\u017eby fyzick\u00e9ho zabezpe\u010denia majetku a os\u00f4b. Vedeli ste napr\u00edklad, \u017ee u\u017e nie je potrebn\u00e9 plati\u0165 za no\u010dn\u00e9ho a v\u00edkendov\u00e9ho str\u00e1\u017ecu? V\u010faka modern\u00fdm technol\u00f3gi\u00e1m a kamerov\u00fdm syst\u00e9mom budeme v\u00e1\u0161 objekt na dia\u013eku monitorova\u0165 prostredn\u00edctvom doh\u013eadov\u00e9ho centra M2C Space. 6116583a:1:{i:0;a:4:{s:40:&#8220;block-intro-description-signpost-icon-id&#8220;;s:0:&#8220;&#8220;;s:38:&#8220;block-intro-description-signpost-title&#8220;;s:0:&#8220;&#8220;;s:41:&#8220;block-intro-description-signpost-subtitle&#8220;;s:0:&#8220;&#8220;;s:36:&#8220;block-intro-description-signpost-url&#8220;;s:0:&#8220;&#8220;;}} Fyzick\u00e1 bezpe\u010dnos\u0165 PCO a VPCO Zauj\u00edma&#8230;<\/p>\n","protected":false},"author":20,"featured_media":0,"parent":4601,"menu_order":0,"comment_status":"closed","ping_status":"closed","template":"pages\/page-blocks.php","meta":{"_monsterinsights_skip_tracking":false,"_monsterinsights_sitenote_active":false,"_monsterinsights_sitenote_note":"","_monsterinsights_sitenote_category":0,"footnotes":""},"class_list":["post-4603","page","type-page","status-publish","hentry"],"yoast_head":"<!-- This site is optimized with the Yoast SEO plugin v27.3 - https:\/\/yoast.com\/product\/yoast-seo-wordpress\/ -->\n<title>Bezpe\u010dnos\u0165 | M2C<\/title>\n<meta name=\"description\" content=\"Poskytujeme modern\u00e9 bezpe\u010dnostn\u00e9 slu\u017eby \u2013 fyzick\u00e1 ostraha, pult centr\u00e1lnej ochrany, kamerov\u00e9 syst\u00e9my a inteligentn\u00e9 technol\u00f3gie.\" \/>\n<meta name=\"robots\" content=\"index, follow, max-snippet:-1, max-image-preview:large, max-video-preview:-1\" \/>\n<link rel=\"canonical\" href=\"https:\/\/www.m2c.eu\/sk\/sluzby\/bezpecnost\/\" \/>\n<meta property=\"og:locale\" content=\"sk_SK\" \/>\n<meta property=\"og:type\" content=\"article\" \/>\n<meta property=\"og:title\" content=\"Bezpe\u010dnos\u0165 | M2C\" \/>\n<meta property=\"og:description\" content=\"Poskytujeme modern\u00e9 bezpe\u010dnostn\u00e9 slu\u017eby \u2013 fyzick\u00e1 ostraha, pult centr\u00e1lnej ochrany, kamerov\u00e9 syst\u00e9my a inteligentn\u00e9 technol\u00f3gie.\" \/>\n<meta property=\"og:url\" content=\"https:\/\/www.m2c.eu\/sk\/sluzby\/bezpecnost\/\" \/>\n<meta property=\"og:site_name\" content=\"M2C\" \/>\n<meta property=\"article:modified_time\" content=\"2025-05-29T12:04:38+00:00\" \/>\n<meta property=\"og:image\" content=\"https:\/\/www.m2c.eu\/wp-content\/uploads\/2021\/09\/M2C_OG.jpg\" \/>\n\t<meta property=\"og:image:width\" content=\"1200\" \/>\n\t<meta property=\"og:image:height\" content=\"630\" \/>\n\t<meta property=\"og:image:type\" content=\"image\/jpeg\" \/>\n<meta name=\"twitter:card\" content=\"summary_large_image\" \/>\n<meta name=\"twitter:label1\" content=\"Predpokladan\u00fd \u010das \u010d\u00edtania\" \/>\n\t<meta name=\"twitter:data1\" content=\"1 min\u00fata\" \/>\n<!-- \/ Yoast SEO plugin. -->","yoast_head_json":{"title":"Bezpe\u010dnos\u0165 | M2C","description":"Poskytujeme modern\u00e9 bezpe\u010dnostn\u00e9 slu\u017eby \u2013 fyzick\u00e1 ostraha, pult centr\u00e1lnej ochrany, kamerov\u00e9 syst\u00e9my a inteligentn\u00e9 technol\u00f3gie.","robots":{"index":"index","follow":"follow","max-snippet":"max-snippet:-1","max-image-preview":"max-image-preview:large","max-video-preview":"max-video-preview:-1"},"canonical":"https:\/\/www.m2c.eu\/sk\/sluzby\/bezpecnost\/","og_locale":"sk_SK","og_type":"article","og_title":"Bezpe\u010dnos\u0165 | M2C","og_description":"Poskytujeme modern\u00e9 bezpe\u010dnostn\u00e9 slu\u017eby \u2013 fyzick\u00e1 ostraha, pult centr\u00e1lnej ochrany, kamerov\u00e9 syst\u00e9my a inteligentn\u00e9 technol\u00f3gie.","og_url":"https:\/\/www.m2c.eu\/sk\/sluzby\/bezpecnost\/","og_site_name":"M2C","article_modified_time":"2025-05-29T12:04:38+00:00","og_image":[{"width":1200,"height":630,"url":"https:\/\/www.m2c.eu\/wp-content\/uploads\/2021\/09\/M2C_OG.jpg","type":"image\/jpeg"}],"twitter_card":"summary_large_image","twitter_misc":{"Predpokladan\u00fd \u010das \u010d\u00edtania":"1 min\u00fata"},"schema":{"@context":"https:\/\/schema.org","@graph":[{"@type":"WebPage","@id":"https:\/\/www.m2c.eu\/sk\/sluzby\/bezpecnost\/","url":"https:\/\/www.m2c.eu\/sk\/sluzby\/bezpecnost\/","name":"Bezpe\u010dnos\u0165 | M2C","isPartOf":{"@id":"https:\/\/www.m2c.eu\/#website"},"datePublished":"2021-10-10T08:43:38+00:00","dateModified":"2025-05-29T12:04:38+00:00","description":"Poskytujeme modern\u00e9 bezpe\u010dnostn\u00e9 slu\u017eby \u2013 fyzick\u00e1 ostraha, pult centr\u00e1lnej ochrany, kamerov\u00e9 syst\u00e9my a inteligentn\u00e9 technol\u00f3gie.","breadcrumb":{"@id":"https:\/\/www.m2c.eu\/sk\/sluzby\/bezpecnost\/#breadcrumb"},"inLanguage":"sk-SK","potentialAction":[{"@type":"ReadAction","target":["https:\/\/www.m2c.eu\/sk\/sluzby\/bezpecnost\/"]}]},{"@type":"BreadcrumbList","@id":"https:\/\/www.m2c.eu\/sk\/sluzby\/bezpecnost\/#breadcrumb","itemListElement":[{"@type":"ListItem","position":1,"name":"\u00davod","item":"https:\/\/www.m2c.eu\/sk\/"},{"@type":"ListItem","position":2,"name":"Slu\u017eby","item":"https:\/\/www.m2c.eu\/sk\/sluzby\/"},{"@type":"ListItem","position":3,"name":"Bezpe\u010dnos\u0165"}]},{"@type":"WebSite","@id":"https:\/\/www.m2c.eu\/#website","url":"https:\/\/www.m2c.eu\/","name":"M2C","description":"Kompleksowa obs\u0142uga obiekt\u00f3w komercyjnych","publisher":{"@id":"https:\/\/www.m2c.eu\/#organization"},"potentialAction":[{"@type":"SearchAction","target":{"@type":"EntryPoint","urlTemplate":"https:\/\/www.m2c.eu\/?s={search_term_string}"},"query-input":{"@type":"PropertyValueSpecification","valueRequired":true,"valueName":"search_term_string"}}],"inLanguage":"sk-SK"},{"@type":"Organization","@id":"https:\/\/www.m2c.eu\/#organization","name":"M2C","url":"https:\/\/www.m2c.eu\/","logo":{"@type":"ImageObject","inLanguage":"sk-SK","@id":"https:\/\/www.m2c.eu\/#\/schema\/logo\/image\/","url":"https:\/\/www.m2c.eu\/wp-content\/uploads\/2021\/08\/logo-m2c.svg","contentUrl":"https:\/\/www.m2c.eu\/wp-content\/uploads\/2021\/08\/logo-m2c.svg","width":141,"height":40,"caption":"M2C"},"image":{"@id":"https:\/\/www.m2c.eu\/#\/schema\/logo\/image\/"}}]}},"_links":{"self":[{"href":"https:\/\/www.m2c.eu\/sk\/wp-json\/wp\/v2\/pages\/4603","targetHints":{"allow":["GET"]}}],"collection":[{"href":"https:\/\/www.m2c.eu\/sk\/wp-json\/wp\/v2\/pages"}],"about":[{"href":"https:\/\/www.m2c.eu\/sk\/wp-json\/wp\/v2\/types\/page"}],"author":[{"embeddable":true,"href":"https:\/\/www.m2c.eu\/sk\/wp-json\/wp\/v2\/users\/20"}],"replies":[{"embeddable":true,"href":"https:\/\/www.m2c.eu\/sk\/wp-json\/wp\/v2\/comments?post=4603"}],"version-history":[{"count":4,"href":"https:\/\/www.m2c.eu\/sk\/wp-json\/wp\/v2\/pages\/4603\/revisions"}],"predecessor-version":[{"id":18983,"href":"https:\/\/www.m2c.eu\/sk\/wp-json\/wp\/v2\/pages\/4603\/revisions\/18983"}],"up":[{"embeddable":true,"href":"https:\/\/www.m2c.eu\/sk\/wp-json\/wp\/v2\/pages\/4601"}],"wp:attachment":[{"href":"https:\/\/www.m2c.eu\/sk\/wp-json\/wp\/v2\/media?parent=4603"}],"curies":[{"name":"wp","href":"https:\/\/api.w.org\/{rel}","templated":true}]}}