{"id":4595,"date":"2021-10-10T10:41:29","date_gmt":"2021-10-10T08:41:29","guid":{"rendered":"https:\/\/www.m2c.eu\/?page_id=4595"},"modified":"2025-05-29T14:31:36","modified_gmt":"2025-05-29T12:31:36","slug":"o-nas","status":"publish","type":"page","link":"https:\/\/www.m2c.eu\/sk\/o-nas\/","title":{"rendered":"O n\u00e1s"},"content":{"rendered":"<div class=\"d-none\" style=\"display: none;\">\n<h3>O n\u00e1s<\/h3>\n<h3>0<\/h3>\n<h3>Vzdel\u00e1vanie a sk\u00fa\u0161ky<\/h3>\n<p>V M2C m\u00e1me prepracovan\u00fd syst\u00e9m \u0161kolen\u00ed a vzdel\u00e1vania zamestnancov. Pom\u00e1hame tie\u017e uch\u00e1dza\u010dom o zamestnanie z\u00edska\u0165 plnohodnotn\u00fa kvalifik\u00e1ciu pre lep\u0161ie zamestnanie. Sme dr\u017eite\u013eom licencie na odborn\u00fa pr\u00edpravu a poradenstvo, na\u0161e \u0161koliace stredisko tak umo\u017e\u0148uje z\u00edska\u0165 preukaz odbornej sp\u00f4sobilosti pod\u013ea z\u00e1kona o s\u00fakromnej bezpe\u010dnosti.<\/p>\n<h3>Zauj\u00edma v\u00e1s, ako zn\u00ed\u017ei\u0165 prev\u00e1dzkov\u00e9 n\u00e1klady budovy?<\/h3>\n<\/div>\n<div class=\"d-none\" style=\"display: none;\">\n<h3>O n\u00e1s<\/h3>\n<h3>0<\/h3>\n<h3>Vzdel\u00e1vanie a sk\u00fa\u0161ky<\/h3>\n<p>V M2C m\u00e1me prepracovan\u00fd syst\u00e9m \u0161kolen\u00ed a vzdel\u00e1vania zamestnancov. Pom\u00e1hame tie\u017e uch\u00e1dza\u010dom o zamestnanie z\u00edska\u0165 plnohodnotn\u00fa kvalifik\u00e1ciu pre lep\u0161ie zamestnanie. Sme dr\u017eite\u013eom licencie na odborn\u00fa pr\u00edpravu a poradenstvo, na\u0161e \u0161koliace stredisko tak umo\u017e\u0148uje z\u00edska\u0165 preukaz odbornej sp\u00f4sobilosti pod\u013ea z\u00e1kona o s\u00fakromnej bezpe\u010dnosti.<\/p>\n<h3>Zauj\u00edma v\u00e1s, ako zn\u00ed\u017ei\u0165 prev\u00e1dzkov\u00e9 n\u00e1klady budovy?<\/h3>\n<\/div>\n","protected":false},"excerpt":{"rendered":"<p>O n\u00e1s 0 Vzdel\u00e1vanie a sk\u00fa\u0161ky V M2C m\u00e1me prepracovan\u00fd syst\u00e9m \u0161kolen\u00ed a vzdel\u00e1vania zamestnancov. Pom\u00e1hame tie\u017e uch\u00e1dza\u010dom o zamestnanie z\u00edska\u0165 plnohodnotn\u00fa kvalifik\u00e1ciu pre lep\u0161ie zamestnanie. Sme dr\u017eite\u013eom licencie na odborn\u00fa pr\u00edpravu a poradenstvo, na\u0161e \u0161koliace stredisko tak umo\u017e\u0148uje z\u00edska\u0165 preukaz odbornej sp\u00f4sobilosti pod\u013ea z\u00e1kona o s\u00fakromnej bezpe\u010dnosti. Zauj\u00edma v\u00e1s, ako zn\u00ed\u017ei\u0165 prev\u00e1dzkov\u00e9 n\u00e1klady budovy?&#8230;<\/p>\n","protected":false},"author":20,"featured_media":0,"parent":0,"menu_order":0,"comment_status":"closed","ping_status":"closed","template":"pages\/page-blocks.php","meta":{"_monsterinsights_skip_tracking":false,"_monsterinsights_sitenote_active":false,"_monsterinsights_sitenote_note":"","_monsterinsights_sitenote_category":0,"footnotes":""},"class_list":["post-4595","page","type-page","status-publish","hentry"],"yoast_head":"<!-- This site is optimized with the Yoast SEO plugin v27.3 - https:\/\/yoast.com\/product\/yoast-seo-wordpress\/ -->\n<title>O n\u00e1s | M2C<\/title>\n<meta name=\"description\" content=\"M2C \u2013 spo\u013eahliv\u00fd partner v oblasti spr\u00e1vy budov. Zozn\u00e1mte sa s na\u0161imi hodnotami, v\u00edziou a t\u00edmom odborn\u00edkov.\" \/>\n<meta name=\"robots\" content=\"index, follow, max-snippet:-1, max-image-preview:large, max-video-preview:-1\" \/>\n<link rel=\"canonical\" href=\"https:\/\/www.m2c.eu\/sk\/o-nas\/\" \/>\n<meta property=\"og:locale\" content=\"sk_SK\" \/>\n<meta property=\"og:type\" content=\"article\" \/>\n<meta property=\"og:title\" content=\"O n\u00e1s | M2C\" \/>\n<meta property=\"og:description\" content=\"M2C \u2013 spo\u013eahliv\u00fd partner v oblasti spr\u00e1vy budov. Zozn\u00e1mte sa s na\u0161imi hodnotami, v\u00edziou a t\u00edmom odborn\u00edkov.\" \/>\n<meta property=\"og:url\" content=\"https:\/\/www.m2c.eu\/sk\/o-nas\/\" \/>\n<meta property=\"og:site_name\" content=\"M2C\" \/>\n<meta property=\"article:modified_time\" content=\"2025-05-29T12:31:36+00:00\" \/>\n<meta property=\"og:image\" content=\"https:\/\/www.m2c.eu\/wp-content\/uploads\/2021\/09\/M2C_OG.jpg\" \/>\n\t<meta property=\"og:image:width\" content=\"1200\" \/>\n\t<meta property=\"og:image:height\" content=\"630\" \/>\n\t<meta property=\"og:image:type\" content=\"image\/jpeg\" \/>\n<meta name=\"twitter:card\" content=\"summary_large_image\" \/>\n<meta name=\"twitter:label1\" content=\"Predpokladan\u00fd \u010das \u010d\u00edtania\" \/>\n\t<meta name=\"twitter:data1\" content=\"1 min\u00fata\" \/>\n<!-- \/ Yoast SEO plugin. -->","yoast_head_json":{"title":"O n\u00e1s | M2C","description":"M2C \u2013 spo\u013eahliv\u00fd partner v oblasti spr\u00e1vy budov. Zozn\u00e1mte sa s na\u0161imi hodnotami, v\u00edziou a t\u00edmom odborn\u00edkov.","robots":{"index":"index","follow":"follow","max-snippet":"max-snippet:-1","max-image-preview":"max-image-preview:large","max-video-preview":"max-video-preview:-1"},"canonical":"https:\/\/www.m2c.eu\/sk\/o-nas\/","og_locale":"sk_SK","og_type":"article","og_title":"O n\u00e1s | M2C","og_description":"M2C \u2013 spo\u013eahliv\u00fd partner v oblasti spr\u00e1vy budov. Zozn\u00e1mte sa s na\u0161imi hodnotami, v\u00edziou a t\u00edmom odborn\u00edkov.","og_url":"https:\/\/www.m2c.eu\/sk\/o-nas\/","og_site_name":"M2C","article_modified_time":"2025-05-29T12:31:36+00:00","og_image":[{"width":1200,"height":630,"url":"https:\/\/www.m2c.eu\/wp-content\/uploads\/2021\/09\/M2C_OG.jpg","type":"image\/jpeg"}],"twitter_card":"summary_large_image","twitter_misc":{"Predpokladan\u00fd \u010das \u010d\u00edtania":"1 min\u00fata"},"schema":{"@context":"https:\/\/schema.org","@graph":[{"@type":"WebPage","@id":"https:\/\/www.m2c.eu\/sk\/o-nas\/","url":"https:\/\/www.m2c.eu\/sk\/o-nas\/","name":"O n\u00e1s | M2C","isPartOf":{"@id":"https:\/\/www.m2c.eu\/#website"},"datePublished":"2021-10-10T08:41:29+00:00","dateModified":"2025-05-29T12:31:36+00:00","description":"M2C \u2013 spo\u013eahliv\u00fd partner v oblasti spr\u00e1vy budov. Zozn\u00e1mte sa s na\u0161imi hodnotami, v\u00edziou a t\u00edmom odborn\u00edkov.","breadcrumb":{"@id":"https:\/\/www.m2c.eu\/sk\/o-nas\/#breadcrumb"},"inLanguage":"sk-SK","potentialAction":[{"@type":"ReadAction","target":["https:\/\/www.m2c.eu\/sk\/o-nas\/"]}]},{"@type":"BreadcrumbList","@id":"https:\/\/www.m2c.eu\/sk\/o-nas\/#breadcrumb","itemListElement":[{"@type":"ListItem","position":1,"name":"\u00davod","item":"https:\/\/www.m2c.eu\/sk\/"},{"@type":"ListItem","position":2,"name":"O n\u00e1s"}]},{"@type":"WebSite","@id":"https:\/\/www.m2c.eu\/#website","url":"https:\/\/www.m2c.eu\/","name":"M2C","description":"Kompleksowa obs\u0142uga obiekt\u00f3w komercyjnych","publisher":{"@id":"https:\/\/www.m2c.eu\/#organization"},"potentialAction":[{"@type":"SearchAction","target":{"@type":"EntryPoint","urlTemplate":"https:\/\/www.m2c.eu\/?s={search_term_string}"},"query-input":{"@type":"PropertyValueSpecification","valueRequired":true,"valueName":"search_term_string"}}],"inLanguage":"sk-SK"},{"@type":"Organization","@id":"https:\/\/www.m2c.eu\/#organization","name":"M2C","url":"https:\/\/www.m2c.eu\/","logo":{"@type":"ImageObject","inLanguage":"sk-SK","@id":"https:\/\/www.m2c.eu\/#\/schema\/logo\/image\/","url":"https:\/\/www.m2c.eu\/wp-content\/uploads\/2021\/08\/logo-m2c.svg","contentUrl":"https:\/\/www.m2c.eu\/wp-content\/uploads\/2021\/08\/logo-m2c.svg","width":141,"height":40,"caption":"M2C"},"image":{"@id":"https:\/\/www.m2c.eu\/#\/schema\/logo\/image\/"}}]}},"_links":{"self":[{"href":"https:\/\/www.m2c.eu\/sk\/wp-json\/wp\/v2\/pages\/4595","targetHints":{"allow":["GET"]}}],"collection":[{"href":"https:\/\/www.m2c.eu\/sk\/wp-json\/wp\/v2\/pages"}],"about":[{"href":"https:\/\/www.m2c.eu\/sk\/wp-json\/wp\/v2\/types\/page"}],"author":[{"embeddable":true,"href":"https:\/\/www.m2c.eu\/sk\/wp-json\/wp\/v2\/users\/20"}],"replies":[{"embeddable":true,"href":"https:\/\/www.m2c.eu\/sk\/wp-json\/wp\/v2\/comments?post=4595"}],"version-history":[{"count":4,"href":"https:\/\/www.m2c.eu\/sk\/wp-json\/wp\/v2\/pages\/4595\/revisions"}],"predecessor-version":[{"id":16989,"href":"https:\/\/www.m2c.eu\/sk\/wp-json\/wp\/v2\/pages\/4595\/revisions\/16989"}],"wp:attachment":[{"href":"https:\/\/www.m2c.eu\/sk\/wp-json\/wp\/v2\/media?parent=4595"}],"curies":[{"name":"wp","href":"https:\/\/api.w.org\/{rel}","templated":true}]}}