{"id":439,"date":"2021-09-22T05:09:11","date_gmt":"2021-09-22T03:09:11","guid":{"rendered":"https:\/\/www.m2c.eu\/?page_id=439"},"modified":"2024-09-11T10:31:52","modified_gmt":"2024-09-11T08:31:52","slug":"general","status":"publish","type":"page","link":"https:\/\/www.m2c.eu\/sk\/general\/","title":{"rendered":"General"},"content":{"rendered":"<div class=\"d-none\" style=\"display: none;\">\n<h3>Zjednodu\u0161ujeme cestu k property managementu<\/h3>\n<h3>M2C je va\u0161im partnerom v **komplexnej spr\u00e1ve** nehnute\u013enost\u00ed<\/h3>\n<h3>Bezpe\u010dnos\u0165<\/h3>\n<h3>\u00dadr\u017eba<\/h3>\n<h3>Upratovacie slu\u017eby<\/h3>\n<h3>\u00dadr\u017eba zelene<\/h3>\n<h3>Energetika<\/h3>\n<h3>SMARTech **inteligentn\u00e9 technol\u00f3gie spr\u00e1vy budov**<\/h3>\n<h3>Zauj\u00edma v\u00e1s, ako zn\u00ed\u017ei\u0165 prev\u00e1dzkov\u00e9 n\u00e1klady budovy?<\/h3>\n<h3>Pre\u010do s nami?<\/h3>\n<h3>&lt;p&gt;H\u013ead\u00e1te **PR\u00c1CU** v oblasti bezpe\u010dnosti a \u00fadr\u017eby? Mo\u017eno ste to pr\u00e1ve Vy, koho h\u013ead\u00e1me!&lt;\/p&gt;<\/h3>\n<h3>O n\u00e1s<\/h3>\n<\/div>\n<div class=\"d-none\" style=\"display: none;\">\n<h3>Zjednodu\u0161ujeme cestu k property managementu<\/h3>\n<h3>M2C je va\u0161im partnerom v **komplexnej spr\u00e1ve** nehnute\u013enost\u00ed<\/h3>\n<h3>Bezpe\u010dnos\u0165<\/h3>\n<h3>\u00dadr\u017eba<\/h3>\n<h3>Upratovacie slu\u017eby<\/h3>\n<h3>\u00dadr\u017eba zelene<\/h3>\n<h3>Energetika<\/h3>\n<h3>SMARTech **inteligentn\u00e9 technol\u00f3gie spr\u00e1vy budov**<\/h3>\n<h3>Zauj\u00edma v\u00e1s, ako zn\u00ed\u017ei\u0165 prev\u00e1dzkov\u00e9 n\u00e1klady budovy?<\/h3>\n<h3>Pre\u010do s nami?<\/h3>\n<h3>&lt;p&gt;H\u013ead\u00e1te **PR\u00c1CU** v oblasti bezpe\u010dnosti a \u00fadr\u017eby? Mo\u017eno ste to pr\u00e1ve Vy, koho h\u013ead\u00e1me!&lt;\/p&gt;<\/h3>\n<h3>O n\u00e1s<\/h3>\n<\/div>\n","protected":false},"excerpt":{"rendered":"<p>Zjednodu\u0161ujeme cestu k property managementu M2C je va\u0161im partnerom v **komplexnej spr\u00e1ve** nehnute\u013enost\u00ed Bezpe\u010dnos\u0165 \u00dadr\u017eba Upratovacie slu\u017eby \u00dadr\u017eba zelene Energetika SMARTech **inteligentn\u00e9 technol\u00f3gie spr\u00e1vy budov** Zauj\u00edma v\u00e1s, ako zn\u00ed\u017ei\u0165 prev\u00e1dzkov\u00e9 n\u00e1klady budovy? Pre\u010do s nami? &lt;p&gt;H\u013ead\u00e1te **PR\u00c1CU** v oblasti bezpe\u010dnosti a \u00fadr\u017eby? Mo\u017eno ste to pr\u00e1ve Vy, koho h\u013ead\u00e1me!&lt;\/p&gt; O n\u00e1s Zjednodu\u0161ujeme cestu k property&#8230;<\/p>\n","protected":false},"author":20,"featured_media":0,"parent":0,"menu_order":0,"comment_status":"closed","ping_status":"closed","template":"pages\/page-blocks.php","meta":{"_monsterinsights_skip_tracking":false,"_monsterinsights_sitenote_active":false,"_monsterinsights_sitenote_note":"","_monsterinsights_sitenote_category":0,"footnotes":""},"class_list":["post-439","page","type-page","status-publish","hentry"],"yoast_head":"<!-- This site is optimized with the Yoast SEO plugin v27.5 - https:\/\/yoast.com\/product\/yoast-seo-wordpress\/ -->\n<title>General | M2C<\/title>\n<meta name=\"robots\" content=\"index, follow, max-snippet:-1, max-image-preview:large, max-video-preview:-1\" \/>\n<link rel=\"canonical\" href=\"https:\/\/www.m2c.eu\/sk\/general\/\" \/>\n<meta property=\"og:locale\" content=\"sk_SK\" \/>\n<meta property=\"og:type\" content=\"article\" \/>\n<meta property=\"og:title\" content=\"General | M2C\" \/>\n<meta property=\"og:description\" content=\"Zjednodu\u0161ujeme cestu k property managementu M2C je va\u0161im partnerom v **komplexnej spr\u00e1ve** nehnute\u013enost\u00ed Bezpe\u010dnos\u0165 \u00dadr\u017eba Upratovacie slu\u017eby \u00dadr\u017eba zelene Energetika SMARTech **inteligentn\u00e9 technol\u00f3gie spr\u00e1vy budov** Zauj\u00edma v\u00e1s, ako zn\u00ed\u017ei\u0165 prev\u00e1dzkov\u00e9 n\u00e1klady budovy? Pre\u010do s nami? &lt;p&gt;H\u013ead\u00e1te **PR\u00c1CU** v oblasti bezpe\u010dnosti a \u00fadr\u017eby? Mo\u017eno ste to pr\u00e1ve Vy, koho h\u013ead\u00e1me!&lt;\/p&gt; O n\u00e1s Zjednodu\u0161ujeme cestu k property...\" \/>\n<meta property=\"og:url\" content=\"https:\/\/www.m2c.eu\/sk\/general\/\" \/>\n<meta property=\"og:site_name\" content=\"M2C\" \/>\n<meta property=\"article:modified_time\" content=\"2024-09-11T08:31:52+00:00\" \/>\n<meta property=\"og:image\" content=\"https:\/\/www.m2c.eu\/wp-content\/uploads\/2021\/09\/M2C_OG.jpg\" \/>\n\t<meta property=\"og:image:width\" content=\"1200\" \/>\n\t<meta property=\"og:image:height\" content=\"630\" \/>\n\t<meta property=\"og:image:type\" content=\"image\/jpeg\" \/>\n<meta name=\"twitter:card\" content=\"summary_large_image\" \/>\n<meta name=\"twitter:label1\" content=\"Predpokladan\u00fd \u010das \u010d\u00edtania\" \/>\n\t<meta name=\"twitter:data1\" content=\"1 min\u00fata\" \/>\n<!-- \/ Yoast SEO plugin. -->","yoast_head_json":{"title":"General | M2C","robots":{"index":"index","follow":"follow","max-snippet":"max-snippet:-1","max-image-preview":"max-image-preview:large","max-video-preview":"max-video-preview:-1"},"canonical":"https:\/\/www.m2c.eu\/sk\/general\/","og_locale":"sk_SK","og_type":"article","og_title":"General | M2C","og_description":"Zjednodu\u0161ujeme cestu k property managementu M2C je va\u0161im partnerom v **komplexnej spr\u00e1ve** nehnute\u013enost\u00ed Bezpe\u010dnos\u0165 \u00dadr\u017eba Upratovacie slu\u017eby \u00dadr\u017eba zelene Energetika SMARTech **inteligentn\u00e9 technol\u00f3gie spr\u00e1vy budov** Zauj\u00edma v\u00e1s, ako zn\u00ed\u017ei\u0165 prev\u00e1dzkov\u00e9 n\u00e1klady budovy? Pre\u010do s nami? &lt;p&gt;H\u013ead\u00e1te **PR\u00c1CU** v oblasti bezpe\u010dnosti a \u00fadr\u017eby? Mo\u017eno ste to pr\u00e1ve Vy, koho h\u013ead\u00e1me!&lt;\/p&gt; O n\u00e1s Zjednodu\u0161ujeme cestu k property...","og_url":"https:\/\/www.m2c.eu\/sk\/general\/","og_site_name":"M2C","article_modified_time":"2024-09-11T08:31:52+00:00","og_image":[{"width":1200,"height":630,"url":"https:\/\/www.m2c.eu\/wp-content\/uploads\/2021\/09\/M2C_OG.jpg","type":"image\/jpeg"}],"twitter_card":"summary_large_image","twitter_misc":{"Predpokladan\u00fd \u010das \u010d\u00edtania":"1 min\u00fata"},"schema":{"@context":"https:\/\/schema.org","@graph":[{"@type":"WebPage","@id":"https:\/\/www.m2c.eu\/sk\/general\/","url":"https:\/\/www.m2c.eu\/sk\/general\/","name":"General | M2C","isPartOf":{"@id":"https:\/\/www.m2c.eu\/#website"},"datePublished":"2021-09-22T03:09:11+00:00","dateModified":"2024-09-11T08:31:52+00:00","breadcrumb":{"@id":"https:\/\/www.m2c.eu\/sk\/general\/#breadcrumb"},"inLanguage":"sk-SK","potentialAction":[{"@type":"ReadAction","target":["https:\/\/www.m2c.eu\/sk\/general\/"]}]},{"@type":"BreadcrumbList","@id":"https:\/\/www.m2c.eu\/sk\/general\/#breadcrumb","itemListElement":[{"@type":"ListItem","position":1,"name":"\u00davod","item":"https:\/\/www.m2c.eu\/sk\/"},{"@type":"ListItem","position":2,"name":"General"}]},{"@type":"WebSite","@id":"https:\/\/www.m2c.eu\/#website","url":"https:\/\/www.m2c.eu\/","name":"M2C","description":"Kompleksowa obs\u0142uga obiekt\u00f3w komercyjnych","publisher":{"@id":"https:\/\/www.m2c.eu\/#organization"},"potentialAction":[{"@type":"SearchAction","target":{"@type":"EntryPoint","urlTemplate":"https:\/\/www.m2c.eu\/?s={search_term_string}"},"query-input":{"@type":"PropertyValueSpecification","valueRequired":true,"valueName":"search_term_string"}}],"inLanguage":"sk-SK"},{"@type":"Organization","@id":"https:\/\/www.m2c.eu\/#organization","name":"M2C","url":"https:\/\/www.m2c.eu\/","logo":{"@type":"ImageObject","inLanguage":"sk-SK","@id":"https:\/\/www.m2c.eu\/#\/schema\/logo\/image\/","url":"https:\/\/www.m2c.eu\/wp-content\/uploads\/2021\/08\/logo-m2c.svg","contentUrl":"https:\/\/www.m2c.eu\/wp-content\/uploads\/2021\/08\/logo-m2c.svg","width":141,"height":40,"caption":"M2C"},"image":{"@id":"https:\/\/www.m2c.eu\/#\/schema\/logo\/image\/"}}]}},"_links":{"self":[{"href":"https:\/\/www.m2c.eu\/sk\/wp-json\/wp\/v2\/pages\/439","targetHints":{"allow":["GET"]}}],"collection":[{"href":"https:\/\/www.m2c.eu\/sk\/wp-json\/wp\/v2\/pages"}],"about":[{"href":"https:\/\/www.m2c.eu\/sk\/wp-json\/wp\/v2\/types\/page"}],"author":[{"embeddable":true,"href":"https:\/\/www.m2c.eu\/sk\/wp-json\/wp\/v2\/users\/20"}],"replies":[{"embeddable":true,"href":"https:\/\/www.m2c.eu\/sk\/wp-json\/wp\/v2\/comments?post=439"}],"version-history":[{"count":3,"href":"https:\/\/www.m2c.eu\/sk\/wp-json\/wp\/v2\/pages\/439\/revisions"}],"predecessor-version":[{"id":15406,"href":"https:\/\/www.m2c.eu\/sk\/wp-json\/wp\/v2\/pages\/439\/revisions\/15406"}],"wp:attachment":[{"href":"https:\/\/www.m2c.eu\/sk\/wp-json\/wp\/v2\/media?parent=439"}],"curies":[{"name":"wp","href":"https:\/\/api.w.org\/{rel}","templated":true}]}}