{"id":17422,"date":"2025-03-31T17:22:30","date_gmt":"2025-03-31T15:22:30","guid":{"rendered":"https:\/\/www.m2c.eu\/homepage-new\/"},"modified":"2025-05-30T16:12:07","modified_gmt":"2025-05-30T14:12:07","slug":"homepage-new","status":"publish","type":"page","link":"https:\/\/www.m2c.eu\/sk\/","title":{"rendered":"M2C \u2013 Spr\u00e1va budov, bezpe\u010dnos\u0165 a digit\u00e1lne inov\u00e1cie"},"content":{"rendered":"","protected":false},"excerpt":{"rendered":"","protected":false},"author":22,"featured_media":0,"parent":0,"menu_order":0,"comment_status":"closed","ping_status":"closed","template":"pages\/page-blocks.php","meta":{"_monsterinsights_skip_tracking":false,"_monsterinsights_sitenote_active":false,"_monsterinsights_sitenote_note":"","_monsterinsights_sitenote_category":0,"footnotes":""},"class_list":["post-17422","page","type-page","status-publish","hentry"],"yoast_head":"<!-- This site is optimized with the Yoast SEO plugin v27.3 - https:\/\/yoast.com\/product\/yoast-seo-wordpress\/ -->\n<title>M2C \u2013 Spr\u00e1va budov, bezpe\u010dnos\u0165 a digit\u00e1lne inov\u00e1cie | M2C<\/title>\n<meta name=\"description\" content=\"M2C je l\u00eddrom v oblasti spr\u00e1vy budov, bezpe\u010dnostn\u00fdch slu\u017eieb a technologick\u00fdch rie\u0161en\u00ed pre firmy a obchodn\u00e9 centr\u00e1.\" \/>\n<meta name=\"robots\" content=\"index, follow, max-snippet:-1, max-image-preview:large, max-video-preview:-1\" \/>\n<link rel=\"canonical\" href=\"https:\/\/www.m2c.eu\/sk\/\" \/>\n<meta property=\"og:locale\" content=\"sk_SK\" \/>\n<meta property=\"og:type\" content=\"article\" \/>\n<meta property=\"og:title\" content=\"M2C \u2013 Spr\u00e1va budov, bezpe\u010dnos\u0165 a digit\u00e1lne inov\u00e1cie | M2C\" \/>\n<meta property=\"og:description\" content=\"M2C je l\u00eddrom v oblasti spr\u00e1vy budov, bezpe\u010dnostn\u00fdch slu\u017eieb a technologick\u00fdch rie\u0161en\u00ed pre firmy a obchodn\u00e9 centr\u00e1.\" \/>\n<meta property=\"og:url\" content=\"https:\/\/www.m2c.eu\/sk\/\" \/>\n<meta property=\"og:site_name\" content=\"M2C\" \/>\n<meta property=\"article:modified_time\" content=\"2025-05-30T14:12:07+00:00\" \/>\n<meta property=\"og:image\" content=\"https:\/\/www.m2c.eu\/wp-content\/uploads\/2021\/09\/M2C_OG.jpg\" \/>\n\t<meta property=\"og:image:width\" content=\"1200\" \/>\n\t<meta property=\"og:image:height\" content=\"630\" \/>\n\t<meta property=\"og:image:type\" content=\"image\/jpeg\" \/>\n<meta name=\"twitter:card\" content=\"summary_large_image\" \/>\n<!-- \/ Yoast SEO plugin. -->","yoast_head_json":{"title":"M2C \u2013 Spr\u00e1va budov, bezpe\u010dnos\u0165 a digit\u00e1lne inov\u00e1cie | M2C","description":"M2C je l\u00eddrom v oblasti spr\u00e1vy budov, bezpe\u010dnostn\u00fdch slu\u017eieb a technologick\u00fdch rie\u0161en\u00ed pre firmy a obchodn\u00e9 centr\u00e1.","robots":{"index":"index","follow":"follow","max-snippet":"max-snippet:-1","max-image-preview":"max-image-preview:large","max-video-preview":"max-video-preview:-1"},"canonical":"https:\/\/www.m2c.eu\/sk\/","og_locale":"sk_SK","og_type":"article","og_title":"M2C \u2013 Spr\u00e1va budov, bezpe\u010dnos\u0165 a digit\u00e1lne inov\u00e1cie | M2C","og_description":"M2C je l\u00eddrom v oblasti spr\u00e1vy budov, bezpe\u010dnostn\u00fdch slu\u017eieb a technologick\u00fdch rie\u0161en\u00ed pre firmy a obchodn\u00e9 centr\u00e1.","og_url":"https:\/\/www.m2c.eu\/sk\/","og_site_name":"M2C","article_modified_time":"2025-05-30T14:12:07+00:00","og_image":[{"width":1200,"height":630,"url":"https:\/\/www.m2c.eu\/wp-content\/uploads\/2021\/09\/M2C_OG.jpg","type":"image\/jpeg"}],"twitter_card":"summary_large_image","schema":{"@context":"https:\/\/schema.org","@graph":[{"@type":"WebPage","@id":"https:\/\/www.m2c.eu\/sk\/","url":"https:\/\/www.m2c.eu\/sk\/","name":"M2C \u2013 Spr\u00e1va budov, bezpe\u010dnos\u0165 a digit\u00e1lne inov\u00e1cie | M2C","isPartOf":{"@id":"https:\/\/www.m2c.eu\/#website"},"datePublished":"2025-03-31T15:22:30+00:00","dateModified":"2025-05-30T14:12:07+00:00","description":"M2C je l\u00eddrom v oblasti spr\u00e1vy budov, bezpe\u010dnostn\u00fdch slu\u017eieb a technologick\u00fdch rie\u0161en\u00ed pre firmy a obchodn\u00e9 centr\u00e1.","breadcrumb":{"@id":"https:\/\/www.m2c.eu\/sk\/#breadcrumb"},"inLanguage":"sk-SK","potentialAction":[{"@type":"ReadAction","target":["https:\/\/www.m2c.eu\/sk\/"]}]},{"@type":"BreadcrumbList","@id":"https:\/\/www.m2c.eu\/sk\/#breadcrumb","itemListElement":[{"@type":"ListItem","position":1,"name":"\u00davod","item":"https:\/\/www.m2c.eu\/sk\/"},{"@type":"ListItem","position":2,"name":"M2C \u2013 Spr\u00e1va budov, bezpe\u010dnos\u0165 a digit\u00e1lne inov\u00e1cie"}]},{"@type":"WebSite","@id":"https:\/\/www.m2c.eu\/#website","url":"https:\/\/www.m2c.eu\/","name":"M2C","description":"Kompleksowa obs\u0142uga obiekt\u00f3w komercyjnych","publisher":{"@id":"https:\/\/www.m2c.eu\/#organization"},"potentialAction":[{"@type":"SearchAction","target":{"@type":"EntryPoint","urlTemplate":"https:\/\/www.m2c.eu\/?s={search_term_string}"},"query-input":{"@type":"PropertyValueSpecification","valueRequired":true,"valueName":"search_term_string"}}],"inLanguage":"sk-SK"},{"@type":"Organization","@id":"https:\/\/www.m2c.eu\/#organization","name":"M2C","url":"https:\/\/www.m2c.eu\/","logo":{"@type":"ImageObject","inLanguage":"sk-SK","@id":"https:\/\/www.m2c.eu\/#\/schema\/logo\/image\/","url":"https:\/\/www.m2c.eu\/wp-content\/uploads\/2021\/08\/logo-m2c.svg","contentUrl":"https:\/\/www.m2c.eu\/wp-content\/uploads\/2021\/08\/logo-m2c.svg","width":141,"height":40,"caption":"M2C"},"image":{"@id":"https:\/\/www.m2c.eu\/#\/schema\/logo\/image\/"}}]}},"_links":{"self":[{"href":"https:\/\/www.m2c.eu\/sk\/wp-json\/wp\/v2\/pages\/17422","targetHints":{"allow":["GET"]}}],"collection":[{"href":"https:\/\/www.m2c.eu\/sk\/wp-json\/wp\/v2\/pages"}],"about":[{"href":"https:\/\/www.m2c.eu\/sk\/wp-json\/wp\/v2\/types\/page"}],"author":[{"embeddable":true,"href":"https:\/\/www.m2c.eu\/sk\/wp-json\/wp\/v2\/users\/22"}],"replies":[{"embeddable":true,"href":"https:\/\/www.m2c.eu\/sk\/wp-json\/wp\/v2\/comments?post=17422"}],"version-history":[{"count":3,"href":"https:\/\/www.m2c.eu\/sk\/wp-json\/wp\/v2\/pages\/17422\/revisions"}],"predecessor-version":[{"id":19002,"href":"https:\/\/www.m2c.eu\/sk\/wp-json\/wp\/v2\/pages\/17422\/revisions\/19002"}],"wp:attachment":[{"href":"https:\/\/www.m2c.eu\/sk\/wp-json\/wp\/v2\/media?parent=17422"}],"curies":[{"name":"wp","href":"https:\/\/api.w.org\/{rel}","templated":true}]}}