{"id":15226,"date":"2024-07-19T07:50:09","date_gmt":"2024-07-19T05:50:09","guid":{"rendered":"https:\/\/www.m2c.eu\/sluzby\/rizeni-a-realizace-staveb\/"},"modified":"2025-12-02T13:45:20","modified_gmt":"2025-12-02T12:45:20","slug":"riadenie-stavieb","status":"publish","type":"page","link":"https:\/\/www.m2c.eu\/sk\/sluzby\/riadenie-stavieb\/","title":{"rendered":"Riadenie stavieb"},"content":{"rendered":"","protected":false},"excerpt":{"rendered":"","protected":false},"author":20,"featured_media":0,"parent":4601,"menu_order":0,"comment_status":"closed","ping_status":"closed","template":"pages\/page-blocks.php","meta":{"_monsterinsights_skip_tracking":false,"_monsterinsights_sitenote_active":false,"_monsterinsights_sitenote_note":"","_monsterinsights_sitenote_category":0,"footnotes":""},"class_list":["post-15226","page","type-page","status-publish","hentry"],"yoast_head":"<!-- This site is optimized with the Yoast SEO plugin v27.5 - https:\/\/yoast.com\/product\/yoast-seo-wordpress\/ -->\n<title>Riadenie stavieb | M2C<\/title>\n<meta name=\"description\" content=\"Poskytujeme komplexn\u00fa realiz\u00e1ciu stavieb \u2013 rekon\u0161trukcie, v\u00fdstavbu, fit-outy a technick\u00fd dozor so zameran\u00edm na kvalitu a term\u00edny.\" \/>\n<meta name=\"robots\" content=\"index, follow, max-snippet:-1, max-image-preview:large, max-video-preview:-1\" \/>\n<link rel=\"canonical\" href=\"https:\/\/www.m2c.eu\/sk\/sluzby\/riadenie-stavieb\/\" \/>\n<meta property=\"og:locale\" content=\"sk_SK\" \/>\n<meta property=\"og:type\" content=\"article\" \/>\n<meta property=\"og:title\" content=\"Riadenie stavieb | M2C\" \/>\n<meta property=\"og:description\" content=\"Poskytujeme komplexn\u00fa realiz\u00e1ciu stavieb \u2013 rekon\u0161trukcie, v\u00fdstavbu, fit-outy a technick\u00fd dozor so zameran\u00edm na kvalitu a term\u00edny.\" \/>\n<meta property=\"og:url\" content=\"https:\/\/www.m2c.eu\/sk\/sluzby\/riadenie-stavieb\/\" \/>\n<meta property=\"og:site_name\" content=\"M2C\" \/>\n<meta property=\"article:modified_time\" content=\"2025-12-02T12:45:20+00:00\" \/>\n<meta property=\"og:image\" content=\"https:\/\/www.m2c.eu\/wp-content\/uploads\/2021\/09\/M2C_OG.jpg\" \/>\n\t<meta property=\"og:image:width\" content=\"1200\" \/>\n\t<meta property=\"og:image:height\" content=\"630\" \/>\n\t<meta property=\"og:image:type\" content=\"image\/jpeg\" \/>\n<meta name=\"twitter:card\" content=\"summary_large_image\" \/>\n<!-- \/ Yoast SEO plugin. -->","yoast_head_json":{"title":"Riadenie stavieb | M2C","description":"Poskytujeme komplexn\u00fa realiz\u00e1ciu stavieb \u2013 rekon\u0161trukcie, v\u00fdstavbu, fit-outy a technick\u00fd dozor so zameran\u00edm na kvalitu a term\u00edny.","robots":{"index":"index","follow":"follow","max-snippet":"max-snippet:-1","max-image-preview":"max-image-preview:large","max-video-preview":"max-video-preview:-1"},"canonical":"https:\/\/www.m2c.eu\/sk\/sluzby\/riadenie-stavieb\/","og_locale":"sk_SK","og_type":"article","og_title":"Riadenie stavieb | M2C","og_description":"Poskytujeme komplexn\u00fa realiz\u00e1ciu stavieb \u2013 rekon\u0161trukcie, v\u00fdstavbu, fit-outy a technick\u00fd dozor so zameran\u00edm na kvalitu a term\u00edny.","og_url":"https:\/\/www.m2c.eu\/sk\/sluzby\/riadenie-stavieb\/","og_site_name":"M2C","article_modified_time":"2025-12-02T12:45:20+00:00","og_image":[{"width":1200,"height":630,"url":"https:\/\/www.m2c.eu\/wp-content\/uploads\/2021\/09\/M2C_OG.jpg","type":"image\/jpeg"}],"twitter_card":"summary_large_image","schema":{"@context":"https:\/\/schema.org","@graph":[{"@type":"WebPage","@id":"https:\/\/www.m2c.eu\/sk\/sluzby\/riadenie-stavieb\/","url":"https:\/\/www.m2c.eu\/sk\/sluzby\/riadenie-stavieb\/","name":"Riadenie stavieb | M2C","isPartOf":{"@id":"https:\/\/www.m2c.eu\/#website"},"datePublished":"2024-07-19T05:50:09+00:00","dateModified":"2025-12-02T12:45:20+00:00","description":"Poskytujeme komplexn\u00fa realiz\u00e1ciu stavieb \u2013 rekon\u0161trukcie, v\u00fdstavbu, fit-outy a technick\u00fd dozor so zameran\u00edm na kvalitu a term\u00edny.","breadcrumb":{"@id":"https:\/\/www.m2c.eu\/sk\/sluzby\/riadenie-stavieb\/#breadcrumb"},"inLanguage":"sk-SK","potentialAction":[{"@type":"ReadAction","target":["https:\/\/www.m2c.eu\/sk\/sluzby\/riadenie-stavieb\/"]}]},{"@type":"BreadcrumbList","@id":"https:\/\/www.m2c.eu\/sk\/sluzby\/riadenie-stavieb\/#breadcrumb","itemListElement":[{"@type":"ListItem","position":1,"name":"\u00davod","item":"https:\/\/www.m2c.eu\/sk\/"},{"@type":"ListItem","position":2,"name":"Slu\u017eby","item":"https:\/\/www.m2c.eu\/sk\/sluzby\/"},{"@type":"ListItem","position":3,"name":"Riadenie stavieb"}]},{"@type":"WebSite","@id":"https:\/\/www.m2c.eu\/#website","url":"https:\/\/www.m2c.eu\/","name":"M2C","description":"Kompleksowa obs\u0142uga obiekt\u00f3w komercyjnych","publisher":{"@id":"https:\/\/www.m2c.eu\/#organization"},"potentialAction":[{"@type":"SearchAction","target":{"@type":"EntryPoint","urlTemplate":"https:\/\/www.m2c.eu\/?s={search_term_string}"},"query-input":{"@type":"PropertyValueSpecification","valueRequired":true,"valueName":"search_term_string"}}],"inLanguage":"sk-SK"},{"@type":"Organization","@id":"https:\/\/www.m2c.eu\/#organization","name":"M2C","url":"https:\/\/www.m2c.eu\/","logo":{"@type":"ImageObject","inLanguage":"sk-SK","@id":"https:\/\/www.m2c.eu\/#\/schema\/logo\/image\/","url":"https:\/\/www.m2c.eu\/wp-content\/uploads\/2021\/08\/logo-m2c.svg","contentUrl":"https:\/\/www.m2c.eu\/wp-content\/uploads\/2021\/08\/logo-m2c.svg","width":141,"height":40,"caption":"M2C"},"image":{"@id":"https:\/\/www.m2c.eu\/#\/schema\/logo\/image\/"}}]}},"_links":{"self":[{"href":"https:\/\/www.m2c.eu\/sk\/wp-json\/wp\/v2\/pages\/15226","targetHints":{"allow":["GET"]}}],"collection":[{"href":"https:\/\/www.m2c.eu\/sk\/wp-json\/wp\/v2\/pages"}],"about":[{"href":"https:\/\/www.m2c.eu\/sk\/wp-json\/wp\/v2\/types\/page"}],"author":[{"embeddable":true,"href":"https:\/\/www.m2c.eu\/sk\/wp-json\/wp\/v2\/users\/20"}],"replies":[{"embeddable":true,"href":"https:\/\/www.m2c.eu\/sk\/wp-json\/wp\/v2\/comments?post=15226"}],"version-history":[{"count":3,"href":"https:\/\/www.m2c.eu\/sk\/wp-json\/wp\/v2\/pages\/15226\/revisions"}],"predecessor-version":[{"id":15257,"href":"https:\/\/www.m2c.eu\/sk\/wp-json\/wp\/v2\/pages\/15226\/revisions\/15257"}],"up":[{"embeddable":true,"href":"https:\/\/www.m2c.eu\/sk\/wp-json\/wp\/v2\/pages\/4601"}],"wp:attachment":[{"href":"https:\/\/www.m2c.eu\/sk\/wp-json\/wp\/v2\/media?parent=15226"}],"curies":[{"name":"wp","href":"https:\/\/api.w.org\/{rel}","templated":true}]}}