{"id":5459,"date":"2021-11-03T10:45:33","date_gmt":"2021-11-03T09:45:33","guid":{"rendered":"https:\/\/www.m2c.eu\/?page_id=5459"},"modified":"2025-05-29T14:23:32","modified_gmt":"2025-05-29T12:23:32","slug":"servicii-de-gestionare-a-energiei","status":"publish","type":"page","link":"https:\/\/www.m2c.eu\/ro\/servicii\/servicii-de-gestionare-a-energiei\/","title":{"rendered":"Servicii de gestionare a energiei"},"content":{"rendered":"<div class=\"d-none\" style=\"display: none;\">\n<h3>Energetic\u0103<\/h3>\n<p>C\u0103uta\u021bi o modalitate de a reduce costurile cu energia? Dori\u021bi s\u0103 v\u0103 minimiza\u021bi amprenta de carbon pentru a contribui la un climat mai s\u0103n\u0103tos \u0219i la un viitor durabil? De exemplu, inten\u021biona\u021bi s\u0103 restaura\u021bi instala\u021biile energetice existente \u0219i nu \u0219ti\u021bi cum s\u0103 o face\u021bi? Contacta\u021bi-ne \u0219i v\u0103 vom oferi o solu\u021bie personalizat\u0103, indiferent dac\u0103 v\u0103 oferim un produs individual sau un set de toate serviciile legate de energie.<\/p>\n<p>9446635a:1:{i:0;a:4:{s:40:&#8221;block-intro-description-signpost-icon-id&#8221;;s:0:&#8221;&#8221;;s:38:&#8221;block-intro-description-signpost-title&#8221;;s:0:&#8221;&#8221;;s:41:&#8221;block-intro-description-signpost-subtitle&#8221;;s:0:&#8221;&#8221;;s:36:&#8221;block-intro-description-signpost-url&#8221;;s:0:&#8221;&#8221;;}}<\/p>\n<h3>Managementul energiei<\/h3>\n<h3>Audituri energetice<\/h3>\n<h3>Electromobilitate<\/h3>\n<h3>V\u0103 intereseaz\u0103 cum s\u0103 reduce\u021bi costurile de func\u021bionare ale cl\u0103dirii?<\/h3>\n<h3>Fotovoltaice<\/h3>\n<h3>Reducerea amprentei de carbon<\/h3>\n<h3>Nu ai ales din oferta de servicii?<\/h3>\n<\/div>\n<div class=\"d-none\" style=\"display: none;\">\n<h3>Energetic\u0103<\/h3>\n<p>C\u0103uta\u021bi o modalitate de a reduce costurile cu energia? Dori\u021bi s\u0103 v\u0103 minimiza\u021bi amprenta de carbon pentru a contribui la un climat mai s\u0103n\u0103tos \u0219i la un viitor durabil? De exemplu, inten\u021biona\u021bi s\u0103 restaura\u021bi instala\u021biile energetice existente \u0219i nu \u0219ti\u021bi cum s\u0103 o face\u021bi? Contacta\u021bi-ne \u0219i v\u0103 vom oferi o solu\u021bie personalizat\u0103, indiferent dac\u0103 v\u0103 oferim un produs individual sau un set de toate serviciile legate de energie.<\/p>\n<p>9446635a:1:{i:0;a:4:{s:40:&#8221;block-intro-description-signpost-icon-id&#8221;;s:0:&#8221;&#8221;;s:38:&#8221;block-intro-description-signpost-title&#8221;;s:0:&#8221;&#8221;;s:41:&#8221;block-intro-description-signpost-subtitle&#8221;;s:0:&#8221;&#8221;;s:36:&#8221;block-intro-description-signpost-url&#8221;;s:0:&#8221;&#8221;;}}<\/p>\n<h3>Managementul energiei<\/h3>\n<h3>Audituri energetice<\/h3>\n<h3>Electromobilitate<\/h3>\n<h3>V\u0103 intereseaz\u0103 cum s\u0103 reduce\u021bi costurile de func\u021bionare ale cl\u0103dirii?<\/h3>\n<h3>Fotovoltaice<\/h3>\n<h3>Reducerea amprentei de carbon<\/h3>\n<h3>Nu ai ales din oferta de servicii?<\/h3>\n<\/div>\n","protected":false},"excerpt":{"rendered":"<p>Energetic\u0103 C\u0103uta\u021bi o modalitate de a reduce costurile cu energia? Dori\u021bi s\u0103 v\u0103 minimiza\u021bi amprenta de carbon pentru a contribui la un climat mai s\u0103n\u0103tos \u0219i la un viitor durabil? De exemplu, inten\u021biona\u021bi s\u0103 restaura\u021bi instala\u021biile energetice existente \u0219i nu \u0219ti\u021bi cum s\u0103 o face\u021bi? Contacta\u021bi-ne \u0219i v\u0103 vom oferi o solu\u021bie personalizat\u0103, indiferent dac\u0103&#8230;<\/p>\n","protected":false},"author":20,"featured_media":0,"parent":5071,"menu_order":0,"comment_status":"closed","ping_status":"closed","template":"pages\/page-blocks.php","meta":{"_monsterinsights_skip_tracking":false,"_monsterinsights_sitenote_active":false,"_monsterinsights_sitenote_note":"","_monsterinsights_sitenote_category":0,"footnotes":""},"class_list":["post-5459","page","type-page","status-publish","hentry"],"yoast_head":"<!-- This site is optimized with the Yoast SEO plugin v27.3 - https:\/\/yoast.com\/product\/yoast-seo-wordpress\/ -->\n<title>Servicii de gestionare a energiei | M2C<\/title>\n<meta name=\"description\" content=\"Oferim management energetic, monitorizarea consumului \u0219i solu\u021bii de eficientizare \u00een conformitate cu standardele ESG.\" \/>\n<meta name=\"robots\" content=\"index, follow, max-snippet:-1, max-image-preview:large, max-video-preview:-1\" \/>\n<link rel=\"canonical\" href=\"https:\/\/www.m2c.eu\/ro\/servicii\/servicii-de-gestionare-a-energiei\/\" \/>\n<meta property=\"og:locale\" content=\"ro_RO\" \/>\n<meta property=\"og:type\" content=\"article\" \/>\n<meta property=\"og:title\" content=\"Servicii de gestionare a energiei | M2C\" \/>\n<meta property=\"og:description\" content=\"Oferim management energetic, monitorizarea consumului \u0219i solu\u021bii de eficientizare \u00een conformitate cu standardele ESG.\" \/>\n<meta property=\"og:url\" content=\"https:\/\/www.m2c.eu\/ro\/servicii\/servicii-de-gestionare-a-energiei\/\" \/>\n<meta property=\"og:site_name\" content=\"M2C\" \/>\n<meta property=\"article:modified_time\" content=\"2025-05-29T12:23:32+00:00\" \/>\n<meta property=\"og:image\" content=\"https:\/\/www.m2c.eu\/wp-content\/uploads\/2021\/09\/M2C_OG.jpg\" \/>\n\t<meta property=\"og:image:width\" content=\"1200\" \/>\n\t<meta property=\"og:image:height\" content=\"630\" \/>\n\t<meta property=\"og:image:type\" content=\"image\/jpeg\" \/>\n<meta name=\"twitter:card\" content=\"summary_large_image\" \/>\n<meta name=\"twitter:label1\" content=\"Timp estimat pentru citire\" \/>\n\t<meta name=\"twitter:data1\" content=\"2 minute\" \/>\n<!-- \/ Yoast SEO plugin. -->","yoast_head_json":{"title":"Servicii de gestionare a energiei | M2C","description":"Oferim management energetic, monitorizarea consumului \u0219i solu\u021bii de eficientizare \u00een conformitate cu standardele ESG.","robots":{"index":"index","follow":"follow","max-snippet":"max-snippet:-1","max-image-preview":"max-image-preview:large","max-video-preview":"max-video-preview:-1"},"canonical":"https:\/\/www.m2c.eu\/ro\/servicii\/servicii-de-gestionare-a-energiei\/","og_locale":"ro_RO","og_type":"article","og_title":"Servicii de gestionare a energiei | M2C","og_description":"Oferim management energetic, monitorizarea consumului \u0219i solu\u021bii de eficientizare \u00een conformitate cu standardele ESG.","og_url":"https:\/\/www.m2c.eu\/ro\/servicii\/servicii-de-gestionare-a-energiei\/","og_site_name":"M2C","article_modified_time":"2025-05-29T12:23:32+00:00","og_image":[{"width":1200,"height":630,"url":"https:\/\/www.m2c.eu\/wp-content\/uploads\/2021\/09\/M2C_OG.jpg","type":"image\/jpeg"}],"twitter_card":"summary_large_image","twitter_misc":{"Timp estimat pentru citire":"2 minute"},"schema":{"@context":"https:\/\/schema.org","@graph":[{"@type":"WebPage","@id":"https:\/\/www.m2c.eu\/ro\/servicii\/servicii-de-gestionare-a-energiei\/","url":"https:\/\/www.m2c.eu\/ro\/servicii\/servicii-de-gestionare-a-energiei\/","name":"Servicii de gestionare a energiei | M2C","isPartOf":{"@id":"https:\/\/www.m2c.eu\/#website"},"datePublished":"2021-11-03T09:45:33+00:00","dateModified":"2025-05-29T12:23:32+00:00","description":"Oferim management energetic, monitorizarea consumului \u0219i solu\u021bii de eficientizare \u00een conformitate cu standardele ESG.","breadcrumb":{"@id":"https:\/\/www.m2c.eu\/ro\/servicii\/servicii-de-gestionare-a-energiei\/#breadcrumb"},"inLanguage":"ro-RO","potentialAction":[{"@type":"ReadAction","target":["https:\/\/www.m2c.eu\/ro\/servicii\/servicii-de-gestionare-a-energiei\/"]}]},{"@type":"BreadcrumbList","@id":"https:\/\/www.m2c.eu\/ro\/servicii\/servicii-de-gestionare-a-energiei\/#breadcrumb","itemListElement":[{"@type":"ListItem","position":1,"name":"\u00davod","item":"https:\/\/www.m2c.eu\/ro\/"},{"@type":"ListItem","position":2,"name":"Servicii","item":"https:\/\/www.m2c.eu\/ro\/servicii\/"},{"@type":"ListItem","position":3,"name":"Servicii de gestionare a energiei"}]},{"@type":"WebSite","@id":"https:\/\/www.m2c.eu\/#website","url":"https:\/\/www.m2c.eu\/","name":"M2C","description":"Kompleksowa obs\u0142uga obiekt\u00f3w komercyjnych","publisher":{"@id":"https:\/\/www.m2c.eu\/#organization"},"potentialAction":[{"@type":"SearchAction","target":{"@type":"EntryPoint","urlTemplate":"https:\/\/www.m2c.eu\/?s={search_term_string}"},"query-input":{"@type":"PropertyValueSpecification","valueRequired":true,"valueName":"search_term_string"}}],"inLanguage":"ro-RO"},{"@type":"Organization","@id":"https:\/\/www.m2c.eu\/#organization","name":"M2C","url":"https:\/\/www.m2c.eu\/","logo":{"@type":"ImageObject","inLanguage":"ro-RO","@id":"https:\/\/www.m2c.eu\/#\/schema\/logo\/image\/","url":"https:\/\/www.m2c.eu\/wp-content\/uploads\/2021\/08\/logo-m2c.svg","contentUrl":"https:\/\/www.m2c.eu\/wp-content\/uploads\/2021\/08\/logo-m2c.svg","width":141,"height":40,"caption":"M2C"},"image":{"@id":"https:\/\/www.m2c.eu\/#\/schema\/logo\/image\/"}}]}},"_links":{"self":[{"href":"https:\/\/www.m2c.eu\/ro\/wp-json\/wp\/v2\/pages\/5459","targetHints":{"allow":["GET"]}}],"collection":[{"href":"https:\/\/www.m2c.eu\/ro\/wp-json\/wp\/v2\/pages"}],"about":[{"href":"https:\/\/www.m2c.eu\/ro\/wp-json\/wp\/v2\/types\/page"}],"author":[{"embeddable":true,"href":"https:\/\/www.m2c.eu\/ro\/wp-json\/wp\/v2\/users\/20"}],"replies":[{"embeddable":true,"href":"https:\/\/www.m2c.eu\/ro\/wp-json\/wp\/v2\/comments?post=5459"}],"version-history":[{"count":3,"href":"https:\/\/www.m2c.eu\/ro\/wp-json\/wp\/v2\/pages\/5459\/revisions"}],"predecessor-version":[{"id":16905,"href":"https:\/\/www.m2c.eu\/ro\/wp-json\/wp\/v2\/pages\/5459\/revisions\/16905"}],"up":[{"embeddable":true,"href":"https:\/\/www.m2c.eu\/ro\/wp-json\/wp\/v2\/pages\/5071"}],"wp:attachment":[{"href":"https:\/\/www.m2c.eu\/ro\/wp-json\/wp\/v2\/media?parent=5459"}],"curies":[{"name":"wp","href":"https:\/\/api.w.org\/{rel}","templated":true}]}}