{"id":5452,"date":"2021-11-03T10:44:34","date_gmt":"2021-11-03T09:44:34","guid":{"rendered":"https:\/\/www.m2c.eu\/?page_id=5452"},"modified":"2025-02-17T21:15:39","modified_gmt":"2025-02-17T20:15:39","slug":"intretinerea-spatiilor-verzi","status":"publish","type":"page","link":"https:\/\/www.m2c.eu\/ro\/servicii\/intretinerea-spatiilor-verzi\/","title":{"rendered":"\u00centre\u021binerea spa\u021biilor verzi"},"content":{"rendered":"<div class=\"d-none\" style=\"display: none;\">\n<h3>\u00centre\u021binerea verdelor<\/h3>\n<p>Dori\u021bi s\u0103 ad\u0103uga\u021bi pu\u021bin\u0103 verdea\u021b\u0103 la sediul dvs.? Exper\u021bii no\u0219tri v\u0103 vor oferi un serviciu complet de verdea\u021b\u0103 \u00een aer liber \u0219i \u00een interior. V\u0103 vom sf\u0103tui s\u0103 alege\u021bi un tip de verdea\u021b\u0103 adecvat \u0219i vom implementa proiectul exact \u00een func\u021bie de ideile dumneavoastr\u0103. De asemenea, oferim \u00eengrijire regulat\u0103 pentru verdea\u021b\u0103, inclusiv tunderea, fertilizarea \u0219i plivirea.<\/p>\n<p>11306693a:1:{i:0;a:4:{s:40:&#8221;block-intro-description-signpost-icon-id&#8221;;s:0:&#8221;&#8221;;s:38:&#8221;block-intro-description-signpost-title&#8221;;s:0:&#8221;&#8221;;s:41:&#8221;block-intro-description-signpost-subtitle&#8221;;s:0:&#8221;&#8221;;s:36:&#8221;block-intro-description-signpost-url&#8221;;s:0:&#8221;&#8221;;}}<\/p>\n<h3>\u00centre\u021binerea vegeta\u021biei interioare<\/h3>\n<h3>\u00centre\u021binerea verdea\u021bei \u00een aer liber<\/h3>\n<h3>Plantarea de gr\u0103dini<\/h3>\n<h3>V\u0103 intereseaz\u0103 cum s\u0103 reduce\u021bi costurile de func\u021bionare ale cl\u0103dirii?<\/h3>\n<h3>Gr\u0103dini pe acoperi\u0219<\/h3>\n<h3>Gr\u0103dini verticale<\/h3>\n<h3>Nu ai ales din oferta de servicii?<\/h3>\n<\/div>\n<div class=\"d-none\" style=\"display: none;\">\n<h3>\u00centre\u021binerea verdelor<\/h3>\n<p>Dori\u021bi s\u0103 ad\u0103uga\u021bi pu\u021bin\u0103 verdea\u021b\u0103 la sediul dvs.? Exper\u021bii no\u0219tri v\u0103 vor oferi un serviciu complet de verdea\u021b\u0103 \u00een aer liber \u0219i \u00een interior. V\u0103 vom sf\u0103tui s\u0103 alege\u021bi un tip de verdea\u021b\u0103 adecvat \u0219i vom implementa proiectul exact \u00een func\u021bie de ideile dumneavoastr\u0103. De asemenea, oferim \u00eengrijire regulat\u0103 pentru verdea\u021b\u0103, inclusiv tunderea, fertilizarea \u0219i plivirea.<\/p>\n<p>11306693a:1:{i:0;a:4:{s:40:&#8221;block-intro-description-signpost-icon-id&#8221;;s:0:&#8221;&#8221;;s:38:&#8221;block-intro-description-signpost-title&#8221;;s:0:&#8221;&#8221;;s:41:&#8221;block-intro-description-signpost-subtitle&#8221;;s:0:&#8221;&#8221;;s:36:&#8221;block-intro-description-signpost-url&#8221;;s:0:&#8221;&#8221;;}}<\/p>\n<h3>\u00centre\u021binerea vegeta\u021biei interioare<\/h3>\n<h3>\u00centre\u021binerea verdea\u021bei \u00een aer liber<\/h3>\n<h3>Plantarea de gr\u0103dini<\/h3>\n<h3>V\u0103 intereseaz\u0103 cum s\u0103 reduce\u021bi costurile de func\u021bionare ale cl\u0103dirii?<\/h3>\n<h3>Gr\u0103dini pe acoperi\u0219<\/h3>\n<h3>Gr\u0103dini verticale<\/h3>\n<h3>Nu ai ales din oferta de servicii?<\/h3>\n<\/div>\n","protected":false},"excerpt":{"rendered":"<p>\u00centre\u021binerea verdelor Dori\u021bi s\u0103 ad\u0103uga\u021bi pu\u021bin\u0103 verdea\u021b\u0103 la sediul dvs.? Exper\u021bii no\u0219tri v\u0103 vor oferi un serviciu complet de verdea\u021b\u0103 \u00een aer liber \u0219i \u00een interior. V\u0103 vom sf\u0103tui s\u0103 alege\u021bi un tip de verdea\u021b\u0103 adecvat \u0219i vom implementa proiectul exact \u00een func\u021bie de ideile dumneavoastr\u0103. De asemenea, oferim \u00eengrijire regulat\u0103 pentru verdea\u021b\u0103, inclusiv tunderea,&#8230;<\/p>\n","protected":false},"author":20,"featured_media":0,"parent":5071,"menu_order":0,"comment_status":"closed","ping_status":"closed","template":"pages\/page-blocks.php","meta":{"_monsterinsights_skip_tracking":false,"_monsterinsights_sitenote_active":false,"_monsterinsights_sitenote_note":"","_monsterinsights_sitenote_category":0,"footnotes":""},"class_list":["post-5452","page","type-page","status-publish","hentry"],"yoast_head":"<!-- This site is optimized with the Yoast SEO plugin v27.3 - https:\/\/yoast.com\/product\/yoast-seo-wordpress\/ -->\n<title>\u00centre\u021binerea spa\u021biilor verzi | M2C<\/title>\n<meta name=\"robots\" content=\"index, follow, max-snippet:-1, max-image-preview:large, max-video-preview:-1\" \/>\n<link rel=\"canonical\" href=\"https:\/\/www.m2c.eu\/ro\/servicii\/intretinerea-spatiilor-verzi\/\" \/>\n<meta property=\"og:locale\" content=\"ro_RO\" \/>\n<meta property=\"og:type\" content=\"article\" \/>\n<meta property=\"og:title\" content=\"\u00centre\u021binerea spa\u021biilor verzi | M2C\" \/>\n<meta property=\"og:description\" content=\"\u00centre\u021binerea verdelor Dori\u021bi s\u0103 ad\u0103uga\u021bi pu\u021bin\u0103 verdea\u021b\u0103 la sediul dvs.? Exper\u021bii no\u0219tri v\u0103 vor oferi un serviciu complet de verdea\u021b\u0103 \u00een aer liber \u0219i \u00een interior. V\u0103 vom sf\u0103tui s\u0103 alege\u021bi un tip de verdea\u021b\u0103 adecvat \u0219i vom implementa proiectul exact \u00een func\u021bie de ideile dumneavoastr\u0103. De asemenea, oferim \u00eengrijire regulat\u0103 pentru verdea\u021b\u0103, inclusiv tunderea,...\" \/>\n<meta property=\"og:url\" content=\"https:\/\/www.m2c.eu\/ro\/servicii\/intretinerea-spatiilor-verzi\/\" \/>\n<meta property=\"og:site_name\" content=\"M2C\" \/>\n<meta property=\"article:modified_time\" content=\"2025-02-17T20:15:39+00:00\" \/>\n<meta property=\"og:image\" content=\"https:\/\/www.m2c.eu\/wp-content\/uploads\/2021\/09\/M2C_OG.jpg\" \/>\n\t<meta property=\"og:image:width\" content=\"1200\" \/>\n\t<meta property=\"og:image:height\" content=\"630\" \/>\n\t<meta property=\"og:image:type\" content=\"image\/jpeg\" \/>\n<meta name=\"twitter:card\" content=\"summary_large_image\" \/>\n<meta name=\"twitter:label1\" content=\"Timp estimat pentru citire\" \/>\n\t<meta name=\"twitter:data1\" content=\"2 minute\" \/>\n<!-- \/ Yoast SEO plugin. -->","yoast_head_json":{"title":"\u00centre\u021binerea spa\u021biilor verzi | M2C","robots":{"index":"index","follow":"follow","max-snippet":"max-snippet:-1","max-image-preview":"max-image-preview:large","max-video-preview":"max-video-preview:-1"},"canonical":"https:\/\/www.m2c.eu\/ro\/servicii\/intretinerea-spatiilor-verzi\/","og_locale":"ro_RO","og_type":"article","og_title":"\u00centre\u021binerea spa\u021biilor verzi | M2C","og_description":"\u00centre\u021binerea verdelor Dori\u021bi s\u0103 ad\u0103uga\u021bi pu\u021bin\u0103 verdea\u021b\u0103 la sediul dvs.? Exper\u021bii no\u0219tri v\u0103 vor oferi un serviciu complet de verdea\u021b\u0103 \u00een aer liber \u0219i \u00een interior. V\u0103 vom sf\u0103tui s\u0103 alege\u021bi un tip de verdea\u021b\u0103 adecvat \u0219i vom implementa proiectul exact \u00een func\u021bie de ideile dumneavoastr\u0103. De asemenea, oferim \u00eengrijire regulat\u0103 pentru verdea\u021b\u0103, inclusiv tunderea,...","og_url":"https:\/\/www.m2c.eu\/ro\/servicii\/intretinerea-spatiilor-verzi\/","og_site_name":"M2C","article_modified_time":"2025-02-17T20:15:39+00:00","og_image":[{"width":1200,"height":630,"url":"https:\/\/www.m2c.eu\/wp-content\/uploads\/2021\/09\/M2C_OG.jpg","type":"image\/jpeg"}],"twitter_card":"summary_large_image","twitter_misc":{"Timp estimat pentru citire":"2 minute"},"schema":{"@context":"https:\/\/schema.org","@graph":[{"@type":"WebPage","@id":"https:\/\/www.m2c.eu\/ro\/servicii\/intretinerea-spatiilor-verzi\/","url":"https:\/\/www.m2c.eu\/ro\/servicii\/intretinerea-spatiilor-verzi\/","name":"\u00centre\u021binerea spa\u021biilor verzi | M2C","isPartOf":{"@id":"https:\/\/www.m2c.eu\/#website"},"datePublished":"2021-11-03T09:44:34+00:00","dateModified":"2025-02-17T20:15:39+00:00","breadcrumb":{"@id":"https:\/\/www.m2c.eu\/ro\/servicii\/intretinerea-spatiilor-verzi\/#breadcrumb"},"inLanguage":"ro-RO","potentialAction":[{"@type":"ReadAction","target":["https:\/\/www.m2c.eu\/ro\/servicii\/intretinerea-spatiilor-verzi\/"]}]},{"@type":"BreadcrumbList","@id":"https:\/\/www.m2c.eu\/ro\/servicii\/intretinerea-spatiilor-verzi\/#breadcrumb","itemListElement":[{"@type":"ListItem","position":1,"name":"\u00davod","item":"https:\/\/www.m2c.eu\/ro\/"},{"@type":"ListItem","position":2,"name":"Servicii","item":"https:\/\/www.m2c.eu\/ro\/servicii\/"},{"@type":"ListItem","position":3,"name":"\u00centre\u021binerea spa\u021biilor verzi"}]},{"@type":"WebSite","@id":"https:\/\/www.m2c.eu\/#website","url":"https:\/\/www.m2c.eu\/","name":"M2C","description":"Kompleksowa obs\u0142uga obiekt\u00f3w komercyjnych","publisher":{"@id":"https:\/\/www.m2c.eu\/#organization"},"potentialAction":[{"@type":"SearchAction","target":{"@type":"EntryPoint","urlTemplate":"https:\/\/www.m2c.eu\/?s={search_term_string}"},"query-input":{"@type":"PropertyValueSpecification","valueRequired":true,"valueName":"search_term_string"}}],"inLanguage":"ro-RO"},{"@type":"Organization","@id":"https:\/\/www.m2c.eu\/#organization","name":"M2C","url":"https:\/\/www.m2c.eu\/","logo":{"@type":"ImageObject","inLanguage":"ro-RO","@id":"https:\/\/www.m2c.eu\/#\/schema\/logo\/image\/","url":"https:\/\/www.m2c.eu\/wp-content\/uploads\/2021\/08\/logo-m2c.svg","contentUrl":"https:\/\/www.m2c.eu\/wp-content\/uploads\/2021\/08\/logo-m2c.svg","width":141,"height":40,"caption":"M2C"},"image":{"@id":"https:\/\/www.m2c.eu\/#\/schema\/logo\/image\/"}}]}},"_links":{"self":[{"href":"https:\/\/www.m2c.eu\/ro\/wp-json\/wp\/v2\/pages\/5452","targetHints":{"allow":["GET"]}}],"collection":[{"href":"https:\/\/www.m2c.eu\/ro\/wp-json\/wp\/v2\/pages"}],"about":[{"href":"https:\/\/www.m2c.eu\/ro\/wp-json\/wp\/v2\/types\/page"}],"author":[{"embeddable":true,"href":"https:\/\/www.m2c.eu\/ro\/wp-json\/wp\/v2\/users\/20"}],"replies":[{"embeddable":true,"href":"https:\/\/www.m2c.eu\/ro\/wp-json\/wp\/v2\/comments?post=5452"}],"version-history":[{"count":4,"href":"https:\/\/www.m2c.eu\/ro\/wp-json\/wp\/v2\/pages\/5452\/revisions"}],"predecessor-version":[{"id":16904,"href":"https:\/\/www.m2c.eu\/ro\/wp-json\/wp\/v2\/pages\/5452\/revisions\/16904"}],"up":[{"embeddable":true,"href":"https:\/\/www.m2c.eu\/ro\/wp-json\/wp\/v2\/pages\/5071"}],"wp:attachment":[{"href":"https:\/\/www.m2c.eu\/ro\/wp-json\/wp\/v2\/media?parent=5452"}],"curies":[{"name":"wp","href":"https:\/\/api.w.org\/{rel}","templated":true}]}}