{"id":5448,"date":"2021-11-03T10:43:35","date_gmt":"2021-11-03T09:43:35","guid":{"rendered":"https:\/\/www.m2c.eu\/?page_id=5448"},"modified":"2025-05-29T14:18:43","modified_gmt":"2025-05-29T12:18:43","slug":"administratie-publica","status":"publish","type":"page","link":"https:\/\/www.m2c.eu\/ro\/servicii\/administratie-publica\/","title":{"rendered":"Administra\u021bie public\u0103"},"content":{"rendered":"<div class=\"d-none\" style=\"display: none;\">\n<h3>Administra\u021bie public\u0103<\/h3>\n<p>Oferim sectorului public o \u00eengrijire cuprinz\u0103toare pentru func\u021bionarea f\u0103r\u0103 probleme a obiectului. Credem c\u0103 cea mai bun\u0103 solu\u021bie se bazeaz\u0103 pe combina\u021bia corect\u0103 de tehnologii moderne \u0219i angaja\u021bi de \u00eencredere. Datorit\u0103 acestui fapt, suntem capabili s\u0103 asigur\u0103m buna func\u021bionare a cl\u0103dirii \u0219i s\u0103 reducem costurile de func\u021bionare ale institu\u021biilor publice.<\/p>\n<p>6107223a:1:{i:0;a:4:{s:40:&#8221;block-intro-description-signpost-icon-id&#8221;;s:0:&#8221;&#8221;;s:38:&#8221;block-intro-description-signpost-title&#8221;;s:0:&#8221;&#8221;;s:41:&#8221;block-intro-description-signpost-subtitle&#8221;;s:0:&#8221;&#8221;;s:36:&#8221;block-intro-description-signpost-url&#8221;;s:0:&#8221;&#8221;;}}<\/p>\n<h3>SMARTech **Tehnologii inteligente de gestionare a cl\u0103dirilor**<\/h3>\n<h3>Managementul cl\u0103dirilor<\/h3>\n<h3>Securitate<\/h3>\n<h3>Nu ai ales din oferta de servicii?<\/h3>\n<\/div>\n<div class=\"d-none\" style=\"display: none;\">\n<h3>Administra\u021bie public\u0103<\/h3>\n<p>Oferim sectorului public o \u00eengrijire cuprinz\u0103toare pentru func\u021bionarea f\u0103r\u0103 probleme a obiectului. Credem c\u0103 cea mai bun\u0103 solu\u021bie se bazeaz\u0103 pe combina\u021bia corect\u0103 de tehnologii moderne \u0219i angaja\u021bi de \u00eencredere. Datorit\u0103 acestui fapt, suntem capabili s\u0103 asigur\u0103m buna func\u021bionare a cl\u0103dirii \u0219i s\u0103 reducem costurile de func\u021bionare ale institu\u021biilor publice.<\/p>\n<p>6107223a:1:{i:0;a:4:{s:40:&#8221;block-intro-description-signpost-icon-id&#8221;;s:0:&#8221;&#8221;;s:38:&#8221;block-intro-description-signpost-title&#8221;;s:0:&#8221;&#8221;;s:41:&#8221;block-intro-description-signpost-subtitle&#8221;;s:0:&#8221;&#8221;;s:36:&#8221;block-intro-description-signpost-url&#8221;;s:0:&#8221;&#8221;;}}<\/p>\n<h3>SMARTech **Tehnologii inteligente de gestionare a cl\u0103dirilor**<\/h3>\n<h3>Managementul cl\u0103dirilor<\/h3>\n<h3>Securitate<\/h3>\n<h3>Nu ai ales din oferta de servicii?<\/h3>\n<\/div>\n","protected":false},"excerpt":{"rendered":"<p>Administra\u021bie public\u0103 Oferim sectorului public o \u00eengrijire cuprinz\u0103toare pentru func\u021bionarea f\u0103r\u0103 probleme a obiectului. Credem c\u0103 cea mai bun\u0103 solu\u021bie se bazeaz\u0103 pe combina\u021bia corect\u0103 de tehnologii moderne \u0219i angaja\u021bi de \u00eencredere. Datorit\u0103 acestui fapt, suntem capabili s\u0103 asigur\u0103m buna func\u021bionare a cl\u0103dirii \u0219i s\u0103 reducem costurile de func\u021bionare ale institu\u021biilor publice. 6107223a:1:{i:0;a:4:{s:40:&#8221;block-intro-description-signpost-icon-id&#8221;;s:0:&#8221;&#8221;;s:38:&#8221;block-intro-description-signpost-title&#8221;;s:0:&#8221;&#8221;;s:41:&#8221;block-intro-description-signpost-subtitle&#8221;;s:0:&#8221;&#8221;;s:36:&#8221;block-intro-description-signpost-url&#8221;;s:0:&#8221;&#8221;;}} SMARTech **Tehnologii&#8230;<\/p>\n","protected":false},"author":20,"featured_media":0,"parent":5071,"menu_order":0,"comment_status":"closed","ping_status":"closed","template":"pages\/page-blocks.php","meta":{"_monsterinsights_skip_tracking":false,"_monsterinsights_sitenote_active":false,"_monsterinsights_sitenote_note":"","_monsterinsights_sitenote_category":0,"footnotes":""},"class_list":["post-5448","page","type-page","status-publish","hentry"],"yoast_head":"<!-- This site is optimized with the Yoast SEO plugin v27.3 - https:\/\/yoast.com\/product\/yoast-seo-wordpress\/ -->\n<title>Administra\u021bie public\u0103 | M2C<\/title>\n<meta name=\"description\" content=\"Furniz\u0103m solu\u021bii complete pentru sectorul public \u2013 securitate, administrarea cl\u0103dirilor \u0219i sprijin pentru infrastructura urban\u0103.\" \/>\n<meta name=\"robots\" content=\"index, follow, max-snippet:-1, max-image-preview:large, max-video-preview:-1\" \/>\n<link rel=\"canonical\" href=\"https:\/\/www.m2c.eu\/ro\/servicii\/administratie-publica\/\" \/>\n<meta property=\"og:locale\" content=\"ro_RO\" \/>\n<meta property=\"og:type\" content=\"article\" \/>\n<meta property=\"og:title\" content=\"Administra\u021bie public\u0103 | M2C\" \/>\n<meta property=\"og:description\" content=\"Furniz\u0103m solu\u021bii complete pentru sectorul public \u2013 securitate, administrarea cl\u0103dirilor \u0219i sprijin pentru infrastructura urban\u0103.\" \/>\n<meta property=\"og:url\" content=\"https:\/\/www.m2c.eu\/ro\/servicii\/administratie-publica\/\" \/>\n<meta property=\"og:site_name\" content=\"M2C\" \/>\n<meta property=\"article:modified_time\" content=\"2025-05-29T12:18:43+00:00\" \/>\n<meta property=\"og:image\" content=\"https:\/\/www.m2c.eu\/wp-content\/uploads\/2021\/09\/M2C_OG.jpg\" \/>\n\t<meta property=\"og:image:width\" content=\"1200\" \/>\n\t<meta property=\"og:image:height\" content=\"630\" \/>\n\t<meta property=\"og:image:type\" content=\"image\/jpeg\" \/>\n<meta name=\"twitter:card\" content=\"summary_large_image\" \/>\n<meta name=\"twitter:label1\" content=\"Timp estimat pentru citire\" \/>\n\t<meta name=\"twitter:data1\" content=\"1 minut\" \/>\n<!-- \/ Yoast SEO plugin. -->","yoast_head_json":{"title":"Administra\u021bie public\u0103 | M2C","description":"Furniz\u0103m solu\u021bii complete pentru sectorul public \u2013 securitate, administrarea cl\u0103dirilor \u0219i sprijin pentru infrastructura urban\u0103.","robots":{"index":"index","follow":"follow","max-snippet":"max-snippet:-1","max-image-preview":"max-image-preview:large","max-video-preview":"max-video-preview:-1"},"canonical":"https:\/\/www.m2c.eu\/ro\/servicii\/administratie-publica\/","og_locale":"ro_RO","og_type":"article","og_title":"Administra\u021bie public\u0103 | M2C","og_description":"Furniz\u0103m solu\u021bii complete pentru sectorul public \u2013 securitate, administrarea cl\u0103dirilor \u0219i sprijin pentru infrastructura urban\u0103.","og_url":"https:\/\/www.m2c.eu\/ro\/servicii\/administratie-publica\/","og_site_name":"M2C","article_modified_time":"2025-05-29T12:18:43+00:00","og_image":[{"width":1200,"height":630,"url":"https:\/\/www.m2c.eu\/wp-content\/uploads\/2021\/09\/M2C_OG.jpg","type":"image\/jpeg"}],"twitter_card":"summary_large_image","twitter_misc":{"Timp estimat pentru citire":"1 minut"},"schema":{"@context":"https:\/\/schema.org","@graph":[{"@type":"WebPage","@id":"https:\/\/www.m2c.eu\/ro\/servicii\/administratie-publica\/","url":"https:\/\/www.m2c.eu\/ro\/servicii\/administratie-publica\/","name":"Administra\u021bie public\u0103 | M2C","isPartOf":{"@id":"https:\/\/www.m2c.eu\/#website"},"datePublished":"2021-11-03T09:43:35+00:00","dateModified":"2025-05-29T12:18:43+00:00","description":"Furniz\u0103m solu\u021bii complete pentru sectorul public \u2013 securitate, administrarea cl\u0103dirilor \u0219i sprijin pentru infrastructura urban\u0103.","breadcrumb":{"@id":"https:\/\/www.m2c.eu\/ro\/servicii\/administratie-publica\/#breadcrumb"},"inLanguage":"ro-RO","potentialAction":[{"@type":"ReadAction","target":["https:\/\/www.m2c.eu\/ro\/servicii\/administratie-publica\/"]}]},{"@type":"BreadcrumbList","@id":"https:\/\/www.m2c.eu\/ro\/servicii\/administratie-publica\/#breadcrumb","itemListElement":[{"@type":"ListItem","position":1,"name":"\u00davod","item":"https:\/\/www.m2c.eu\/ro\/"},{"@type":"ListItem","position":2,"name":"Servicii","item":"https:\/\/www.m2c.eu\/ro\/servicii\/"},{"@type":"ListItem","position":3,"name":"Administra\u021bie public\u0103"}]},{"@type":"WebSite","@id":"https:\/\/www.m2c.eu\/#website","url":"https:\/\/www.m2c.eu\/","name":"M2C","description":"Kompleksowa obs\u0142uga obiekt\u00f3w komercyjnych","publisher":{"@id":"https:\/\/www.m2c.eu\/#organization"},"potentialAction":[{"@type":"SearchAction","target":{"@type":"EntryPoint","urlTemplate":"https:\/\/www.m2c.eu\/?s={search_term_string}"},"query-input":{"@type":"PropertyValueSpecification","valueRequired":true,"valueName":"search_term_string"}}],"inLanguage":"ro-RO"},{"@type":"Organization","@id":"https:\/\/www.m2c.eu\/#organization","name":"M2C","url":"https:\/\/www.m2c.eu\/","logo":{"@type":"ImageObject","inLanguage":"ro-RO","@id":"https:\/\/www.m2c.eu\/#\/schema\/logo\/image\/","url":"https:\/\/www.m2c.eu\/wp-content\/uploads\/2021\/08\/logo-m2c.svg","contentUrl":"https:\/\/www.m2c.eu\/wp-content\/uploads\/2021\/08\/logo-m2c.svg","width":141,"height":40,"caption":"M2C"},"image":{"@id":"https:\/\/www.m2c.eu\/#\/schema\/logo\/image\/"}}]}},"_links":{"self":[{"href":"https:\/\/www.m2c.eu\/ro\/wp-json\/wp\/v2\/pages\/5448","targetHints":{"allow":["GET"]}}],"collection":[{"href":"https:\/\/www.m2c.eu\/ro\/wp-json\/wp\/v2\/pages"}],"about":[{"href":"https:\/\/www.m2c.eu\/ro\/wp-json\/wp\/v2\/types\/page"}],"author":[{"embeddable":true,"href":"https:\/\/www.m2c.eu\/ro\/wp-json\/wp\/v2\/users\/20"}],"replies":[{"embeddable":true,"href":"https:\/\/www.m2c.eu\/ro\/wp-json\/wp\/v2\/comments?post=5448"}],"version-history":[{"count":3,"href":"https:\/\/www.m2c.eu\/ro\/wp-json\/wp\/v2\/pages\/5448\/revisions"}],"predecessor-version":[{"id":18990,"href":"https:\/\/www.m2c.eu\/ro\/wp-json\/wp\/v2\/pages\/5448\/revisions\/18990"}],"up":[{"embeddable":true,"href":"https:\/\/www.m2c.eu\/ro\/wp-json\/wp\/v2\/pages\/5071"}],"wp:attachment":[{"href":"https:\/\/www.m2c.eu\/ro\/wp-json\/wp\/v2\/media?parent=5448"}],"curies":[{"name":"wp","href":"https:\/\/api.w.org\/{rel}","templated":true}]}}