{"id":5425,"date":"2021-11-03T05:46:36","date_gmt":"2021-11-03T04:46:36","guid":{"rendered":"https:\/\/www.m2c.eu\/?page_id=5425"},"modified":"2025-05-29T14:32:59","modified_gmt":"2025-05-29T12:32:59","slug":"despre-noi","status":"publish","type":"page","link":"https:\/\/www.m2c.eu\/ro\/despre-noi\/","title":{"rendered":"Despre noi"},"content":{"rendered":"<div class=\"d-none\" style=\"display: none;\">\n<h3>Despre noi<\/h3>\n<h3>0<\/h3>\n<h3>Educa\u021bie \u0219i examene<\/h3>\n<p>\u00cen M2C, avem un sistem elaborat de instruire \u0219i educare a angaja\u021bilor. De asemenea, \u00eei ajut\u0103m pe cei care caut\u0103 un loc de munc\u0103 s\u0103 ob\u021bin\u0103 o calificare deplin\u0103 pentru un loc de munc\u0103 mai bun. Examin\u0103rile calific\u0103rilor profesionale fac posibil\u0103 ob\u021binerea unui certificat care nu este valabil doar pentru o perioad\u0103 nedeterminat\u0103, dar este recunoscut \u0219i \u00een toat\u0103 Republica Ceh\u0103. Organiz\u0103m examenele pentru publicul larg.<\/p>\n<h3>V\u0103 intereseaz\u0103 cum s\u0103 reduce\u021bi costurile de func\u021bionare ale cl\u0103dirii?<\/h3>\n<\/div>\n<div class=\"d-none\" style=\"display: none;\">\n<h3>Despre noi<\/h3>\n<h3>0<\/h3>\n<h3>Educa\u021bie \u0219i examene<\/h3>\n<p>\u00cen M2C, avem un sistem elaborat de instruire \u0219i educare a angaja\u021bilor. De asemenea, \u00eei ajut\u0103m pe cei care caut\u0103 un loc de munc\u0103 s\u0103 ob\u021bin\u0103 o calificare deplin\u0103 pentru un loc de munc\u0103 mai bun. Examin\u0103rile calific\u0103rilor profesionale fac posibil\u0103 ob\u021binerea unui certificat care nu este valabil doar pentru o perioad\u0103 nedeterminat\u0103, dar este recunoscut \u0219i \u00een toat\u0103 Republica Ceh\u0103. Organiz\u0103m examenele pentru publicul larg.<\/p>\n<h3>V\u0103 intereseaz\u0103 cum s\u0103 reduce\u021bi costurile de func\u021bionare ale cl\u0103dirii?<\/h3>\n<\/div>\n","protected":false},"excerpt":{"rendered":"<p>Despre noi 0 Educa\u021bie \u0219i examene \u00cen M2C, avem un sistem elaborat de instruire \u0219i educare a angaja\u021bilor. De asemenea, \u00eei ajut\u0103m pe cei care caut\u0103 un loc de munc\u0103 s\u0103 ob\u021bin\u0103 o calificare deplin\u0103 pentru un loc de munc\u0103 mai bun. Examin\u0103rile calific\u0103rilor profesionale fac posibil\u0103 ob\u021binerea unui certificat care nu este valabil doar&#8230;<\/p>\n","protected":false},"author":20,"featured_media":0,"parent":0,"menu_order":0,"comment_status":"closed","ping_status":"closed","template":"pages\/page-blocks.php","meta":{"_monsterinsights_skip_tracking":false,"_monsterinsights_sitenote_active":false,"_monsterinsights_sitenote_note":"","_monsterinsights_sitenote_category":0,"footnotes":""},"class_list":["post-5425","page","type-page","status-publish","hentry"],"yoast_head":"<!-- This site is optimized with the Yoast SEO plugin v27.3 - https:\/\/yoast.com\/product\/yoast-seo-wordpress\/ -->\n<title>Despre noi | M2C<\/title>\n<meta name=\"description\" content=\"M2C \u2013 partener de \u00eencredere \u00een FM. Descoper\u0103 valorile, istoria \u0219i echipa care ne definesc succesul pe termen lung.\" \/>\n<meta name=\"robots\" content=\"index, follow, max-snippet:-1, max-image-preview:large, max-video-preview:-1\" \/>\n<link rel=\"canonical\" href=\"https:\/\/www.m2c.eu\/ro\/despre-noi\/\" \/>\n<meta property=\"og:locale\" content=\"ro_RO\" \/>\n<meta property=\"og:type\" content=\"article\" \/>\n<meta property=\"og:title\" content=\"Despre noi | M2C\" \/>\n<meta property=\"og:description\" content=\"M2C \u2013 partener de \u00eencredere \u00een FM. Descoper\u0103 valorile, istoria \u0219i echipa care ne definesc succesul pe termen lung.\" \/>\n<meta property=\"og:url\" content=\"https:\/\/www.m2c.eu\/ro\/despre-noi\/\" \/>\n<meta property=\"og:site_name\" content=\"M2C\" \/>\n<meta property=\"article:modified_time\" content=\"2025-05-29T12:32:59+00:00\" \/>\n<meta property=\"og:image\" content=\"https:\/\/www.m2c.eu\/wp-content\/uploads\/2021\/09\/M2C_OG.jpg\" \/>\n\t<meta property=\"og:image:width\" content=\"1200\" \/>\n\t<meta property=\"og:image:height\" content=\"630\" \/>\n\t<meta property=\"og:image:type\" content=\"image\/jpeg\" \/>\n<meta name=\"twitter:card\" content=\"summary_large_image\" \/>\n<meta name=\"twitter:label1\" content=\"Timp estimat pentru citire\" \/>\n\t<meta name=\"twitter:data1\" content=\"1 minut\" \/>\n<!-- \/ Yoast SEO plugin. -->","yoast_head_json":{"title":"Despre noi | M2C","description":"M2C \u2013 partener de \u00eencredere \u00een FM. Descoper\u0103 valorile, istoria \u0219i echipa care ne definesc succesul pe termen lung.","robots":{"index":"index","follow":"follow","max-snippet":"max-snippet:-1","max-image-preview":"max-image-preview:large","max-video-preview":"max-video-preview:-1"},"canonical":"https:\/\/www.m2c.eu\/ro\/despre-noi\/","og_locale":"ro_RO","og_type":"article","og_title":"Despre noi | M2C","og_description":"M2C \u2013 partener de \u00eencredere \u00een FM. Descoper\u0103 valorile, istoria \u0219i echipa care ne definesc succesul pe termen lung.","og_url":"https:\/\/www.m2c.eu\/ro\/despre-noi\/","og_site_name":"M2C","article_modified_time":"2025-05-29T12:32:59+00:00","og_image":[{"width":1200,"height":630,"url":"https:\/\/www.m2c.eu\/wp-content\/uploads\/2021\/09\/M2C_OG.jpg","type":"image\/jpeg"}],"twitter_card":"summary_large_image","twitter_misc":{"Timp estimat pentru citire":"1 minut"},"schema":{"@context":"https:\/\/schema.org","@graph":[{"@type":"WebPage","@id":"https:\/\/www.m2c.eu\/ro\/despre-noi\/","url":"https:\/\/www.m2c.eu\/ro\/despre-noi\/","name":"Despre noi | M2C","isPartOf":{"@id":"https:\/\/www.m2c.eu\/#website"},"datePublished":"2021-11-03T04:46:36+00:00","dateModified":"2025-05-29T12:32:59+00:00","description":"M2C \u2013 partener de \u00eencredere \u00een FM. Descoper\u0103 valorile, istoria \u0219i echipa care ne definesc succesul pe termen lung.","breadcrumb":{"@id":"https:\/\/www.m2c.eu\/ro\/despre-noi\/#breadcrumb"},"inLanguage":"ro-RO","potentialAction":[{"@type":"ReadAction","target":["https:\/\/www.m2c.eu\/ro\/despre-noi\/"]}]},{"@type":"BreadcrumbList","@id":"https:\/\/www.m2c.eu\/ro\/despre-noi\/#breadcrumb","itemListElement":[{"@type":"ListItem","position":1,"name":"\u00davod","item":"https:\/\/www.m2c.eu\/ro\/"},{"@type":"ListItem","position":2,"name":"Despre noi"}]},{"@type":"WebSite","@id":"https:\/\/www.m2c.eu\/#website","url":"https:\/\/www.m2c.eu\/","name":"M2C","description":"Kompleksowa obs\u0142uga obiekt\u00f3w komercyjnych","publisher":{"@id":"https:\/\/www.m2c.eu\/#organization"},"potentialAction":[{"@type":"SearchAction","target":{"@type":"EntryPoint","urlTemplate":"https:\/\/www.m2c.eu\/?s={search_term_string}"},"query-input":{"@type":"PropertyValueSpecification","valueRequired":true,"valueName":"search_term_string"}}],"inLanguage":"ro-RO"},{"@type":"Organization","@id":"https:\/\/www.m2c.eu\/#organization","name":"M2C","url":"https:\/\/www.m2c.eu\/","logo":{"@type":"ImageObject","inLanguage":"ro-RO","@id":"https:\/\/www.m2c.eu\/#\/schema\/logo\/image\/","url":"https:\/\/www.m2c.eu\/wp-content\/uploads\/2021\/08\/logo-m2c.svg","contentUrl":"https:\/\/www.m2c.eu\/wp-content\/uploads\/2021\/08\/logo-m2c.svg","width":141,"height":40,"caption":"M2C"},"image":{"@id":"https:\/\/www.m2c.eu\/#\/schema\/logo\/image\/"}}]}},"_links":{"self":[{"href":"https:\/\/www.m2c.eu\/ro\/wp-json\/wp\/v2\/pages\/5425","targetHints":{"allow":["GET"]}}],"collection":[{"href":"https:\/\/www.m2c.eu\/ro\/wp-json\/wp\/v2\/pages"}],"about":[{"href":"https:\/\/www.m2c.eu\/ro\/wp-json\/wp\/v2\/types\/page"}],"author":[{"embeddable":true,"href":"https:\/\/www.m2c.eu\/ro\/wp-json\/wp\/v2\/users\/20"}],"replies":[{"embeddable":true,"href":"https:\/\/www.m2c.eu\/ro\/wp-json\/wp\/v2\/comments?post=5425"}],"version-history":[{"count":3,"href":"https:\/\/www.m2c.eu\/ro\/wp-json\/wp\/v2\/pages\/5425\/revisions"}],"predecessor-version":[{"id":17003,"href":"https:\/\/www.m2c.eu\/ro\/wp-json\/wp\/v2\/pages\/5425\/revisions\/17003"}],"wp:attachment":[{"href":"https:\/\/www.m2c.eu\/ro\/wp-json\/wp\/v2\/media?parent=5425"}],"curies":[{"name":"wp","href":"https:\/\/api.w.org\/{rel}","templated":true}]}}