{"id":7176,"date":"2022-01-04T10:26:18","date_gmt":"2022-01-04T09:26:18","guid":{"rendered":"https:\/\/www.m2c.eu\/?page_id=7176"},"modified":"2025-09-03T15:36:11","modified_gmt":"2025-09-03T13:36:11","slug":"informacja-dla-kontrahentow-bedacych-osobami-fizycznymi-prowadzacymi-jednoosobowa-dzialalnosc-gospodarcza-oraz-przedstawicieli-i-pracownikow-kontrahentow-prowadzacych-dzialalnosc-gospodarcza-w-kazd","status":"publish","type":"page","link":"https:\/\/www.m2c.eu\/pl\/informacja-dla-kontrahentow-bedacych-osobami-fizycznymi-prowadzacymi-jednoosobowa-dzialalnosc-gospodarcza-oraz-przedstawicieli-i-pracownikow-kontrahentow-prowadzacych-dzialalnosc-gospodarcza-w-kazd\/","title":{"rendered":"INFORMACJA DLA KONTRAHENT\u00d3W (b\u0119d\u0105cych osobami fizycznymi prowadz\u0105cymi jednoosobow\u0105 dzia\u0142alno\u015b\u0107 gospodarcz\u0105) oraz PRZEDSTAWICIELI i PRACOWNIK\u00d3W KONTRAHENT\u00d3W (prowadz\u0105cych dzia\u0142alno\u015b\u0107 gospodarcz\u0105 w ka\u017cdej formie prawnej) W PRZEDMIOCIE PRZETWARZANIA DANYCH OSOBOWYCH"},"content":{"rendered":"<p>Administratorem danych osobowych jest M2C Facility Solution Polska sp. z. o. o. z siedzib\u0105 w Katowicach (40-602) przy ul. Kolejowej 57, KRS 0000985292, NIP 9542843656, email: biuro.pl@m2c.eu (dalej tak\u017ce \u201eM2C\u201d lub \u201eAdministrator\u201d).<\/p>\n<p><strong>1. Jakie dane osobowe przetwarzamy?<\/strong><br \/>\nM2C mo\u017ce przetwarza\u0107 poni\u017csze kategorie danych osobowych w zwi\u0105zku z relacj\u0105 pomi\u0119dzy Pani\u0105\/Panem lub organizacj\u0105, w imieniu kt\u00f3rej Pani\/Pan dzia\u0142a, pracuje lub \u015bwiadczy us\u0142ugi, a M2C. Dane osobowe mog\u0105 si\u0119 r\u00f3\u017cni\u0107 w zale\u017cno\u015bci od powy\u017cszej relacji:<br \/>\na) w przypadku kontrahenta i\/lub przedstawicieli kontrahenta &#8211; M2C przetwarza dane umo\u017cliwiaj\u0105ce identyfikacj\u0119, dane kontaktowe oraz dane zawarte w umowie i\/lub niezb\u0119dne do wykonania umowy,<br \/>\nb) w przypadku pracownika kontrahenta &#8211; M2C przetwarza dane umo\u017cliwiaj\u0105ce identyfikacj\u0119 i kontaktowe.<\/p>\n<p><strong>2. \u0179r\u00f3d\u0142o pochodzenia danych:<\/strong><br \/>\nW przypadku, gdy dane osobowe nie zosta\u0142y zebrane bezpo\u015brednio od Pani\/Pana, zosta\u0142y uzyskane od kontrahenta, kt\u00f3rego jest Pani\/Pan pracownikiem lub przedstawicielem. Dane osobowe mog\u0142y by\u0107 r\u00f3wnie\u017c uzyskane ze stron internetowych kontrahenta lub z publicznie dost\u0119pnych rejestr\u00f3w.<\/p>\n<p><strong>3. Podstawa i cel przetwarzania danych:<\/strong><br \/>\nM2C przetwarza Pani\/Pana dane osobowe w celach i na podstawach prawnych opisanych poni\u017cej:<br \/>\n\u2022 W przypadku kontrahent\u00f3w:<br \/>\n1) przetwarzanie jest niezb\u0119dne do zawarcia i wykonywania umowy (art. 6 ust. 1 lit. b RODO);<br \/>\n2) przetwarzanie jest niezb\u0119dne do wype\u0142nienia obowi\u0105zku prawnego (art. 6 ust. 1 lit. c RODO) \u2013 dokumentowanie operacji gospodarczych, tj. prowadzenie rejestr\u00f3w dla cel\u00f3w podatkowych, wystawianie lub przechowywanie faktur,<br \/>\n3) przetwarzanie jest niezb\u0119dne do cel\u00f3w wynikaj\u0105cych z prawnie uzasadnionych interes\u00f3w (art. 6 ust. 1 lit. f RODO):<br \/>\na) w stosownych przypadkach, w celu sprawozdawczo\u015bci wewn\u0119trznej, a tak\u017ce monitorowania i wykrywania nieprawid\u0142owo\u015bci z zakresu rachunkowo\u015bci, wewn\u0119trznych kontroli ksi\u0119gowych, audyt\u00f3w, potencjalnych konflikt\u00f3w interes\u00f3w,<br \/>\nb) w stosownych przypadkach, w celu ustalenia, dochodzenia i obrony roszcze\u0144;<br \/>\n4) zgoda (art. 6 ust.1 lit. a RODO):<br \/>\nW sytuacjach, w kt\u00f3rych nie znajdzie zastosowania podstawa prawna przetwarzania, M2C mo\u017ce prosi\u0107 Pani\u0105\/Pana o wyra\u017cenie zgody na przetwarzanie danych osobowych. W takim przypadku Pani\/Pana dane osobowe b\u0119d\u0105 przetwarzane w zakresie i celu okre\u015blonym w tej zgodzie. Je\u017celi Pani\/Pana dane osobowe s\u0105 lub b\u0119d\u0105 przetwarzane na podstawie zgody, zgoda ta mo\u017ce zosta\u0107 wycofana w dowolnym momencie, a wycofanie zgody nie wp\u0142ywa na zgodno\u015b\u0107 z prawem przetwarzania na podstawie zgody przed jej wycofaniem.\u2022 W przypadku<strong> pracownik\u00f3w i\/lub przedstawicieli kontrahent\u00f3w<\/strong>:<br \/>\n1) przetwarzanie jest niezb\u0119dne do wype\u0142nienia obowi\u0105zku prawnego (art. 6 ust. 1 lit. c RODO):<br \/>\na) w zwi\u0105zku z prowadzeniem rejestr\u00f3w dla cel\u00f3w podatkowych, wystawiania lub przechowywania faktur;<br \/>\n2) przetwarzanie jest niezb\u0119dne do cel\u00f3w wynikaj\u0105cych z prawnie uzasadnionych interes\u00f3w (art. 6 ust. 1 lit. f RODO):<br \/>\na) w celu zawarcia i wykonywania umowy z kontrahentem, kt\u00f3rego jest Pani\/Pan pracownikiem\/przedstawicielem,<br \/>\nb) w celach kontaktowych, w szczeg\u00f3lno\u015bci w celu obs\u0142ugi zapyta\u0144 lub innych wiadomo\u015bci dotycz\u0105cych stosunk\u00f3w umownych z kontrahentami.<\/p>\n<p><strong>4. Obowi\u0105zek podania danych osobowych:<\/strong><br \/>\na) je\u017celi jest Pani\/Pan kontrahentem lub przedstawicielem kontrahenta, podanie danych osobowych jest dobrowolne, jednak stanowi warunek zawarcia lub wykonania umowy. Podanie danych osobowych mo\u017ce by\u0107 r\u00f3wnie\u017c konieczne do wype\u0142nienia prawnego obowi\u0105zku M2C. Niepodanie wymaganych danych osobowych, w zale\u017cno\u015bci od okoliczno\u015bci, mo\u017ce stanowi\u0107 przeszkod\u0119 do zawarcia lub wykonania umowy;<br \/>\nb) je\u017celi jest Pani\/Pan pracownikiem kontrahenta i przekaza\u0142a\/przekaza\u0142 Pani\/Pan swoje dane osobowe M2C, ich przetwarzanie mo\u017ce by\u0107 konieczne w zwi\u0105zku z uzasadnionym interesem M2C, w tym w celu zawarcia i wykonania umowy pomi\u0119dzy M2C a kontrahentem. Niepodanie wymaganych danych osobowych, w zale\u017cno\u015bci od okoliczno\u015bci, mo\u017ce stanowi\u0107 przeszkod\u0119 do zawarcia lub wykonania umowy;<br \/>\nc) podanie innych danych osobowych jest dobrowolne, jednak ich niepodanie mo\u017ce mie\u0107 wp\u0142yw na \u015bwiadczenie us\u0142ug na rzecz M2C.<\/p>\n<p><strong>5. Warunki przekazywania danych podmiotom trzecim:<\/strong><br \/>\nDane osobowe nie b\u0119d\u0105 udost\u0119pniane innym podmiotom. Mog\u0105 by\u0107 powierzane do przetwarzania podmiotom, z kt\u00f3rych us\u0142ug korzysta M2C (na podstawie art. 28 RODO), np. z us\u0142ug w zakresie IT.<\/p>\n<p><strong>6. Okres przechowywania danych<\/strong><br \/>\nPrzechowywanie danych osobowych odbywa si\u0119 zgodnie z przepisami dotycz\u0105cymi okres\u00f3w przechowywania. Dane osobowe b\u0119d\u0105 przechowywane przez okres trwania umowy z kontrahentem oraz po jej zako\u0144czeniu &#8211; przez okres niezb\u0119dny do ustalenia, dochodzenia lub obrony roszcze\u0144 oraz wykonania ci\u0105\u017c\u0105cych na M2C obowi\u0105zk\u00f3w prawnych (np. przechowywania dokument\u00f3w rozliczeniowych) &#8211; zgodny z obowi\u0105zuj\u0105cymi przepisami.<\/p>\n<p><strong>7. Profilowanie<\/strong><br \/>\nDane osobowe nie b\u0119d\u0105 przetwarzane w formie profilowania, decyzje nie b\u0119d\u0105 podejmowane w spos\u00f3b zautomatyzowany.<\/p>\n<p><strong>8. Przys\u0142uguj\u0105ce Pani\/Pana prawa:<\/strong><br \/>\nZgodnie z obowi\u0105zuj\u0105cymi przepisami przys\u0142uguje Pani\/Panu w szczeg\u00f3lno\u015bci prawo:<br \/>\n\u2022 dost\u0119pu do informacji o danych osobowych przechowywanych przez M2C, tj. prawo dost\u0119pu do danych i prawo do uzyskania ich kopii;<br \/>\n\u2022 sprostowania danych osobowych \u2013 w przypadku, gdy s\u0105 nieprawid\u0142owe lub niekompletne;<br \/>\n\u2022 usuni\u0119cia danych osobowych (\u201eprawo do bycia zapomnianym\u201d) &#8211; w szczeg\u00f3lno\u015bci, gdy dane osobowe s\u0105 przechowywane niezgodnie z prawem lub nie s\u0105 ju\u017c niezb\u0119dne do cel\u00f3w, w kt\u00f3rych zosta\u0142y zebrane;<br \/>\n\u2022 ograniczenia przetwarzania danych osobowych \u2013 w szczeg\u00f3lno\u015bci, gdy dane osobowe s\u0105 nieprawid\u0142owe, przetwarzane niezgodnie z prawem lub nie s\u0105 ju\u017c niezb\u0119dne do cel\u00f3w przetwarzania a podmiot danych wni\u00f3s\u0142 sprzeciw wobec ich przetwarzania;<br \/>\n\u2022 przenoszenia danych osobowych \u2013 je\u017celi (i) przetwarzanie odbywa si\u0119 na podstawie umowy lub na podstawie zgody oraz (ii) przetwarzanie odbywa si\u0119 w spos\u00f3b zautomatyzowany;<br \/>\n\u2022 prawo do wniesienia skargi do organu nadzorczego &#8211; tj. Prezesa Urz\u0119du Ochrony Danych Osobowych.<br \/>\nW przypadku ch\u0119ci zadania pytania lub skorzystania z kt\u00f3regokolwiek z praw, mo\u017ce Pani\/Pan skontaktowa\u0107 si\u0119 z M2C korzystaj\u0105c z danych kontaktowych wskazanych w niniejszej klauzuli informacyjnej.<\/p>\n<p><strong>9. Inspektor ochrony danych osobowych<\/strong><br \/>\nMo\u017ce Pani\/Pan skontaktowa\u0107 z wyznaczonym przez M2C inspektorem ochrony danych pod adresem email: pl.dpo@m2c.eu<\/p>\n<p>&nbsp;<\/p>\n<p>_______________________________\u00a0 \u00a0 \u00a0 \u00a0 \u00a0 \u00a0 \u00a0 \u00a0 \u00a0______________________________________<br \/>\n(miejscowo\u015b\u0107 i data)\u00a0 \u00a0 \u00a0 \u00a0 \u00a0 \u00a0 \u00a0 \u00a0 \u00a0 \u00a0 \u00a0 \u00a0 \u00a0 \u00a0 \u00a0 \u00a0 \u00a0 \u00a0 \u00a0 \u00a0 \u00a0 \u00a0 \u00a0 \u00a0 \u00a0 \u00a0 \u00a0 \u00a0 \u00a0 \u00a0 \u00a0 \u00a0 \u00a0 \u00a0 \u00a0 \u00a0 (podpis kontrahenta\/reprezentanta kontrahenta)<\/p>\n","protected":false},"excerpt":{"rendered":"<p>Administratorem danych osobowych jest M2C Facility Solution Polska sp. z. o. o. z siedzib\u0105 w Katowicach (40-602) przy ul. Kolejowej 57, KRS 0000985292, NIP 9542843656, email: biuro.pl@m2c.eu (dalej tak\u017ce \u201eM2C\u201d lub \u201eAdministrator\u201d). 1. Jakie dane osobowe przetwarzamy? M2C mo\u017ce przetwarza\u0107 poni\u017csze kategorie danych osobowych w zwi\u0105zku z relacj\u0105 pomi\u0119dzy Pani\u0105\/Panem lub organizacj\u0105, w imieniu kt\u00f3rej&#8230;<\/p>\n","protected":false},"author":3,"featured_media":0,"parent":0,"menu_order":0,"comment_status":"closed","ping_status":"closed","template":"","meta":{"_monsterinsights_skip_tracking":false,"_monsterinsights_sitenote_active":false,"_monsterinsights_sitenote_note":"","_monsterinsights_sitenote_category":0,"footnotes":""},"class_list":["post-7176","page","type-page","status-publish","hentry"],"yoast_head":"<!-- This site is optimized with the Yoast SEO plugin v27.5 - https:\/\/yoast.com\/product\/yoast-seo-wordpress\/ -->\n<title>INFORMACJA DLA KONTRAHENT\u00d3W (b\u0119d\u0105cych osobami fizycznymi prowadz\u0105cymi jednoosobow\u0105 dzia\u0142alno\u015b\u0107 gospodarcz\u0105) oraz PRZEDSTAWICIELI i PRACOWNIK\u00d3W KONTRAHENT\u00d3W (prowadz\u0105cych dzia\u0142alno\u015b\u0107 gospodarcz\u0105 w ka\u017cdej formie prawnej) W PRZEDMIOCIE PRZETWARZANIA DANYCH OSOBOWYCH | M2C<\/title>\n<meta name=\"robots\" content=\"index, follow, max-snippet:-1, max-image-preview:large, max-video-preview:-1\" \/>\n<link rel=\"canonical\" href=\"https:\/\/www.m2c.eu\/pl\/informacja-dla-kontrahentow-bedacych-osobami-fizycznymi-prowadzacymi-jednoosobowa-dzialalnosc-gospodarcza-oraz-przedstawicieli-i-pracownikow-kontrahentow-prowadzacych-dzialalnosc-gospodarcza-w-kazd\/\" \/>\n<meta property=\"og:locale\" content=\"pl_PL\" \/>\n<meta property=\"og:type\" content=\"article\" \/>\n<meta property=\"og:title\" content=\"INFORMACJA DLA KONTRAHENT\u00d3W (b\u0119d\u0105cych osobami fizycznymi prowadz\u0105cymi jednoosobow\u0105 dzia\u0142alno\u015b\u0107 gospodarcz\u0105) oraz PRZEDSTAWICIELI i PRACOWNIK\u00d3W KONTRAHENT\u00d3W (prowadz\u0105cych dzia\u0142alno\u015b\u0107 gospodarcz\u0105 w ka\u017cdej formie prawnej) W PRZEDMIOCIE PRZETWARZANIA DANYCH OSOBOWYCH | M2C\" \/>\n<meta property=\"og:description\" content=\"Administratorem danych osobowych jest M2C Facility Solution Polska sp. z. o. o. z siedzib\u0105 w Katowicach (40-602) przy ul. Kolejowej 57, KRS 0000985292, NIP 9542843656, email: biuro.pl@m2c.eu (dalej tak\u017ce \u201eM2C\u201d lub \u201eAdministrator\u201d). 1. Jakie dane osobowe przetwarzamy? M2C mo\u017ce przetwarza\u0107 poni\u017csze kategorie danych osobowych w zwi\u0105zku z relacj\u0105 pomi\u0119dzy Pani\u0105\/Panem lub organizacj\u0105, w imieniu kt\u00f3rej...\" \/>\n<meta property=\"og:url\" content=\"https:\/\/www.m2c.eu\/pl\/informacja-dla-kontrahentow-bedacych-osobami-fizycznymi-prowadzacymi-jednoosobowa-dzialalnosc-gospodarcza-oraz-przedstawicieli-i-pracownikow-kontrahentow-prowadzacych-dzialalnosc-gospodarcza-w-kazd\/\" \/>\n<meta property=\"og:site_name\" content=\"M2C\" \/>\n<meta property=\"article:modified_time\" content=\"2025-09-03T13:36:11+00:00\" \/>\n<meta property=\"og:image\" content=\"https:\/\/www.m2c.eu\/wp-content\/uploads\/2021\/09\/M2C_OG.jpg\" \/>\n\t<meta property=\"og:image:width\" content=\"1200\" \/>\n\t<meta property=\"og:image:height\" content=\"630\" \/>\n\t<meta property=\"og:image:type\" content=\"image\/jpeg\" \/>\n<meta name=\"twitter:card\" content=\"summary_large_image\" \/>\n<meta name=\"twitter:label1\" content=\"Szacowany czas czytania\" \/>\n\t<meta name=\"twitter:data1\" content=\"6 minut\" \/>\n<!-- \/ Yoast SEO plugin. -->","yoast_head_json":{"title":"INFORMACJA DLA KONTRAHENT\u00d3W (b\u0119d\u0105cych osobami fizycznymi prowadz\u0105cymi jednoosobow\u0105 dzia\u0142alno\u015b\u0107 gospodarcz\u0105) oraz PRZEDSTAWICIELI i PRACOWNIK\u00d3W KONTRAHENT\u00d3W (prowadz\u0105cych dzia\u0142alno\u015b\u0107 gospodarcz\u0105 w ka\u017cdej formie prawnej) W PRZEDMIOCIE PRZETWARZANIA DANYCH OSOBOWYCH | M2C","robots":{"index":"index","follow":"follow","max-snippet":"max-snippet:-1","max-image-preview":"max-image-preview:large","max-video-preview":"max-video-preview:-1"},"canonical":"https:\/\/www.m2c.eu\/pl\/informacja-dla-kontrahentow-bedacych-osobami-fizycznymi-prowadzacymi-jednoosobowa-dzialalnosc-gospodarcza-oraz-przedstawicieli-i-pracownikow-kontrahentow-prowadzacych-dzialalnosc-gospodarcza-w-kazd\/","og_locale":"pl_PL","og_type":"article","og_title":"INFORMACJA DLA KONTRAHENT\u00d3W (b\u0119d\u0105cych osobami fizycznymi prowadz\u0105cymi jednoosobow\u0105 dzia\u0142alno\u015b\u0107 gospodarcz\u0105) oraz PRZEDSTAWICIELI i PRACOWNIK\u00d3W KONTRAHENT\u00d3W (prowadz\u0105cych dzia\u0142alno\u015b\u0107 gospodarcz\u0105 w ka\u017cdej formie prawnej) W PRZEDMIOCIE PRZETWARZANIA DANYCH OSOBOWYCH | M2C","og_description":"Administratorem danych osobowych jest M2C Facility Solution Polska sp. z. o. o. z siedzib\u0105 w Katowicach (40-602) przy ul. Kolejowej 57, KRS 0000985292, NIP 9542843656, email: biuro.pl@m2c.eu (dalej tak\u017ce \u201eM2C\u201d lub \u201eAdministrator\u201d). 1. Jakie dane osobowe przetwarzamy? M2C mo\u017ce przetwarza\u0107 poni\u017csze kategorie danych osobowych w zwi\u0105zku z relacj\u0105 pomi\u0119dzy Pani\u0105\/Panem lub organizacj\u0105, w imieniu kt\u00f3rej...","og_url":"https:\/\/www.m2c.eu\/pl\/informacja-dla-kontrahentow-bedacych-osobami-fizycznymi-prowadzacymi-jednoosobowa-dzialalnosc-gospodarcza-oraz-przedstawicieli-i-pracownikow-kontrahentow-prowadzacych-dzialalnosc-gospodarcza-w-kazd\/","og_site_name":"M2C","article_modified_time":"2025-09-03T13:36:11+00:00","og_image":[{"width":1200,"height":630,"url":"https:\/\/www.m2c.eu\/wp-content\/uploads\/2021\/09\/M2C_OG.jpg","type":"image\/jpeg"}],"twitter_card":"summary_large_image","twitter_misc":{"Szacowany czas czytania":"6 minut"},"schema":{"@context":"https:\/\/schema.org","@graph":[{"@type":"WebPage","@id":"https:\/\/www.m2c.eu\/pl\/informacja-dla-kontrahentow-bedacych-osobami-fizycznymi-prowadzacymi-jednoosobowa-dzialalnosc-gospodarcza-oraz-przedstawicieli-i-pracownikow-kontrahentow-prowadzacych-dzialalnosc-gospodarcza-w-kazd\/","url":"https:\/\/www.m2c.eu\/pl\/informacja-dla-kontrahentow-bedacych-osobami-fizycznymi-prowadzacymi-jednoosobowa-dzialalnosc-gospodarcza-oraz-przedstawicieli-i-pracownikow-kontrahentow-prowadzacych-dzialalnosc-gospodarcza-w-kazd\/","name":"INFORMACJA DLA KONTRAHENT\u00d3W (b\u0119d\u0105cych osobami fizycznymi prowadz\u0105cymi jednoosobow\u0105 dzia\u0142alno\u015b\u0107 gospodarcz\u0105) oraz PRZEDSTAWICIELI i PRACOWNIK\u00d3W KONTRAHENT\u00d3W (prowadz\u0105cych dzia\u0142alno\u015b\u0107 gospodarcz\u0105 w ka\u017cdej formie prawnej) W PRZEDMIOCIE PRZETWARZANIA DANYCH OSOBOWYCH | M2C","isPartOf":{"@id":"https:\/\/www.m2c.eu\/#website"},"datePublished":"2022-01-04T09:26:18+00:00","dateModified":"2025-09-03T13:36:11+00:00","breadcrumb":{"@id":"https:\/\/www.m2c.eu\/pl\/informacja-dla-kontrahentow-bedacych-osobami-fizycznymi-prowadzacymi-jednoosobowa-dzialalnosc-gospodarcza-oraz-przedstawicieli-i-pracownikow-kontrahentow-prowadzacych-dzialalnosc-gospodarcza-w-kazd\/#breadcrumb"},"inLanguage":"pl-PL","potentialAction":[{"@type":"ReadAction","target":["https:\/\/www.m2c.eu\/pl\/informacja-dla-kontrahentow-bedacych-osobami-fizycznymi-prowadzacymi-jednoosobowa-dzialalnosc-gospodarcza-oraz-przedstawicieli-i-pracownikow-kontrahentow-prowadzacych-dzialalnosc-gospodarcza-w-kazd\/"]}]},{"@type":"BreadcrumbList","@id":"https:\/\/www.m2c.eu\/pl\/informacja-dla-kontrahentow-bedacych-osobami-fizycznymi-prowadzacymi-jednoosobowa-dzialalnosc-gospodarcza-oraz-przedstawicieli-i-pracownikow-kontrahentow-prowadzacych-dzialalnosc-gospodarcza-w-kazd\/#breadcrumb","itemListElement":[{"@type":"ListItem","position":1,"name":"\u00davod","item":"https:\/\/www.m2c.eu\/pl\/"},{"@type":"ListItem","position":2,"name":"INFORMACJA DLA KONTRAHENT\u00d3W (b\u0119d\u0105cych osobami fizycznymi prowadz\u0105cymi jednoosobow\u0105 dzia\u0142alno\u015b\u0107 gospodarcz\u0105) oraz PRZEDSTAWICIELI i PRACOWNIK\u00d3W KONTRAHENT\u00d3W (prowadz\u0105cych dzia\u0142alno\u015b\u0107 gospodarcz\u0105 w ka\u017cdej formie prawnej) W PRZEDMIOCIE PRZETWARZANIA DANYCH OSOBOWYCH"}]},{"@type":"WebSite","@id":"https:\/\/www.m2c.eu\/#website","url":"https:\/\/www.m2c.eu\/","name":"M2C","description":"Kompleksowa obs\u0142uga obiekt\u00f3w komercyjnych","publisher":{"@id":"https:\/\/www.m2c.eu\/#organization"},"potentialAction":[{"@type":"SearchAction","target":{"@type":"EntryPoint","urlTemplate":"https:\/\/www.m2c.eu\/?s={search_term_string}"},"query-input":{"@type":"PropertyValueSpecification","valueRequired":true,"valueName":"search_term_string"}}],"inLanguage":"pl-PL"},{"@type":"Organization","@id":"https:\/\/www.m2c.eu\/#organization","name":"M2C","url":"https:\/\/www.m2c.eu\/","logo":{"@type":"ImageObject","inLanguage":"pl-PL","@id":"https:\/\/www.m2c.eu\/#\/schema\/logo\/image\/","url":"https:\/\/www.m2c.eu\/wp-content\/uploads\/2021\/08\/logo-m2c.svg","contentUrl":"https:\/\/www.m2c.eu\/wp-content\/uploads\/2021\/08\/logo-m2c.svg","width":141,"height":40,"caption":"M2C"},"image":{"@id":"https:\/\/www.m2c.eu\/#\/schema\/logo\/image\/"}}]}},"_links":{"self":[{"href":"https:\/\/www.m2c.eu\/pl\/wp-json\/wp\/v2\/pages\/7176","targetHints":{"allow":["GET"]}}],"collection":[{"href":"https:\/\/www.m2c.eu\/pl\/wp-json\/wp\/v2\/pages"}],"about":[{"href":"https:\/\/www.m2c.eu\/pl\/wp-json\/wp\/v2\/types\/page"}],"author":[{"embeddable":true,"href":"https:\/\/www.m2c.eu\/pl\/wp-json\/wp\/v2\/users\/3"}],"replies":[{"embeddable":true,"href":"https:\/\/www.m2c.eu\/pl\/wp-json\/wp\/v2\/comments?post=7176"}],"version-history":[{"count":4,"href":"https:\/\/www.m2c.eu\/pl\/wp-json\/wp\/v2\/pages\/7176\/revisions"}],"predecessor-version":[{"id":19754,"href":"https:\/\/www.m2c.eu\/pl\/wp-json\/wp\/v2\/pages\/7176\/revisions\/19754"}],"wp:attachment":[{"href":"https:\/\/www.m2c.eu\/pl\/wp-json\/wp\/v2\/media?parent=7176"}],"curies":[{"name":"wp","href":"https:\/\/api.w.org\/{rel}","templated":true}]}}