{"id":5012,"date":"2021-10-25T03:37:44","date_gmt":"2021-10-25T01:37:44","guid":{"rendered":"https:\/\/www.m2c.eu\/?page_id=5012"},"modified":"2025-05-29T14:00:22","modified_gmt":"2025-05-29T12:00:22","slug":"utrzymanie-budynkow","status":"publish","type":"page","link":"https:\/\/www.m2c.eu\/pl\/uslugi\/utrzymanie-budynkow\/","title":{"rendered":"Utrzymanie budynk\u00f3w"},"content":{"rendered":"<div class=\"d-none\" style=\"display: none;\">\n<h3>Utrzymanie budynk\u00f3w<\/h3>\n<p>Naszym klientom zapewniamy kompleksow\u0105 opiek\u0119 nad bezawaryjn\u0105 eksploatacj\u0105 obiektu. Wierzymy, \u017ce najlepsze rozwi\u0105zanie opiera si\u0119 na odpowiednim po\u0142\u0105czeniu nowoczesnych technologii i niezawodnych pracownik\u00f3w. W ramach zintegrowanego zarz\u0105dzania obiektami indywidualnie przygotowujemy dla naszych klient\u00f3w us\u0142ugi dostosowane do indywidualnych potrzeb i w razie potrzeby jeste\u015bmy w stanie zaoferowa\u0107 bardziej efektywne rozwi\u0105zania i oszcz\u0119dno\u015bci finansowe.<\/p>\n<p>&nbsp;<\/p>\n<p>11116984a:1:{i:0;a:4:{s:40:&#8221;block-intro-description-signpost-icon-id&#8221;;s:0:&#8221;&#8221;;s:38:&#8221;block-intro-description-signpost-title&#8221;;s:0:&#8221;&#8221;;s:41:&#8221;block-intro-description-signpost-subtitle&#8221;;s:0:&#8221;&#8221;;s:36:&#8221;block-intro-description-signpost-url&#8221;;s:0:&#8221;&#8221;;}}<\/p>\n<h3>Obs\u0142uga techniczna<\/h3>\n<h3>Sprz\u0105tanie<\/h3>\n<h3>Interesuje Ci\u0119 jak obni\u017cy\u0107 koszty eksploatacji budynku?<\/h3>\n<h3>Utrzymanie zieleni<\/h3>\n<h3>Optymalizacja zu\u017cycia medi\u00f3w<\/h3>\n<h3>Nie wybra\u0142e\u015b us\u0142ug z oferty?<\/h3>\n<\/div>\n<div class=\"d-none\" style=\"display: none;\">\n<h3>Utrzymanie budynk\u00f3w<\/h3>\n<p>Naszym klientom zapewniamy kompleksow\u0105 opiek\u0119 nad bezawaryjn\u0105 eksploatacj\u0105 obiektu. Wierzymy, \u017ce najlepsze rozwi\u0105zanie opiera si\u0119 na odpowiednim po\u0142\u0105czeniu nowoczesnych technologii i niezawodnych pracownik\u00f3w. W ramach zintegrowanego zarz\u0105dzania obiektami indywidualnie przygotowujemy dla naszych klient\u00f3w us\u0142ugi dostosowane do indywidualnych potrzeb i w razie potrzeby jeste\u015bmy w stanie zaoferowa\u0107 bardziej efektywne rozwi\u0105zania i oszcz\u0119dno\u015bci finansowe.<\/p>\n<p>&nbsp;<\/p>\n<p>11116984a:1:{i:0;a:4:{s:40:&#8221;block-intro-description-signpost-icon-id&#8221;;s:0:&#8221;&#8221;;s:38:&#8221;block-intro-description-signpost-title&#8221;;s:0:&#8221;&#8221;;s:41:&#8221;block-intro-description-signpost-subtitle&#8221;;s:0:&#8221;&#8221;;s:36:&#8221;block-intro-description-signpost-url&#8221;;s:0:&#8221;&#8221;;}}<\/p>\n<h3>Obs\u0142uga techniczna<\/h3>\n<h3>Sprz\u0105tanie<\/h3>\n<h3>Interesuje Ci\u0119 jak obni\u017cy\u0107 koszty eksploatacji budynku?<\/h3>\n<h3>Utrzymanie zieleni<\/h3>\n<h3>Optymalizacja zu\u017cycia medi\u00f3w<\/h3>\n<h3>Nie wybra\u0142e\u015b us\u0142ug z oferty?<\/h3>\n<\/div>\n","protected":false},"excerpt":{"rendered":"<p>Utrzymanie budynk\u00f3w Naszym klientom zapewniamy kompleksow\u0105 opiek\u0119 nad bezawaryjn\u0105 eksploatacj\u0105 obiektu. Wierzymy, \u017ce najlepsze rozwi\u0105zanie opiera si\u0119 na odpowiednim po\u0142\u0105czeniu nowoczesnych technologii i niezawodnych pracownik\u00f3w. W ramach zintegrowanego zarz\u0105dzania obiektami indywidualnie przygotowujemy dla naszych klient\u00f3w us\u0142ugi dostosowane do indywidualnych potrzeb i w razie potrzeby jeste\u015bmy w stanie zaoferowa\u0107 bardziej efektywne rozwi\u0105zania i oszcz\u0119dno\u015bci finansowe. &nbsp;&#8230;<\/p>\n","protected":false},"author":20,"featured_media":0,"parent":4993,"menu_order":0,"comment_status":"closed","ping_status":"closed","template":"pages\/page-blocks.php","meta":{"_monsterinsights_skip_tracking":false,"_monsterinsights_sitenote_active":false,"_monsterinsights_sitenote_note":"","_monsterinsights_sitenote_category":0,"footnotes":""},"class_list":["post-5012","page","type-page","status-publish","hentry"],"yoast_head":"<!-- This site is optimized with the Yoast SEO plugin v27.3 - https:\/\/yoast.com\/product\/yoast-seo-wordpress\/ -->\n<title>Utrzymanie budynk\u00f3w | M2C<\/title>\n<meta name=\"description\" content=\"\u015awiadczymy kompleksowe us\u0142ugi konserwacji budynk\u00f3w \u2013 techniczna, prewencyjna i awaryjna obs\u0142uga dla firm i centr\u00f3w handlowych.\" \/>\n<meta name=\"robots\" content=\"index, follow, max-snippet:-1, max-image-preview:large, max-video-preview:-1\" \/>\n<link rel=\"canonical\" href=\"https:\/\/www.m2c.eu\/pl\/uslugi\/utrzymanie-budynkow\/\" \/>\n<meta property=\"og:locale\" content=\"pl_PL\" \/>\n<meta property=\"og:type\" content=\"article\" \/>\n<meta property=\"og:title\" content=\"Utrzymanie budynk\u00f3w | M2C\" \/>\n<meta property=\"og:description\" content=\"\u015awiadczymy kompleksowe us\u0142ugi konserwacji budynk\u00f3w \u2013 techniczna, prewencyjna i awaryjna obs\u0142uga dla firm i centr\u00f3w handlowych.\" \/>\n<meta property=\"og:url\" content=\"https:\/\/www.m2c.eu\/pl\/uslugi\/utrzymanie-budynkow\/\" \/>\n<meta property=\"og:site_name\" content=\"M2C\" \/>\n<meta property=\"article:modified_time\" content=\"2025-05-29T12:00:22+00:00\" \/>\n<meta property=\"og:image\" content=\"https:\/\/www.m2c.eu\/wp-content\/uploads\/2021\/09\/M2C_OG.jpg\" \/>\n\t<meta property=\"og:image:width\" content=\"1200\" \/>\n\t<meta property=\"og:image:height\" content=\"630\" \/>\n\t<meta property=\"og:image:type\" content=\"image\/jpeg\" \/>\n<meta name=\"twitter:card\" content=\"summary_large_image\" \/>\n<meta name=\"twitter:label1\" content=\"Szacowany czas czytania\" \/>\n\t<meta name=\"twitter:data1\" content=\"1 minuta\" \/>\n<!-- \/ Yoast SEO plugin. -->","yoast_head_json":{"title":"Utrzymanie budynk\u00f3w | M2C","description":"\u015awiadczymy kompleksowe us\u0142ugi konserwacji budynk\u00f3w \u2013 techniczna, prewencyjna i awaryjna obs\u0142uga dla firm i centr\u00f3w handlowych.","robots":{"index":"index","follow":"follow","max-snippet":"max-snippet:-1","max-image-preview":"max-image-preview:large","max-video-preview":"max-video-preview:-1"},"canonical":"https:\/\/www.m2c.eu\/pl\/uslugi\/utrzymanie-budynkow\/","og_locale":"pl_PL","og_type":"article","og_title":"Utrzymanie budynk\u00f3w | M2C","og_description":"\u015awiadczymy kompleksowe us\u0142ugi konserwacji budynk\u00f3w \u2013 techniczna, prewencyjna i awaryjna obs\u0142uga dla firm i centr\u00f3w handlowych.","og_url":"https:\/\/www.m2c.eu\/pl\/uslugi\/utrzymanie-budynkow\/","og_site_name":"M2C","article_modified_time":"2025-05-29T12:00:22+00:00","og_image":[{"width":1200,"height":630,"url":"https:\/\/www.m2c.eu\/wp-content\/uploads\/2021\/09\/M2C_OG.jpg","type":"image\/jpeg"}],"twitter_card":"summary_large_image","twitter_misc":{"Szacowany czas czytania":"1 minuta"},"schema":{"@context":"https:\/\/schema.org","@graph":[{"@type":"WebPage","@id":"https:\/\/www.m2c.eu\/pl\/uslugi\/utrzymanie-budynkow\/","url":"https:\/\/www.m2c.eu\/pl\/uslugi\/utrzymanie-budynkow\/","name":"Utrzymanie budynk\u00f3w | M2C","isPartOf":{"@id":"https:\/\/www.m2c.eu\/#website"},"datePublished":"2021-10-25T01:37:44+00:00","dateModified":"2025-05-29T12:00:22+00:00","description":"\u015awiadczymy kompleksowe us\u0142ugi konserwacji budynk\u00f3w \u2013 techniczna, prewencyjna i awaryjna obs\u0142uga dla firm i centr\u00f3w handlowych.","breadcrumb":{"@id":"https:\/\/www.m2c.eu\/pl\/uslugi\/utrzymanie-budynkow\/#breadcrumb"},"inLanguage":"pl-PL","potentialAction":[{"@type":"ReadAction","target":["https:\/\/www.m2c.eu\/pl\/uslugi\/utrzymanie-budynkow\/"]}]},{"@type":"BreadcrumbList","@id":"https:\/\/www.m2c.eu\/pl\/uslugi\/utrzymanie-budynkow\/#breadcrumb","itemListElement":[{"@type":"ListItem","position":1,"name":"\u00davod","item":"https:\/\/www.m2c.eu\/pl\/"},{"@type":"ListItem","position":2,"name":"Us\u0142ugi","item":"https:\/\/www.m2c.eu\/pl\/uslugi\/"},{"@type":"ListItem","position":3,"name":"Utrzymanie budynk\u00f3w"}]},{"@type":"WebSite","@id":"https:\/\/www.m2c.eu\/#website","url":"https:\/\/www.m2c.eu\/","name":"M2C","description":"Kompleksowa obs\u0142uga obiekt\u00f3w komercyjnych","publisher":{"@id":"https:\/\/www.m2c.eu\/#organization"},"potentialAction":[{"@type":"SearchAction","target":{"@type":"EntryPoint","urlTemplate":"https:\/\/www.m2c.eu\/?s={search_term_string}"},"query-input":{"@type":"PropertyValueSpecification","valueRequired":true,"valueName":"search_term_string"}}],"inLanguage":"pl-PL"},{"@type":"Organization","@id":"https:\/\/www.m2c.eu\/#organization","name":"M2C","url":"https:\/\/www.m2c.eu\/","logo":{"@type":"ImageObject","inLanguage":"pl-PL","@id":"https:\/\/www.m2c.eu\/#\/schema\/logo\/image\/","url":"https:\/\/www.m2c.eu\/wp-content\/uploads\/2021\/08\/logo-m2c.svg","contentUrl":"https:\/\/www.m2c.eu\/wp-content\/uploads\/2021\/08\/logo-m2c.svg","width":141,"height":40,"caption":"M2C"},"image":{"@id":"https:\/\/www.m2c.eu\/#\/schema\/logo\/image\/"}}]}},"_links":{"self":[{"href":"https:\/\/www.m2c.eu\/pl\/wp-json\/wp\/v2\/pages\/5012","targetHints":{"allow":["GET"]}}],"collection":[{"href":"https:\/\/www.m2c.eu\/pl\/wp-json\/wp\/v2\/pages"}],"about":[{"href":"https:\/\/www.m2c.eu\/pl\/wp-json\/wp\/v2\/types\/page"}],"author":[{"embeddable":true,"href":"https:\/\/www.m2c.eu\/pl\/wp-json\/wp\/v2\/users\/20"}],"replies":[{"embeddable":true,"href":"https:\/\/www.m2c.eu\/pl\/wp-json\/wp\/v2\/comments?post=5012"}],"version-history":[{"count":7,"href":"https:\/\/www.m2c.eu\/pl\/wp-json\/wp\/v2\/pages\/5012\/revisions"}],"predecessor-version":[{"id":18981,"href":"https:\/\/www.m2c.eu\/pl\/wp-json\/wp\/v2\/pages\/5012\/revisions\/18981"}],"up":[{"embeddable":true,"href":"https:\/\/www.m2c.eu\/pl\/wp-json\/wp\/v2\/pages\/4993"}],"wp:attachment":[{"href":"https:\/\/www.m2c.eu\/pl\/wp-json\/wp\/v2\/media?parent=5012"}],"curies":[{"name":"wp","href":"https:\/\/api.w.org\/{rel}","templated":true}]}}