{"id":5007,"date":"2021-10-22T14:30:44","date_gmt":"2021-10-22T12:30:44","guid":{"rendered":"https:\/\/www.m2c.eu\/?page_id=5007"},"modified":"2025-01-16T16:06:15","modified_gmt":"2025-01-16T15:06:15","slug":"general","status":"publish","type":"page","link":"https:\/\/www.m2c.eu\/pl\/general\/","title":{"rendered":"Strona g\u0142\u00f3wna"},"content":{"rendered":"<div class=\"d-none\" style=\"display: none;\">\n<h3>UPRASZCZAMY SPOS\u00d3B ##ZARZ\u0104DZANIA NIERUCHOMO\u015aCIAMI##<\/h3>\n<h3>M2C to Tw\u00f3j partner w **kompleksowym zarz\u0105dzaniu** nieruchomo\u015bciami<\/h3>\n<h3>Bezpiecze\u0144stwo<\/h3>\n<h3>Konserwacja<\/h3>\n<h3>Sprz\u0105tanie<\/h3>\n<h3>Utrzymanie zieleni<\/h3>\n<h3>Optymalizacja zu\u017cycia medi\u00f3w<\/h3>\n<h3>SMARTech **inteligentne technologie zarz\u0105dzania budynkami**<\/h3>\n<h3>Interesuje Ci\u0119 jak obni\u017cy\u0107 koszty eksploatacji budynku?<\/h3>\n<h3>DLACZEGO Z NAMI?<\/h3>\n<h3>&lt;p&gt;&lt;span style=&#8221;font-family: inherit; font-weight: inherit;&#8221;&gt;Szukasz **PRACY** w ochronie i obs\u0142udze budynk\u00f3w?&amp;nbsp;&lt;\/span&gt;&lt;span style=&#8221;font-family: inherit; font-weight: inherit;&#8221;&gt;Mo\u017ce jeste\u015b tym, kt\u00f3rego szukamy!&lt;\/span&gt;&lt;\/p&gt;<\/h3>\n<h3>O nas<\/h3>\n<\/div>\n<div class=\"d-none\" style=\"display: none;\">\n<h3>UPRASZCZAMY SPOS\u00d3B ##ZARZ\u0104DZANIA NIERUCHOMO\u015aCIAMI##<\/h3>\n<h3>M2C to Tw\u00f3j partner w **kompleksowym zarz\u0105dzaniu** nieruchomo\u015bciami<\/h3>\n<h3>Bezpiecze\u0144stwo<\/h3>\n<h3>Konserwacja<\/h3>\n<h3>Sprz\u0105tanie<\/h3>\n<h3>Utrzymanie zieleni<\/h3>\n<h3>Optymalizacja zu\u017cycia medi\u00f3w<\/h3>\n<h3>SMARTech **inteligentne technologie zarz\u0105dzania budynkami**<\/h3>\n<h3>Interesuje Ci\u0119 jak obni\u017cy\u0107 koszty eksploatacji budynku?<\/h3>\n<h3>DLACZEGO Z NAMI?<\/h3>\n<h3>&lt;p&gt;&lt;span style=&#8221;font-family: inherit; font-weight: inherit;&#8221;&gt;Szukasz **PRACY** w ochronie i obs\u0142udze budynk\u00f3w?&amp;nbsp;&lt;\/span&gt;&lt;span style=&#8221;font-family: inherit; font-weight: inherit;&#8221;&gt;Mo\u017ce jeste\u015b tym, kt\u00f3rego szukamy!&lt;\/span&gt;&lt;\/p&gt;<\/h3>\n<h3>O nas<\/h3>\n<\/div>\n","protected":false},"excerpt":{"rendered":"<p>UPRASZCZAMY SPOS\u00d3B ##ZARZ\u0104DZANIA NIERUCHOMO\u015aCIAMI## M2C to Tw\u00f3j partner w **kompleksowym zarz\u0105dzaniu** nieruchomo\u015bciami Bezpiecze\u0144stwo Konserwacja Sprz\u0105tanie Utrzymanie zieleni Optymalizacja zu\u017cycia medi\u00f3w SMARTech **inteligentne technologie zarz\u0105dzania budynkami** Interesuje Ci\u0119 jak obni\u017cy\u0107 koszty eksploatacji budynku? DLACZEGO Z NAMI? &lt;p&gt;&lt;span style=&#8221;font-family: inherit; font-weight: inherit;&#8221;&gt;Szukasz **PRACY** w ochronie i obs\u0142udze budynk\u00f3w?&amp;nbsp;&lt;\/span&gt;&lt;span style=&#8221;font-family: inherit; font-weight: inherit;&#8221;&gt;Mo\u017ce jeste\u015b tym, kt\u00f3rego szukamy!&lt;\/span&gt;&lt;\/p&gt; O&#8230;<\/p>\n","protected":false},"author":20,"featured_media":0,"parent":0,"menu_order":0,"comment_status":"closed","ping_status":"closed","template":"pages\/page-blocks.php","meta":{"_monsterinsights_skip_tracking":false,"_monsterinsights_sitenote_active":false,"_monsterinsights_sitenote_note":"","_monsterinsights_sitenote_category":0,"footnotes":""},"class_list":["post-5007","page","type-page","status-publish","hentry"],"yoast_head":"<!-- This site is optimized with the Yoast SEO plugin v27.5 - https:\/\/yoast.com\/product\/yoast-seo-wordpress\/ -->\n<title>Strona g\u0142\u00f3wna | M2C<\/title>\n<meta name=\"description\" content=\"Kompleksowa obs\u0142uga obiekt\u00f3w komercyjnych - ochrona, utrzymanie czysto\u015bci, utrzymanie techniczne, technologie.\" \/>\n<meta name=\"robots\" content=\"index, follow, max-snippet:-1, max-image-preview:large, max-video-preview:-1\" \/>\n<link rel=\"canonical\" href=\"https:\/\/www.m2c.eu\/pl\/general\/\" \/>\n<meta property=\"og:locale\" content=\"pl_PL\" \/>\n<meta property=\"og:type\" content=\"article\" \/>\n<meta property=\"og:title\" content=\"Strona g\u0142\u00f3wna | M2C\" \/>\n<meta property=\"og:description\" content=\"Kompleksowa obs\u0142uga obiekt\u00f3w komercyjnych - ochrona, utrzymanie czysto\u015bci, utrzymanie techniczne, technologie.\" \/>\n<meta property=\"og:url\" content=\"https:\/\/www.m2c.eu\/pl\/general\/\" \/>\n<meta property=\"og:site_name\" content=\"M2C\" \/>\n<meta property=\"article:modified_time\" content=\"2025-01-16T15:06:15+00:00\" \/>\n<meta property=\"og:image\" content=\"https:\/\/www.m2c.eu\/wp-content\/uploads\/2021\/09\/M2C_OG.jpg\" \/>\n\t<meta property=\"og:image:width\" content=\"1200\" \/>\n\t<meta property=\"og:image:height\" content=\"630\" \/>\n\t<meta property=\"og:image:type\" content=\"image\/jpeg\" \/>\n<meta name=\"twitter:card\" content=\"summary_large_image\" \/>\n<meta name=\"twitter:label1\" content=\"Szacowany czas czytania\" \/>\n\t<meta name=\"twitter:data1\" content=\"1 minuta\" \/>\n<!-- \/ Yoast SEO plugin. -->","yoast_head_json":{"title":"Strona g\u0142\u00f3wna | M2C","description":"Kompleksowa obs\u0142uga obiekt\u00f3w komercyjnych - ochrona, utrzymanie czysto\u015bci, utrzymanie techniczne, technologie.","robots":{"index":"index","follow":"follow","max-snippet":"max-snippet:-1","max-image-preview":"max-image-preview:large","max-video-preview":"max-video-preview:-1"},"canonical":"https:\/\/www.m2c.eu\/pl\/general\/","og_locale":"pl_PL","og_type":"article","og_title":"Strona g\u0142\u00f3wna | M2C","og_description":"Kompleksowa obs\u0142uga obiekt\u00f3w komercyjnych - ochrona, utrzymanie czysto\u015bci, utrzymanie techniczne, technologie.","og_url":"https:\/\/www.m2c.eu\/pl\/general\/","og_site_name":"M2C","article_modified_time":"2025-01-16T15:06:15+00:00","og_image":[{"width":1200,"height":630,"url":"https:\/\/www.m2c.eu\/wp-content\/uploads\/2021\/09\/M2C_OG.jpg","type":"image\/jpeg"}],"twitter_card":"summary_large_image","twitter_misc":{"Szacowany czas czytania":"1 minuta"},"schema":{"@context":"https:\/\/schema.org","@graph":[{"@type":"WebPage","@id":"https:\/\/www.m2c.eu\/pl\/general\/","url":"https:\/\/www.m2c.eu\/pl\/general\/","name":"Strona g\u0142\u00f3wna | M2C","isPartOf":{"@id":"https:\/\/www.m2c.eu\/#website"},"datePublished":"2021-10-22T12:30:44+00:00","dateModified":"2025-01-16T15:06:15+00:00","description":"Kompleksowa obs\u0142uga obiekt\u00f3w komercyjnych - ochrona, utrzymanie czysto\u015bci, utrzymanie techniczne, technologie.","breadcrumb":{"@id":"https:\/\/www.m2c.eu\/pl\/general\/#breadcrumb"},"inLanguage":"pl-PL","potentialAction":[{"@type":"ReadAction","target":["https:\/\/www.m2c.eu\/pl\/general\/"]}]},{"@type":"BreadcrumbList","@id":"https:\/\/www.m2c.eu\/pl\/general\/#breadcrumb","itemListElement":[{"@type":"ListItem","position":1,"name":"\u00davod","item":"https:\/\/www.m2c.eu\/pl\/"},{"@type":"ListItem","position":2,"name":"Strona g\u0142\u00f3wna"}]},{"@type":"WebSite","@id":"https:\/\/www.m2c.eu\/#website","url":"https:\/\/www.m2c.eu\/","name":"M2C","description":"Kompleksowa obs\u0142uga obiekt\u00f3w komercyjnych","publisher":{"@id":"https:\/\/www.m2c.eu\/#organization"},"potentialAction":[{"@type":"SearchAction","target":{"@type":"EntryPoint","urlTemplate":"https:\/\/www.m2c.eu\/?s={search_term_string}"},"query-input":{"@type":"PropertyValueSpecification","valueRequired":true,"valueName":"search_term_string"}}],"inLanguage":"pl-PL"},{"@type":"Organization","@id":"https:\/\/www.m2c.eu\/#organization","name":"M2C","url":"https:\/\/www.m2c.eu\/","logo":{"@type":"ImageObject","inLanguage":"pl-PL","@id":"https:\/\/www.m2c.eu\/#\/schema\/logo\/image\/","url":"https:\/\/www.m2c.eu\/wp-content\/uploads\/2021\/08\/logo-m2c.svg","contentUrl":"https:\/\/www.m2c.eu\/wp-content\/uploads\/2021\/08\/logo-m2c.svg","width":141,"height":40,"caption":"M2C"},"image":{"@id":"https:\/\/www.m2c.eu\/#\/schema\/logo\/image\/"}}]}},"_links":{"self":[{"href":"https:\/\/www.m2c.eu\/pl\/wp-json\/wp\/v2\/pages\/5007","targetHints":{"allow":["GET"]}}],"collection":[{"href":"https:\/\/www.m2c.eu\/pl\/wp-json\/wp\/v2\/pages"}],"about":[{"href":"https:\/\/www.m2c.eu\/pl\/wp-json\/wp\/v2\/types\/page"}],"author":[{"embeddable":true,"href":"https:\/\/www.m2c.eu\/pl\/wp-json\/wp\/v2\/users\/20"}],"replies":[{"embeddable":true,"href":"https:\/\/www.m2c.eu\/pl\/wp-json\/wp\/v2\/comments?post=5007"}],"version-history":[{"count":4,"href":"https:\/\/www.m2c.eu\/pl\/wp-json\/wp\/v2\/pages\/5007\/revisions"}],"predecessor-version":[{"id":16787,"href":"https:\/\/www.m2c.eu\/pl\/wp-json\/wp\/v2\/pages\/5007\/revisions\/16787"}],"wp:attachment":[{"href":"https:\/\/www.m2c.eu\/pl\/wp-json\/wp\/v2\/media?parent=5007"}],"curies":[{"name":"wp","href":"https:\/\/api.w.org\/{rel}","templated":true}]}}