{"id":5000,"date":"2021-10-22T14:28:41","date_gmt":"2021-10-22T12:28:41","guid":{"rendered":"https:\/\/www.m2c.eu\/?page_id=5000"},"modified":"2021-11-15T12:29:29","modified_gmt":"2021-11-15T11:29:29","slug":"obsluga-techniczna","status":"publish","type":"page","link":"https:\/\/www.m2c.eu\/pl\/uslugi\/obsluga-techniczna\/","title":{"rendered":"Obs\u0142uga techniczna"},"content":{"rendered":"<div class='d-none' style='display:none;'>\n<h3>Obs\u0142uga techniczna<\/h3>\n<p>Jeste\u015bmy wiod\u0105cym dostawc\u0105 profesjonalnych us\u0142ug serwisowych. Us\u0142ugi \u015bwiadczone s\u0105 przez naszych w\u0142asnych ekspert\u00f3w, dzi\u0119ki czemu bez obaw b\u0119dziesz mie\u0107 techniczne zarz\u0105dzanie budynkiem. Zapewniamy konserwacj\u0119 techniczn\u0105, zapewniamy niezb\u0119dne przegl\u0105dy, przegl\u0105dy i konserwacj\u0119 prewencyjn\u0105. Jeste\u015bmy do Twojej dyspozycji w razie wypadku lub sytuacji awaryjnej. Nasza mobilna jednostka jest gotowa na szybk\u0105 reakcj\u0119 i interwencj\u0119.<\/p>\n<p>5696743a:1:{i:0;a:4:{s:40:&#8221;block-intro-description-signpost-icon-id&#8221;;s:0:&#8221;&#8221;;s:38:&#8221;block-intro-description-signpost-title&#8221;;s:0:&#8221;&#8221;;s:41:&#8221;block-intro-description-signpost-subtitle&#8221;;s:0:&#8221;&#8221;;s:36:&#8221;block-intro-description-signpost-url&#8221;;s:0:&#8221;&#8221;;}}<\/p>\n<h3>Raport techniczny<\/h3>\n<h3>Serwis, przegl\u0105dy i ekpertyzy<\/h3>\n<h3>Konserwacja zapobiegawcza<\/h3>\n<h3>Interesuje Ci\u0119 jak obni\u017cy\u0107 koszty eksploatacji budynku?<\/h3>\n<h3>Prace projektowe i budowlane<\/h3>\n<h3>Gospodarka odpadami i ekologia<\/h3>\n<h3>Nie wybra\u0142e\u015b us\u0142ug z oferty?<\/h3>\n<\/div>\n<div class='d-none' style='display:none;'>\n<h3>Obs\u0142uga techniczna<\/h3>\n<p>Jeste\u015bmy wiod\u0105cym dostawc\u0105 profesjonalnych us\u0142ug serwisowych. Us\u0142ugi \u015bwiadczone s\u0105 przez naszych w\u0142asnych ekspert\u00f3w, dzi\u0119ki czemu bez obaw b\u0119dziesz mie\u0107 techniczne zarz\u0105dzanie budynkiem. Zapewniamy konserwacj\u0119 techniczn\u0105, zapewniamy niezb\u0119dne przegl\u0105dy, przegl\u0105dy i konserwacj\u0119 prewencyjn\u0105. Jeste\u015bmy do Twojej dyspozycji w razie wypadku lub sytuacji awaryjnej. Nasza mobilna jednostka jest gotowa na szybk\u0105 reakcj\u0119 i interwencj\u0119.<\/p>\n<p>5696743a:1:{i:0;a:4:{s:40:&#8221;block-intro-description-signpost-icon-id&#8221;;s:0:&#8221;&#8221;;s:38:&#8221;block-intro-description-signpost-title&#8221;;s:0:&#8221;&#8221;;s:41:&#8221;block-intro-description-signpost-subtitle&#8221;;s:0:&#8221;&#8221;;s:36:&#8221;block-intro-description-signpost-url&#8221;;s:0:&#8221;&#8221;;}}<\/p>\n<h3>Raport techniczny<\/h3>\n<h3>Serwis, przegl\u0105dy i ekpertyzy<\/h3>\n<h3>Konserwacja zapobiegawcza<\/h3>\n<h3>Interesuje Ci\u0119 jak obni\u017cy\u0107 koszty eksploatacji budynku?<\/h3>\n<h3>Prace projektowe i budowlane<\/h3>\n<h3>Gospodarka odpadami i ekologia<\/h3>\n<h3>Nie wybra\u0142e\u015b us\u0142ug z oferty?<\/h3>\n<\/div>\n","protected":false},"excerpt":{"rendered":"<p>Obs\u0142uga techniczna Jeste\u015bmy wiod\u0105cym dostawc\u0105 profesjonalnych us\u0142ug serwisowych. Us\u0142ugi \u015bwiadczone s\u0105 przez naszych w\u0142asnych ekspert\u00f3w, dzi\u0119ki czemu bez obaw b\u0119dziesz mie\u0107 techniczne zarz\u0105dzanie budynkiem. Zapewniamy konserwacj\u0119 techniczn\u0105, zapewniamy niezb\u0119dne przegl\u0105dy, przegl\u0105dy i konserwacj\u0119 prewencyjn\u0105. Jeste\u015bmy do Twojej dyspozycji w razie wypadku lub sytuacji awaryjnej. Nasza mobilna jednostka jest gotowa na szybk\u0105 reakcj\u0119 i interwencj\u0119. 5696743a:1:{i:0;a:4:{s:40:&#8221;block-intro-description-signpost-icon-id&#8221;;s:0:&#8221;&#8221;;s:38:&#8221;block-intro-description-signpost-title&#8221;;s:0:&#8221;&#8221;;s:41:&#8221;block-intro-description-signpost-subtitle&#8221;;s:0:&#8221;&#8221;;s:36:&#8221;block-intro-description-signpost-url&#8221;;s:0:&#8221;&#8221;;}}&#8230;<\/p>\n","protected":false},"author":20,"featured_media":0,"parent":4993,"menu_order":0,"comment_status":"closed","ping_status":"closed","template":"pages\/page-blocks.php","meta":{"_monsterinsights_skip_tracking":false,"_monsterinsights_sitenote_active":false,"_monsterinsights_sitenote_note":"","_monsterinsights_sitenote_category":0,"footnotes":""},"class_list":["post-5000","page","type-page","status-publish","hentry"],"yoast_head":"<!-- This site is optimized with the Yoast SEO plugin v27.4 - https:\/\/yoast.com\/product\/yoast-seo-wordpress\/ -->\n<title>Obs\u0142uga techniczna | M2C<\/title>\n<meta name=\"robots\" content=\"index, follow, max-snippet:-1, max-image-preview:large, max-video-preview:-1\" \/>\n<link rel=\"canonical\" href=\"https:\/\/www.m2c.eu\/pl\/uslugi\/obsluga-techniczna\/\" \/>\n<meta property=\"og:locale\" content=\"pl_PL\" \/>\n<meta property=\"og:type\" content=\"article\" \/>\n<meta property=\"og:title\" content=\"Obs\u0142uga techniczna | M2C\" \/>\n<meta property=\"og:description\" content=\"Obs\u0142uga techniczna Jeste\u015bmy wiod\u0105cym dostawc\u0105 profesjonalnych us\u0142ug serwisowych. Us\u0142ugi \u015bwiadczone s\u0105 przez naszych w\u0142asnych ekspert\u00f3w, dzi\u0119ki czemu bez obaw b\u0119dziesz mie\u0107 techniczne zarz\u0105dzanie budynkiem. Zapewniamy konserwacj\u0119 techniczn\u0105, zapewniamy niezb\u0119dne przegl\u0105dy, przegl\u0105dy i konserwacj\u0119 prewencyjn\u0105. Jeste\u015bmy do Twojej dyspozycji w razie wypadku lub sytuacji awaryjnej. Nasza mobilna jednostka jest gotowa na szybk\u0105 reakcj\u0119 i interwencj\u0119. 5696743a:1:{i:0;a:4:{s:40:&#8221;block-intro-description-signpost-icon-id&#8221;;s:0:&#8221;&#8221;;s:38:&#8221;block-intro-description-signpost-title&#8221;;s:0:&#8221;&#8221;;s:41:&#8221;block-intro-description-signpost-subtitle&#8221;;s:0:&#8221;&#8221;;s:36:&#8221;block-intro-description-signpost-url&#8221;;s:0:&#8221;&#8221;;}}...\" \/>\n<meta property=\"og:url\" content=\"https:\/\/www.m2c.eu\/pl\/uslugi\/obsluga-techniczna\/\" \/>\n<meta property=\"og:site_name\" content=\"M2C\" \/>\n<meta property=\"article:modified_time\" content=\"2021-11-15T11:29:29+00:00\" \/>\n<meta property=\"og:image\" content=\"https:\/\/www.m2c.eu\/wp-content\/uploads\/2021\/09\/M2C_OG.jpg\" \/>\n\t<meta property=\"og:image:width\" content=\"1200\" \/>\n\t<meta property=\"og:image:height\" content=\"630\" \/>\n\t<meta property=\"og:image:type\" content=\"image\/jpeg\" \/>\n<meta name=\"twitter:card\" content=\"summary_large_image\" \/>\n<meta name=\"twitter:label1\" content=\"Szacowany czas czytania\" \/>\n\t<meta name=\"twitter:data1\" content=\"1 minuta\" \/>\n<!-- \/ Yoast SEO plugin. -->","yoast_head_json":{"title":"Obs\u0142uga techniczna | M2C","robots":{"index":"index","follow":"follow","max-snippet":"max-snippet:-1","max-image-preview":"max-image-preview:large","max-video-preview":"max-video-preview:-1"},"canonical":"https:\/\/www.m2c.eu\/pl\/uslugi\/obsluga-techniczna\/","og_locale":"pl_PL","og_type":"article","og_title":"Obs\u0142uga techniczna | M2C","og_description":"Obs\u0142uga techniczna Jeste\u015bmy wiod\u0105cym dostawc\u0105 profesjonalnych us\u0142ug serwisowych. Us\u0142ugi \u015bwiadczone s\u0105 przez naszych w\u0142asnych ekspert\u00f3w, dzi\u0119ki czemu bez obaw b\u0119dziesz mie\u0107 techniczne zarz\u0105dzanie budynkiem. Zapewniamy konserwacj\u0119 techniczn\u0105, zapewniamy niezb\u0119dne przegl\u0105dy, przegl\u0105dy i konserwacj\u0119 prewencyjn\u0105. Jeste\u015bmy do Twojej dyspozycji w razie wypadku lub sytuacji awaryjnej. Nasza mobilna jednostka jest gotowa na szybk\u0105 reakcj\u0119 i interwencj\u0119. 5696743a:1:{i:0;a:4:{s:40:&#8221;block-intro-description-signpost-icon-id&#8221;;s:0:&#8221;&#8221;;s:38:&#8221;block-intro-description-signpost-title&#8221;;s:0:&#8221;&#8221;;s:41:&#8221;block-intro-description-signpost-subtitle&#8221;;s:0:&#8221;&#8221;;s:36:&#8221;block-intro-description-signpost-url&#8221;;s:0:&#8221;&#8221;;}}...","og_url":"https:\/\/www.m2c.eu\/pl\/uslugi\/obsluga-techniczna\/","og_site_name":"M2C","article_modified_time":"2021-11-15T11:29:29+00:00","og_image":[{"width":1200,"height":630,"url":"https:\/\/www.m2c.eu\/wp-content\/uploads\/2021\/09\/M2C_OG.jpg","type":"image\/jpeg"}],"twitter_card":"summary_large_image","twitter_misc":{"Szacowany czas czytania":"1 minuta"},"schema":{"@context":"https:\/\/schema.org","@graph":[{"@type":"WebPage","@id":"https:\/\/www.m2c.eu\/pl\/uslugi\/obsluga-techniczna\/","url":"https:\/\/www.m2c.eu\/pl\/uslugi\/obsluga-techniczna\/","name":"Obs\u0142uga techniczna | M2C","isPartOf":{"@id":"https:\/\/www.m2c.eu\/#website"},"datePublished":"2021-10-22T12:28:41+00:00","dateModified":"2021-11-15T11:29:29+00:00","breadcrumb":{"@id":"https:\/\/www.m2c.eu\/pl\/uslugi\/obsluga-techniczna\/#breadcrumb"},"inLanguage":"pl-PL","potentialAction":[{"@type":"ReadAction","target":["https:\/\/www.m2c.eu\/pl\/uslugi\/obsluga-techniczna\/"]}]},{"@type":"BreadcrumbList","@id":"https:\/\/www.m2c.eu\/pl\/uslugi\/obsluga-techniczna\/#breadcrumb","itemListElement":[{"@type":"ListItem","position":1,"name":"\u00davod","item":"https:\/\/www.m2c.eu\/pl\/"},{"@type":"ListItem","position":2,"name":"Us\u0142ugi","item":"https:\/\/www.m2c.eu\/pl\/uslugi\/"},{"@type":"ListItem","position":3,"name":"Obs\u0142uga techniczna"}]},{"@type":"WebSite","@id":"https:\/\/www.m2c.eu\/#website","url":"https:\/\/www.m2c.eu\/","name":"M2C","description":"Kompleksowa obs\u0142uga obiekt\u00f3w komercyjnych","publisher":{"@id":"https:\/\/www.m2c.eu\/#organization"},"potentialAction":[{"@type":"SearchAction","target":{"@type":"EntryPoint","urlTemplate":"https:\/\/www.m2c.eu\/?s={search_term_string}"},"query-input":{"@type":"PropertyValueSpecification","valueRequired":true,"valueName":"search_term_string"}}],"inLanguage":"pl-PL"},{"@type":"Organization","@id":"https:\/\/www.m2c.eu\/#organization","name":"M2C","url":"https:\/\/www.m2c.eu\/","logo":{"@type":"ImageObject","inLanguage":"pl-PL","@id":"https:\/\/www.m2c.eu\/#\/schema\/logo\/image\/","url":"https:\/\/www.m2c.eu\/wp-content\/uploads\/2021\/08\/logo-m2c.svg","contentUrl":"https:\/\/www.m2c.eu\/wp-content\/uploads\/2021\/08\/logo-m2c.svg","width":141,"height":40,"caption":"M2C"},"image":{"@id":"https:\/\/www.m2c.eu\/#\/schema\/logo\/image\/"}}]}},"_links":{"self":[{"href":"https:\/\/www.m2c.eu\/pl\/wp-json\/wp\/v2\/pages\/5000","targetHints":{"allow":["GET"]}}],"collection":[{"href":"https:\/\/www.m2c.eu\/pl\/wp-json\/wp\/v2\/pages"}],"about":[{"href":"https:\/\/www.m2c.eu\/pl\/wp-json\/wp\/v2\/types\/page"}],"author":[{"embeddable":true,"href":"https:\/\/www.m2c.eu\/pl\/wp-json\/wp\/v2\/users\/20"}],"replies":[{"embeddable":true,"href":"https:\/\/www.m2c.eu\/pl\/wp-json\/wp\/v2\/comments?post=5000"}],"version-history":[{"count":6,"href":"https:\/\/www.m2c.eu\/pl\/wp-json\/wp\/v2\/pages\/5000\/revisions"}],"predecessor-version":[{"id":6909,"href":"https:\/\/www.m2c.eu\/pl\/wp-json\/wp\/v2\/pages\/5000\/revisions\/6909"}],"up":[{"embeddable":true,"href":"https:\/\/www.m2c.eu\/pl\/wp-json\/wp\/v2\/pages\/4993"}],"wp:attachment":[{"href":"https:\/\/www.m2c.eu\/pl\/wp-json\/wp\/v2\/media?parent=5000"}],"curies":[{"name":"wp","href":"https:\/\/api.w.org\/{rel}","templated":true}]}}