{"id":4995,"date":"2021-10-22T14:26:55","date_gmt":"2021-10-22T12:26:55","guid":{"rendered":"https:\/\/www.m2c.eu\/?page_id=4995"},"modified":"2025-05-29T14:06:37","modified_gmt":"2025-05-29T12:06:37","slug":"bezpieczenstwo","status":"publish","type":"page","link":"https:\/\/www.m2c.eu\/pl\/uslugi\/bezpieczenstwo\/","title":{"rendered":"Bezpiecze\u0144stwo"},"content":{"rendered":"<div class=\"d-none\" style=\"display: none;\">\n<h3>Bezpiecze\u0144stwo<\/h3>\n<p>Nasz zesp\u00f3\u0142 ekspert\u00f3w ds. bezpiecze\u0144stwa zapewni kompleksowe zabezpieczenie Twojego obiektu. Oferujemy us\u0142ugi ochrony fizycznej mienia i os\u00f3b. Czy wiesz na przyk\u0142ad, \u017ce nie trzeba ju\u017c p\u0142aci\u0107 za nocnego i weekendowego ochroniarza? Dzi\u0119ki nowoczesnym technologiom i systemom kamer, b\u0119dziemy zdalnie monitorowa\u0107 Tw\u00f3j obiekt poprzez centrum monitoringu M2C Space.<\/p>\n<p>6096563a:1:{i:0;a:4:{s:40:&#8221;block-intro-description-signpost-icon-id&#8221;;s:0:&#8221;&#8221;;s:38:&#8221;block-intro-description-signpost-title&#8221;;s:0:&#8221;&#8221;;s:41:&#8221;block-intro-description-signpost-subtitle&#8221;;s:0:&#8221;&#8221;;s:36:&#8221;block-intro-description-signpost-url&#8221;;s:0:&#8221;&#8221;;}}<\/p>\n<h3>Ochrona fizyczna<\/h3>\n<h3>ARC i VARC<\/h3>\n<h3>Interesuje Ci\u0119 jak obni\u017cy\u0107 koszty eksploatacji budynku?<\/h3>\n<h3>Specjalistyczne us\u0142ugi ochrony<\/h3>\n<h3>Audyt bezpiecze\u0144stwa<\/h3>\n<h3>BHP i PPO\u017b<\/h3>\n<h3>Nie wybra\u0142e\u015b us\u0142ug z oferty?<\/h3>\n<\/div>\n<div class=\"d-none\" style=\"display: none;\">\n<h3>Bezpiecze\u0144stwo<\/h3>\n<p>Nasz zesp\u00f3\u0142 ekspert\u00f3w ds. bezpiecze\u0144stwa zapewni kompleksowe zabezpieczenie Twojego obiektu. Oferujemy us\u0142ugi ochrony fizycznej mienia i os\u00f3b. Czy wiesz na przyk\u0142ad, \u017ce nie trzeba ju\u017c p\u0142aci\u0107 za nocnego i weekendowego ochroniarza? Dzi\u0119ki nowoczesnym technologiom i systemom kamer, b\u0119dziemy zdalnie monitorowa\u0107 Tw\u00f3j obiekt poprzez centrum monitoringu M2C Space.<\/p>\n<p>6096563a:1:{i:0;a:4:{s:40:&#8221;block-intro-description-signpost-icon-id&#8221;;s:0:&#8221;&#8221;;s:38:&#8221;block-intro-description-signpost-title&#8221;;s:0:&#8221;&#8221;;s:41:&#8221;block-intro-description-signpost-subtitle&#8221;;s:0:&#8221;&#8221;;s:36:&#8221;block-intro-description-signpost-url&#8221;;s:0:&#8221;&#8221;;}}<\/p>\n<h3>Ochrona fizyczna<\/h3>\n<h3>ARC i VARC<\/h3>\n<h3>Interesuje Ci\u0119 jak obni\u017cy\u0107 koszty eksploatacji budynku?<\/h3>\n<h3>Specjalistyczne us\u0142ugi ochrony<\/h3>\n<h3>Audyt bezpiecze\u0144stwa<\/h3>\n<h3>BHP i PPO\u017b<\/h3>\n<h3>Nie wybra\u0142e\u015b us\u0142ug z oferty?<\/h3>\n<\/div>\n","protected":false},"excerpt":{"rendered":"<p>Bezpiecze\u0144stwo Nasz zesp\u00f3\u0142 ekspert\u00f3w ds. bezpiecze\u0144stwa zapewni kompleksowe zabezpieczenie Twojego obiektu. Oferujemy us\u0142ugi ochrony fizycznej mienia i os\u00f3b. Czy wiesz na przyk\u0142ad, \u017ce nie trzeba ju\u017c p\u0142aci\u0107 za nocnego i weekendowego ochroniarza? Dzi\u0119ki nowoczesnym technologiom i systemom kamer, b\u0119dziemy zdalnie monitorowa\u0107 Tw\u00f3j obiekt poprzez centrum monitoringu M2C Space. 6096563a:1:{i:0;a:4:{s:40:&#8221;block-intro-description-signpost-icon-id&#8221;;s:0:&#8221;&#8221;;s:38:&#8221;block-intro-description-signpost-title&#8221;;s:0:&#8221;&#8221;;s:41:&#8221;block-intro-description-signpost-subtitle&#8221;;s:0:&#8221;&#8221;;s:36:&#8221;block-intro-description-signpost-url&#8221;;s:0:&#8221;&#8221;;}} Ochrona fizyczna ARC i VARC Interesuje&#8230;<\/p>\n","protected":false},"author":20,"featured_media":0,"parent":4993,"menu_order":0,"comment_status":"closed","ping_status":"closed","template":"pages\/page-blocks.php","meta":{"_monsterinsights_skip_tracking":false,"_monsterinsights_sitenote_active":false,"_monsterinsights_sitenote_note":"","_monsterinsights_sitenote_category":0,"footnotes":""},"class_list":["post-4995","page","type-page","status-publish","hentry"],"yoast_head":"<!-- This site is optimized with the Yoast SEO plugin v27.3 - https:\/\/yoast.com\/product\/yoast-seo-wordpress\/ -->\n<title>Bezpiecze\u0144stwo | M2C<\/title>\n<meta name=\"description\" content=\"Zapewniamy kompleksowe us\u0142ugi ochrony \u2013 ochrona fizyczna, monitoring, systemy CCTV i zaawansowane technologie bezpiecze\u0144stwa.\" \/>\n<meta name=\"robots\" content=\"index, follow, max-snippet:-1, max-image-preview:large, max-video-preview:-1\" \/>\n<link rel=\"canonical\" href=\"https:\/\/www.m2c.eu\/pl\/uslugi\/bezpieczenstwo\/\" \/>\n<meta property=\"og:locale\" content=\"pl_PL\" \/>\n<meta property=\"og:type\" content=\"article\" \/>\n<meta property=\"og:title\" content=\"Bezpiecze\u0144stwo | M2C\" \/>\n<meta property=\"og:description\" content=\"Zapewniamy kompleksowe us\u0142ugi ochrony \u2013 ochrona fizyczna, monitoring, systemy CCTV i zaawansowane technologie bezpiecze\u0144stwa.\" \/>\n<meta property=\"og:url\" content=\"https:\/\/www.m2c.eu\/pl\/uslugi\/bezpieczenstwo\/\" \/>\n<meta property=\"og:site_name\" content=\"M2C\" \/>\n<meta property=\"article:modified_time\" content=\"2025-05-29T12:06:37+00:00\" \/>\n<meta property=\"og:image\" content=\"https:\/\/www.m2c.eu\/wp-content\/uploads\/2021\/09\/M2C_OG.jpg\" \/>\n\t<meta property=\"og:image:width\" content=\"1200\" \/>\n\t<meta property=\"og:image:height\" content=\"630\" \/>\n\t<meta property=\"og:image:type\" content=\"image\/jpeg\" \/>\n<meta name=\"twitter:card\" content=\"summary_large_image\" \/>\n<meta name=\"twitter:label1\" content=\"Szacowany czas czytania\" \/>\n\t<meta name=\"twitter:data1\" content=\"1 minuta\" \/>\n<!-- \/ Yoast SEO plugin. -->","yoast_head_json":{"title":"Bezpiecze\u0144stwo | M2C","description":"Zapewniamy kompleksowe us\u0142ugi ochrony \u2013 ochrona fizyczna, monitoring, systemy CCTV i zaawansowane technologie bezpiecze\u0144stwa.","robots":{"index":"index","follow":"follow","max-snippet":"max-snippet:-1","max-image-preview":"max-image-preview:large","max-video-preview":"max-video-preview:-1"},"canonical":"https:\/\/www.m2c.eu\/pl\/uslugi\/bezpieczenstwo\/","og_locale":"pl_PL","og_type":"article","og_title":"Bezpiecze\u0144stwo | M2C","og_description":"Zapewniamy kompleksowe us\u0142ugi ochrony \u2013 ochrona fizyczna, monitoring, systemy CCTV i zaawansowane technologie bezpiecze\u0144stwa.","og_url":"https:\/\/www.m2c.eu\/pl\/uslugi\/bezpieczenstwo\/","og_site_name":"M2C","article_modified_time":"2025-05-29T12:06:37+00:00","og_image":[{"width":1200,"height":630,"url":"https:\/\/www.m2c.eu\/wp-content\/uploads\/2021\/09\/M2C_OG.jpg","type":"image\/jpeg"}],"twitter_card":"summary_large_image","twitter_misc":{"Szacowany czas czytania":"1 minuta"},"schema":{"@context":"https:\/\/schema.org","@graph":[{"@type":"WebPage","@id":"https:\/\/www.m2c.eu\/pl\/uslugi\/bezpieczenstwo\/","url":"https:\/\/www.m2c.eu\/pl\/uslugi\/bezpieczenstwo\/","name":"Bezpiecze\u0144stwo | M2C","isPartOf":{"@id":"https:\/\/www.m2c.eu\/#website"},"datePublished":"2021-10-22T12:26:55+00:00","dateModified":"2025-05-29T12:06:37+00:00","description":"Zapewniamy kompleksowe us\u0142ugi ochrony \u2013 ochrona fizyczna, monitoring, systemy CCTV i zaawansowane technologie bezpiecze\u0144stwa.","breadcrumb":{"@id":"https:\/\/www.m2c.eu\/pl\/uslugi\/bezpieczenstwo\/#breadcrumb"},"inLanguage":"pl-PL","potentialAction":[{"@type":"ReadAction","target":["https:\/\/www.m2c.eu\/pl\/uslugi\/bezpieczenstwo\/"]}]},{"@type":"BreadcrumbList","@id":"https:\/\/www.m2c.eu\/pl\/uslugi\/bezpieczenstwo\/#breadcrumb","itemListElement":[{"@type":"ListItem","position":1,"name":"\u00davod","item":"https:\/\/www.m2c.eu\/pl\/"},{"@type":"ListItem","position":2,"name":"Us\u0142ugi","item":"https:\/\/www.m2c.eu\/pl\/uslugi\/"},{"@type":"ListItem","position":3,"name":"Bezpiecze\u0144stwo"}]},{"@type":"WebSite","@id":"https:\/\/www.m2c.eu\/#website","url":"https:\/\/www.m2c.eu\/","name":"M2C","description":"Kompleksowa obs\u0142uga obiekt\u00f3w komercyjnych","publisher":{"@id":"https:\/\/www.m2c.eu\/#organization"},"potentialAction":[{"@type":"SearchAction","target":{"@type":"EntryPoint","urlTemplate":"https:\/\/www.m2c.eu\/?s={search_term_string}"},"query-input":{"@type":"PropertyValueSpecification","valueRequired":true,"valueName":"search_term_string"}}],"inLanguage":"pl-PL"},{"@type":"Organization","@id":"https:\/\/www.m2c.eu\/#organization","name":"M2C","url":"https:\/\/www.m2c.eu\/","logo":{"@type":"ImageObject","inLanguage":"pl-PL","@id":"https:\/\/www.m2c.eu\/#\/schema\/logo\/image\/","url":"https:\/\/www.m2c.eu\/wp-content\/uploads\/2021\/08\/logo-m2c.svg","contentUrl":"https:\/\/www.m2c.eu\/wp-content\/uploads\/2021\/08\/logo-m2c.svg","width":141,"height":40,"caption":"M2C"},"image":{"@id":"https:\/\/www.m2c.eu\/#\/schema\/logo\/image\/"}}]}},"_links":{"self":[{"href":"https:\/\/www.m2c.eu\/pl\/wp-json\/wp\/v2\/pages\/4995","targetHints":{"allow":["GET"]}}],"collection":[{"href":"https:\/\/www.m2c.eu\/pl\/wp-json\/wp\/v2\/pages"}],"about":[{"href":"https:\/\/www.m2c.eu\/pl\/wp-json\/wp\/v2\/types\/page"}],"author":[{"embeddable":true,"href":"https:\/\/www.m2c.eu\/pl\/wp-json\/wp\/v2\/users\/20"}],"replies":[{"embeddable":true,"href":"https:\/\/www.m2c.eu\/pl\/wp-json\/wp\/v2\/comments?post=4995"}],"version-history":[{"count":3,"href":"https:\/\/www.m2c.eu\/pl\/wp-json\/wp\/v2\/pages\/4995\/revisions"}],"predecessor-version":[{"id":18985,"href":"https:\/\/www.m2c.eu\/pl\/wp-json\/wp\/v2\/pages\/4995\/revisions\/18985"}],"up":[{"embeddable":true,"href":"https:\/\/www.m2c.eu\/pl\/wp-json\/wp\/v2\/pages\/4993"}],"wp:attachment":[{"href":"https:\/\/www.m2c.eu\/pl\/wp-json\/wp\/v2\/media?parent=4995"}],"curies":[{"name":"wp","href":"https:\/\/api.w.org\/{rel}","templated":true}]}}