{"id":4989,"date":"2021-10-22T14:25:16","date_gmt":"2021-10-22T12:25:16","guid":{"rendered":"https:\/\/www.m2c.eu\/?page_id=4989"},"modified":"2025-09-03T15:37:17","modified_gmt":"2025-09-03T13:37:17","slug":"kontakt","status":"publish","type":"page","link":"https:\/\/www.m2c.eu\/pl\/kontakt\/","title":{"rendered":"Kontakt"},"content":{"rendered":"<div class=\"d-none\" style=\"display: none;\">\n<h3>Kontakt<\/h3>\n<h3>RECEPCJA M2C<\/h3>\n<\/div>\n<div class=\"d-none\" style=\"display: none;\">\n<h3>Kontakt<\/h3>\n<h3>RECEPCJA M2C<\/h3>\n<\/div>\n","protected":false},"excerpt":{"rendered":"<p>Kontakt RECEPCJA M2C Kontakt RECEPCJA M2C<\/p>\n","protected":false},"author":20,"featured_media":0,"parent":0,"menu_order":0,"comment_status":"closed","ping_status":"closed","template":"pages\/page-blocks.php","meta":{"_monsterinsights_skip_tracking":false,"_monsterinsights_sitenote_active":false,"_monsterinsights_sitenote_note":"","_monsterinsights_sitenote_category":0,"footnotes":""},"class_list":["post-4989","page","type-page","status-publish","hentry"],"yoast_head":"<!-- This site is optimized with the Yoast SEO plugin v27.4 - https:\/\/yoast.com\/product\/yoast-seo-wordpress\/ -->\n<title>Kontakt | M2C<\/title>\n<meta name=\"description\" content=\"Skontaktuj si\u0119 z nami! Chcesz porozmawia\u0107 z dzia\u0142em sprzeda\u017cy? Napisz na adres sales.pl@m2c.eu. Szukasz pracy? Pisz na rekrutacja@m2c.eu\" \/>\n<meta name=\"robots\" content=\"index, follow, max-snippet:-1, max-image-preview:large, max-video-preview:-1\" \/>\n<link rel=\"canonical\" href=\"https:\/\/www.m2c.eu\/pl\/kontakt\/\" \/>\n<meta property=\"og:locale\" content=\"pl_PL\" \/>\n<meta property=\"og:type\" content=\"article\" \/>\n<meta property=\"og:title\" content=\"Kontakt | M2C\" \/>\n<meta property=\"og:description\" content=\"Skontaktuj si\u0119 z nami! Chcesz porozmawia\u0107 z dzia\u0142em sprzeda\u017cy? Napisz na adres sales.pl@m2c.eu. Szukasz pracy? Pisz na rekrutacja@m2c.eu\" \/>\n<meta property=\"og:url\" content=\"https:\/\/www.m2c.eu\/pl\/kontakt\/\" \/>\n<meta property=\"og:site_name\" content=\"M2C\" \/>\n<meta property=\"article:modified_time\" content=\"2025-09-03T13:37:17+00:00\" \/>\n<meta property=\"og:image\" content=\"https:\/\/www.m2c.eu\/wp-content\/uploads\/2021\/09\/M2C_OG.jpg\" \/>\n\t<meta property=\"og:image:width\" content=\"1200\" \/>\n\t<meta property=\"og:image:height\" content=\"630\" \/>\n\t<meta property=\"og:image:type\" content=\"image\/jpeg\" \/>\n<meta name=\"twitter:card\" content=\"summary_large_image\" \/>\n<meta name=\"twitter:label1\" content=\"Szacowany czas czytania\" \/>\n\t<meta name=\"twitter:data1\" content=\"1 minuta\" \/>\n<!-- \/ Yoast SEO plugin. -->","yoast_head_json":{"title":"Kontakt | M2C","description":"Skontaktuj si\u0119 z nami! Chcesz porozmawia\u0107 z dzia\u0142em sprzeda\u017cy? Napisz na adres sales.pl@m2c.eu. Szukasz pracy? Pisz na rekrutacja@m2c.eu","robots":{"index":"index","follow":"follow","max-snippet":"max-snippet:-1","max-image-preview":"max-image-preview:large","max-video-preview":"max-video-preview:-1"},"canonical":"https:\/\/www.m2c.eu\/pl\/kontakt\/","og_locale":"pl_PL","og_type":"article","og_title":"Kontakt | M2C","og_description":"Skontaktuj si\u0119 z nami! Chcesz porozmawia\u0107 z dzia\u0142em sprzeda\u017cy? Napisz na adres sales.pl@m2c.eu. Szukasz pracy? Pisz na rekrutacja@m2c.eu","og_url":"https:\/\/www.m2c.eu\/pl\/kontakt\/","og_site_name":"M2C","article_modified_time":"2025-09-03T13:37:17+00:00","og_image":[{"width":1200,"height":630,"url":"https:\/\/www.m2c.eu\/wp-content\/uploads\/2021\/09\/M2C_OG.jpg","type":"image\/jpeg"}],"twitter_card":"summary_large_image","twitter_misc":{"Szacowany czas czytania":"1 minuta"},"schema":{"@context":"https:\/\/schema.org","@graph":[{"@type":"WebPage","@id":"https:\/\/www.m2c.eu\/pl\/kontakt\/","url":"https:\/\/www.m2c.eu\/pl\/kontakt\/","name":"Kontakt | M2C","isPartOf":{"@id":"https:\/\/www.m2c.eu\/#website"},"datePublished":"2021-10-22T12:25:16+00:00","dateModified":"2025-09-03T13:37:17+00:00","description":"Skontaktuj si\u0119 z nami! Chcesz porozmawia\u0107 z dzia\u0142em sprzeda\u017cy? Napisz na adres sales.pl@m2c.eu. Szukasz pracy? Pisz na rekrutacja@m2c.eu","breadcrumb":{"@id":"https:\/\/www.m2c.eu\/pl\/kontakt\/#breadcrumb"},"inLanguage":"pl-PL","potentialAction":[{"@type":"ReadAction","target":["https:\/\/www.m2c.eu\/pl\/kontakt\/"]}]},{"@type":"BreadcrumbList","@id":"https:\/\/www.m2c.eu\/pl\/kontakt\/#breadcrumb","itemListElement":[{"@type":"ListItem","position":1,"name":"\u00davod","item":"https:\/\/www.m2c.eu\/pl\/"},{"@type":"ListItem","position":2,"name":"Kontakt"}]},{"@type":"WebSite","@id":"https:\/\/www.m2c.eu\/#website","url":"https:\/\/www.m2c.eu\/","name":"M2C","description":"Kompleksowa obs\u0142uga obiekt\u00f3w komercyjnych","publisher":{"@id":"https:\/\/www.m2c.eu\/#organization"},"potentialAction":[{"@type":"SearchAction","target":{"@type":"EntryPoint","urlTemplate":"https:\/\/www.m2c.eu\/?s={search_term_string}"},"query-input":{"@type":"PropertyValueSpecification","valueRequired":true,"valueName":"search_term_string"}}],"inLanguage":"pl-PL"},{"@type":"Organization","@id":"https:\/\/www.m2c.eu\/#organization","name":"M2C","url":"https:\/\/www.m2c.eu\/","logo":{"@type":"ImageObject","inLanguage":"pl-PL","@id":"https:\/\/www.m2c.eu\/#\/schema\/logo\/image\/","url":"https:\/\/www.m2c.eu\/wp-content\/uploads\/2021\/08\/logo-m2c.svg","contentUrl":"https:\/\/www.m2c.eu\/wp-content\/uploads\/2021\/08\/logo-m2c.svg","width":141,"height":40,"caption":"M2C"},"image":{"@id":"https:\/\/www.m2c.eu\/#\/schema\/logo\/image\/"}}]}},"_links":{"self":[{"href":"https:\/\/www.m2c.eu\/pl\/wp-json\/wp\/v2\/pages\/4989","targetHints":{"allow":["GET"]}}],"collection":[{"href":"https:\/\/www.m2c.eu\/pl\/wp-json\/wp\/v2\/pages"}],"about":[{"href":"https:\/\/www.m2c.eu\/pl\/wp-json\/wp\/v2\/types\/page"}],"author":[{"embeddable":true,"href":"https:\/\/www.m2c.eu\/pl\/wp-json\/wp\/v2\/users\/20"}],"replies":[{"embeddable":true,"href":"https:\/\/www.m2c.eu\/pl\/wp-json\/wp\/v2\/comments?post=4989"}],"version-history":[{"count":3,"href":"https:\/\/www.m2c.eu\/pl\/wp-json\/wp\/v2\/pages\/4989\/revisions"}],"predecessor-version":[{"id":11397,"href":"https:\/\/www.m2c.eu\/pl\/wp-json\/wp\/v2\/pages\/4989\/revisions\/11397"}],"wp:attachment":[{"href":"https:\/\/www.m2c.eu\/pl\/wp-json\/wp\/v2\/media?parent=4989"}],"curies":[{"name":"wp","href":"https:\/\/api.w.org\/{rel}","templated":true}]}}