{"id":21123,"date":"2025-12-17T11:06:53","date_gmt":"2025-12-17T10:06:53","guid":{"rendered":"https:\/\/www.m2c.eu\/?page_id=21123"},"modified":"2025-12-17T11:08:44","modified_gmt":"2025-12-17T10:08:44","slug":"polityka-prywatnosci","status":"publish","type":"page","link":"https:\/\/www.m2c.eu\/pl\/polityka-prywatnosci\/","title":{"rendered":"POLITYKA PRYWATNO\u015aCI"},"content":{"rendered":"<p>Administratorem strony internetowej prowadzonej pod adresem www.m2c.eu jest M2C Facility Solution Polska sp. z. o. o. z siedzib\u0105 w Katowicach (40-602) przy ul. Kolejowej 57, KRS 0000985292, NIP 9542843656, email: pl.dpo@m2c.eu (dalej tak\u017ce \u201eM2C\u201d lub \u201eAdministrator\u201d).<\/p>\n<p>Niniejsza Polityka prywatno\u015bci reguluje spos\u00f3b, w jaki M2C gromadzi lub w inny spos\u00f3b przetwarza dane osobowe u\u017cytkownik\u00f3w niniejszej strony oraz podczas komunikacji drog\u0105 elektroniczn\u0105.<\/p>\n<p>I. DANE OSOBOWE<\/p>\n<p>1. Administrator danych<\/p>\n<p>Administratorem danych osobowych jest M2C Facility Solution Polska sp. z. o. o. z siedzib\u0105 w Katowicach (40-602) przy ul. Kolejowej 57, email: biuro.pl@m2c.eu<\/p>\n<p>2. Inspektor ochrony danych osobowych<\/p>\n<p>Administrator wyznaczy\u0142 inspektora ochrony danych, z kt\u00f3rym mo\u017cna si\u0119 skontaktowa\u0107 pod adresem email: pl.dpo@m2c.eu<\/p>\n<p>3. Cel i podstawa prawna przetwarzania danych<\/p>\n<p>M2C przetwarza dane osobowe u\u017cytkownika, na przyk\u0142ad imi\u0119 i nazwisko, adres e-mail, gdy u\u017cytkownik poda te informacje, kontaktuj\u0105c si\u0119 z M2C w wybranym celu. Podane dane osobowe przetwarzane s\u0105 w celach wynikaj\u0105cych z przedmiotu prowadzonej komunikacji &#8211; M2C korzysta z danych osobowych u\u017cytkownika, aby odpowiada\u0107 na jego pytania i \u015bwiadczy\u0107 konkretne, wybrane przez niego us\u0142ugi.<br \/>\nPrzetwarzanie odbywa si\u0119:<br \/>\na) na podstawie zgody u\u017cytkownika \u2013 wyra\u017canej poprzez podanie danych podczas kontaktu (art. 6 ust. 1 lit. a RODO) \u2013 wysy\u0142aj\u0105c wiadomo\u015b\u0107 e-mail lub formularz kontaktowy, wyra\u017cacie Pa\u0144stwo zgod\u0119 na przetwarzanie zawartych tam danych osobowych w celu udzielenia odpowiedzi na przes\u0142ane zapytanie, lub<br \/>\nb) jest konieczne do \u015bwiadczenia us\u0142ug lub podj\u0119cia dzia\u0142a\u0144 poprzedzaj\u0105cych \u015bwiadczenie us\u0142ug na \u017c\u0105danie osoby, kt\u00f3rej dane dotycz\u0105 (art 6 ust. 1 lit. b RODO) \u2013 je\u015bli kontaktujecie si\u0119 Pa\u0144stwo z M2C, aby skorzysta\u0107 z naszych us\u0142ug.<br \/>\nPrzetwarzanie mo\u017ce si\u0119 tak\u017ce odbywa\u0107, gdy:<br \/>\na) le\u017cy w uzasadnionym interesie M2C, do kt\u00f3rego zalicza si\u0119 w szczeg\u00f3lno\u015bci marketing us\u0142ug w\u0142asnych, chyba \u017ce prawo u\u017cytkownika do prywatno\u015bci ma wobec niego charakter nadrz\u0119dny (art. 6 ust. 1 lit. f RODO);<br \/>\nb) u\u017cytkownik wyrazi na to zgod\u0119 w przypadku innym ni\u017c wskazany w pkt a) powy\u017cej (art. 6 ust. 1 lit a RODO).<\/p>\n<p>4. Zgoda na przetwarzanie danych<\/p>\n<p>W sytuacjach wskazanych powy\u017cej, tj. w oparciu o wyszczeg\u00f3lnione podstawy prawne, i we wskazanych celach, mo\u017cemy przetwarza\u0107 Pa\u0144stwa dane osobowe bez konieczno\u015bci uzyskiwania zgody. Chc\u0105c wykorzysta\u0107 dane w innych celach, np. w celu przesy\u0142ania Pa\u0144stwu ofert handlowych za po\u015brednictwem poczty elektronicznej, musimy poprosi\u0107 Pa\u0144stwa o zgod\u0119 na przetwarzanie danych osobowych. Udzielenie zgody jest zawsze dobrowolne, a w razie jej udzielenia \u2013 dane osobowe przetwarzane b\u0119d\u0105 jedynie w celu, w jakim zgoda zosta\u0142a wyra\u017cona. Zgoda mo\u017ce by\u0107 w dowolnym momencie cofni\u0119ta, bez wp\u0142ywu na zgodno\u015b\u0107 z prawem przetwarzania dokonanego na jej podstawie przed cofni\u0119ciem.<\/p>\n<p>5. Przetwarzanie danych w celach innych ni\u017c komunikacja elektroniczna<\/p>\n<p>Aby uzyska\u0107 informacje na temat przetwarzania danych osobowych w celach innych ni\u017c komunikacja elektroniczna, prosimy o zapoznanie si\u0119 z odpowiedni\u0105 klauzul\u0105 informacyjn\u0105 dost\u0119pn\u0105:<br \/>\na) <a href=\"https:\/\/www.m2c.eu\/pl\/informacja-dla-kontrahentow-bedacych-osobami-fizycznymi-prowadzacymi-jednoosobowa-dzialalnosc-gospodarcza-oraz-przedstawicieli-i-pracownikow-kontrahentow-prowadzacych-dzialalnosc-gospodarcza-w-kazd\/?preview=true\">TUTAJ<\/a> \u2013 je\u015bli jeste\u015b naszym kontrahentem lub przedstawicielem albo pracownikiem kontrahenta,<br \/>\nb) <a href=\"https:\/\/kariera.m2c.eu\/pl\/polityka-prywatnosci\/\">TUTAJ<\/a> \u2013 je\u015bli chcesz si\u0119 ubiega\u0107 o prac\u0119 w M2C.<\/p>\n<p>6. Czy podanie danych osobowych jest obowi\u0105zkowe?<\/p>\n<p>Podanie danych osobowych jest dobrowolne, jednak odmowa ich podania mo\u017ce skutkowa\u0107 brakiem mo\u017cliwo\u015bci zawarcia i wykonania umowy\/skorzystania ze \u015bwiadczonych przez nas us\u0142ug i\/lub innych funkcjonalno\u015bci dost\u0119pnych na stronie oraz brakiem mo\u017cliwo\u015bci udzielenia odpowiedzi na przes\u0142ane zapytanie.<\/p>\n<p>7. Czy przekazujemy komu\u015b dane osobowe?<\/p>\n<p>Co do zasady \u2013 nikomu nie udost\u0119pniamy danych osobowych. Dane osobowe w drodze umowy (zgodnie z art. 28 RODO) powierzamy do przetwarzania podmiotom, z kt\u00f3rych us\u0142ug korzystamy w zwi\u0105zku z przetwarzaniem danych, np. dostawcom us\u0142ug IT, w zakresie niezb\u0119dnym do prawid\u0142owego wykonania tych us\u0142ug. Odmienne zasady udost\u0119pniania danych w celach innych ni\u017c komunikacja, mog\u0105 wynika\u0107 z poszczeg\u00f3lnych klauzul informacyjnych, o kt\u00f3rych mowa w pkt 5 niniejszej Polityki Prywatno\u015bci.<\/p>\n<p>8. Profilowanie<\/p>\n<p>Dane osobowe nie b\u0119d\u0105 podlega\u0142y profilowaniu, ani nie b\u0119d\u0105 przetwarzane w celu zautomatyzowanego podejmowania decyzji.<\/p>\n<p>9. Jak d\u0142ugo przechowujemy dane osobowe?<\/p>\n<p>Dane osobowe u\u017cytkownika b\u0119d\u0105 przechowywane przez okres prowadzenia komunikacji lub przez okres niezb\u0119dny do realizacji czynno\u015bci wynikaj\u0105cych z przedmiotu prowadzonej komunikacji (np. prowadzenia rekrutacji) \u2013 zgodny z odpowiednimi przepisami prawa. W przypadku przetwarzania danych na podstawie udzielonej zgody, M2C zaprzestanie ich przetwarzania w celu wskazanym w tre\u015bci zgody niezw\u0142ocznie po jej odwo\u0142aniu.<\/p>\n<p>10. Przys\u0142uguj\u0105ce uprawnienia<\/p>\n<p>U\u017cytkownik ma prawo: \u017c\u0105dania od nas dost\u0119pu do swoich danych osobowych oraz prawo do ich sprostowania, usuni\u0119cia (w przypadkach wskazanych w art. 17 RODO), ograniczenia przetwarzania (w przypadkach wskazanych w art. 18 RODO), prawo do przenoszenia danych (w przypadkach wskazanych w art. 20 RODO).<\/p>\n<p>U\u017cytkownik ma prawo wniesienia skargi do Prezesa Urz\u0119du Ochrony Danych Osobowych, je\u017celi uzna, i\u017c przetwarzanie dotycz\u0105cych go danych osobowych narusza przepisy RODO.<\/p>\n<p>U\u017cytkownik ma prawo do wniesienia sprzeciwu wobec przetwarzania danych osobowych: wobec przetwarzania danych osobowych opartego na wype\u0142nianiu prawnie uzasadnionych interes\u00f3w realizowanych przez Administratora \u2013 z przyczyn zwi\u0105zanych ze swoj\u0105 szczeg\u00f3ln\u0105 sytuacj\u0105; wobec przetwarzania danych na potrzeby marketingu bezpo\u015bredniego \u2013 w dowolnym momencie.<\/p>\n<p>W przypadku ch\u0119ci zadania pytania lub skorzystania z kt\u00f3regokolwiek z praw, U\u017cytkownik mo\u017ce skontaktowa\u0107 si\u0119 z M2C korzystaj\u0105c z danych kontaktowych wskazanych w niniejszej klauzuli informacyjnej.<\/p>\n<p>II. PLIKI COOKIES<\/p>\n<p>Korzystaj\u0105c z witryny internetowej, zbierane s\u0105 pliki typu \u201ecookies\u201d (\u201eciasteczka\u201d), obejmuj\u0105ce zawarto\u015b\u0107 tekstow\u0105, kt\u00f3re mog\u0105 zawiera\u0107 dane osobowe w postaci adresu IP komputera oraz unikalnego identyfikatora urz\u0105dzenia zapisanego w pliku.<br \/>\nPodstaw\u0105 prawn\u0105 dla zbierania danych odczytywanych z plik\u00f3w \u201ecookies\u201d jest art. 6<br \/>\nust. 1 lit. f) RODO, dopuszczaj\u0105cy przetwarzanie danych osobowych dla osi\u0105gni\u0119cia usprawiedliwionego celu administratora danych. Celem takim jest dostosowanie strony do indywidualnych ustawie\u0144 u\u017cytkownika oraz zapami\u0119tanie wprowadzanych przez u\u017cytkownika danych zwi\u0105zanych z korzystaniem z serwisu, jak r\u00f3wnie\u017c prowadzenie analiz statystycznych dotycz\u0105cych u\u017cytkownik\u00f3w i odwiedzaj\u0105cych stron\u0119 na potrzeby administratora, okre\u015blenie profilu u\u017cytkownika w celu wy\u015bwietlania mu dopasowanych materia\u0142\u00f3w w sieciach reklamowych, w szczeg\u00f3lno\u015bci sieci Google, Google Analytics.<br \/>\nMo\u017cesz zrezygnowa\u0107 ze zbierania plik\u00f3w \u201ecookies\u201d, wybieraj\u0105c odpowiednie ustawienia przegl\u0105darki, z kt\u00f3rej korzystasz, jednak nale\u017cy pami\u0119ta\u0107, \u017ce w takim przypadku korzystanie z wszystkich funkcji serwisu mo\u017ce okaza\u0107 si\u0119 utrudnione, np. zablokowanie wszystkich cookies z naszej witryny mo\u017ce wp\u0142ywa\u0107 na problemy z jej dzia\u0142aniem czy te\u017c ca\u0142kowicie blokowa\u0107 korzystanie z pewnych opcji na stronie internetowej.<br \/>\nMo\u017cesz uzyska\u0107 dost\u0119p do swoich danych w formie zbieranej poprzez analiz\u0119 zawarto\u015bci plik\u00f3w \u201ecookies\u201d, w tre\u015bci, w jakiej znajduj\u0105 si\u0119 na dysku komputera, kt\u00f3re s\u0105 nast\u0119pnie wykorzystywane przez witryn\u0119 oraz w ka\u017cdej chwili je usun\u0105\u0107.<br \/>\nPrzys\u0142uguje Ci prawo ich usuni\u0119cia, wniesienia sprzeciwu wobec ich przetwarzania, jak r\u00f3wnie\u017c prawo wniesienia skargi do organu nadzorczego.<\/p>\n<p>&nbsp;<\/p>\n","protected":false},"excerpt":{"rendered":"<p>Administratorem strony internetowej prowadzonej pod adresem www.m2c.eu jest M2C Facility Solution Polska sp. z. o. o. z siedzib\u0105 w Katowicach (40-602) przy ul. Kolejowej 57, KRS 0000985292, NIP 9542843656, email: pl.dpo@m2c.eu (dalej tak\u017ce \u201eM2C\u201d lub \u201eAdministrator\u201d). Niniejsza Polityka prywatno\u015bci reguluje spos\u00f3b, w jaki M2C gromadzi lub w inny spos\u00f3b przetwarza dane osobowe u\u017cytkownik\u00f3w niniejszej strony&#8230;<\/p>\n","protected":false},"author":22,"featured_media":0,"parent":0,"menu_order":0,"comment_status":"closed","ping_status":"closed","template":"","meta":{"_monsterinsights_skip_tracking":false,"_monsterinsights_sitenote_active":false,"_monsterinsights_sitenote_note":"","_monsterinsights_sitenote_category":0,"footnotes":""},"class_list":["post-21123","page","type-page","status-publish","hentry"],"yoast_head":"<!-- This site is optimized with the Yoast SEO plugin v27.5 - https:\/\/yoast.com\/product\/yoast-seo-wordpress\/ -->\n<title>POLITYKA PRYWATNO\u015aCI | M2C<\/title>\n<meta name=\"robots\" content=\"index, follow, max-snippet:-1, max-image-preview:large, max-video-preview:-1\" \/>\n<link rel=\"canonical\" href=\"https:\/\/www.m2c.eu\/pl\/polityka-prywatnosci\/\" \/>\n<meta property=\"og:locale\" content=\"pl_PL\" \/>\n<meta property=\"og:type\" content=\"article\" \/>\n<meta property=\"og:title\" content=\"POLITYKA PRYWATNO\u015aCI | M2C\" \/>\n<meta property=\"og:description\" content=\"Administratorem strony internetowej prowadzonej pod adresem www.m2c.eu jest M2C Facility Solution Polska sp. z. o. o. z siedzib\u0105 w Katowicach (40-602) przy ul. Kolejowej 57, KRS 0000985292, NIP 9542843656, email: pl.dpo@m2c.eu (dalej tak\u017ce \u201eM2C\u201d lub \u201eAdministrator\u201d). Niniejsza Polityka prywatno\u015bci reguluje spos\u00f3b, w jaki M2C gromadzi lub w inny spos\u00f3b przetwarza dane osobowe u\u017cytkownik\u00f3w niniejszej strony...\" \/>\n<meta property=\"og:url\" content=\"https:\/\/www.m2c.eu\/pl\/polityka-prywatnosci\/\" \/>\n<meta property=\"og:site_name\" content=\"M2C\" \/>\n<meta property=\"article:modified_time\" content=\"2025-12-17T10:08:44+00:00\" \/>\n<meta property=\"og:image\" content=\"https:\/\/www.m2c.eu\/wp-content\/uploads\/2021\/09\/M2C_OG.jpg\" \/>\n\t<meta property=\"og:image:width\" content=\"1200\" \/>\n\t<meta property=\"og:image:height\" content=\"630\" \/>\n\t<meta property=\"og:image:type\" content=\"image\/jpeg\" \/>\n<meta name=\"twitter:card\" content=\"summary_large_image\" \/>\n<meta name=\"twitter:label1\" content=\"Szacowany czas czytania\" \/>\n\t<meta name=\"twitter:data1\" content=\"6 minut\" \/>\n<!-- \/ Yoast SEO plugin. -->","yoast_head_json":{"title":"POLITYKA PRYWATNO\u015aCI | M2C","robots":{"index":"index","follow":"follow","max-snippet":"max-snippet:-1","max-image-preview":"max-image-preview:large","max-video-preview":"max-video-preview:-1"},"canonical":"https:\/\/www.m2c.eu\/pl\/polityka-prywatnosci\/","og_locale":"pl_PL","og_type":"article","og_title":"POLITYKA PRYWATNO\u015aCI | M2C","og_description":"Administratorem strony internetowej prowadzonej pod adresem www.m2c.eu jest M2C Facility Solution Polska sp. z. o. o. z siedzib\u0105 w Katowicach (40-602) przy ul. Kolejowej 57, KRS 0000985292, NIP 9542843656, email: pl.dpo@m2c.eu (dalej tak\u017ce \u201eM2C\u201d lub \u201eAdministrator\u201d). Niniejsza Polityka prywatno\u015bci reguluje spos\u00f3b, w jaki M2C gromadzi lub w inny spos\u00f3b przetwarza dane osobowe u\u017cytkownik\u00f3w niniejszej strony...","og_url":"https:\/\/www.m2c.eu\/pl\/polityka-prywatnosci\/","og_site_name":"M2C","article_modified_time":"2025-12-17T10:08:44+00:00","og_image":[{"width":1200,"height":630,"url":"https:\/\/www.m2c.eu\/wp-content\/uploads\/2021\/09\/M2C_OG.jpg","type":"image\/jpeg"}],"twitter_card":"summary_large_image","twitter_misc":{"Szacowany czas czytania":"6 minut"},"schema":{"@context":"https:\/\/schema.org","@graph":[{"@type":"WebPage","@id":"https:\/\/www.m2c.eu\/pl\/polityka-prywatnosci\/","url":"https:\/\/www.m2c.eu\/pl\/polityka-prywatnosci\/","name":"POLITYKA PRYWATNO\u015aCI | M2C","isPartOf":{"@id":"https:\/\/www.m2c.eu\/#website"},"datePublished":"2025-12-17T10:06:53+00:00","dateModified":"2025-12-17T10:08:44+00:00","breadcrumb":{"@id":"https:\/\/www.m2c.eu\/pl\/polityka-prywatnosci\/#breadcrumb"},"inLanguage":"pl-PL","potentialAction":[{"@type":"ReadAction","target":["https:\/\/www.m2c.eu\/pl\/polityka-prywatnosci\/"]}]},{"@type":"BreadcrumbList","@id":"https:\/\/www.m2c.eu\/pl\/polityka-prywatnosci\/#breadcrumb","itemListElement":[{"@type":"ListItem","position":1,"name":"\u00davod","item":"https:\/\/www.m2c.eu\/pl\/"},{"@type":"ListItem","position":2,"name":"POLITYKA PRYWATNO\u015aCI"}]},{"@type":"WebSite","@id":"https:\/\/www.m2c.eu\/#website","url":"https:\/\/www.m2c.eu\/","name":"M2C","description":"Kompleksowa obs\u0142uga obiekt\u00f3w komercyjnych","publisher":{"@id":"https:\/\/www.m2c.eu\/#organization"},"potentialAction":[{"@type":"SearchAction","target":{"@type":"EntryPoint","urlTemplate":"https:\/\/www.m2c.eu\/?s={search_term_string}"},"query-input":{"@type":"PropertyValueSpecification","valueRequired":true,"valueName":"search_term_string"}}],"inLanguage":"pl-PL"},{"@type":"Organization","@id":"https:\/\/www.m2c.eu\/#organization","name":"M2C","url":"https:\/\/www.m2c.eu\/","logo":{"@type":"ImageObject","inLanguage":"pl-PL","@id":"https:\/\/www.m2c.eu\/#\/schema\/logo\/image\/","url":"https:\/\/www.m2c.eu\/wp-content\/uploads\/2021\/08\/logo-m2c.svg","contentUrl":"https:\/\/www.m2c.eu\/wp-content\/uploads\/2021\/08\/logo-m2c.svg","width":141,"height":40,"caption":"M2C"},"image":{"@id":"https:\/\/www.m2c.eu\/#\/schema\/logo\/image\/"}}]}},"_links":{"self":[{"href":"https:\/\/www.m2c.eu\/pl\/wp-json\/wp\/v2\/pages\/21123","targetHints":{"allow":["GET"]}}],"collection":[{"href":"https:\/\/www.m2c.eu\/pl\/wp-json\/wp\/v2\/pages"}],"about":[{"href":"https:\/\/www.m2c.eu\/pl\/wp-json\/wp\/v2\/types\/page"}],"author":[{"embeddable":true,"href":"https:\/\/www.m2c.eu\/pl\/wp-json\/wp\/v2\/users\/22"}],"replies":[{"embeddable":true,"href":"https:\/\/www.m2c.eu\/pl\/wp-json\/wp\/v2\/comments?post=21123"}],"version-history":[{"count":1,"href":"https:\/\/www.m2c.eu\/pl\/wp-json\/wp\/v2\/pages\/21123\/revisions"}],"predecessor-version":[{"id":21124,"href":"https:\/\/www.m2c.eu\/pl\/wp-json\/wp\/v2\/pages\/21123\/revisions\/21124"}],"wp:attachment":[{"href":"https:\/\/www.m2c.eu\/pl\/wp-json\/wp\/v2\/media?parent=21123"}],"curies":[{"name":"wp","href":"https:\/\/api.w.org\/{rel}","templated":true}]}}