{"id":5645,"date":"2021-11-09T14:29:19","date_gmt":"2021-11-09T13:29:19","guid":{"rendered":"https:\/\/www.m2c.eu\/?page_id=5645"},"modified":"2025-05-29T13:59:50","modified_gmt":"2025-05-29T11:59:50","slug":"gebaeudewartung","status":"publish","type":"page","link":"https:\/\/www.m2c.eu\/de\/leistungen\/gebaeudewartung\/","title":{"rendered":"Geb\u00e4udewartung"},"content":{"rendered":"","protected":false},"excerpt":{"rendered":"","protected":false},"author":20,"featured_media":0,"parent":5633,"menu_order":0,"comment_status":"closed","ping_status":"closed","template":"pages\/page-blocks.php","meta":{"_monsterinsights_skip_tracking":false,"_monsterinsights_sitenote_active":false,"_monsterinsights_sitenote_note":"","_monsterinsights_sitenote_category":0,"footnotes":""},"class_list":["post-5645","page","type-page","status-publish","hentry"],"yoast_head":"<!-- This site is optimized with the Yoast SEO plugin v27.3 - https:\/\/yoast.com\/product\/yoast-seo-wordpress\/ -->\n<title>Geb\u00e4udewartung | M2C<\/title>\n<meta name=\"description\" content=\"M2C bietet umfassende Geb\u00e4udewartung \u2013 technische, pr\u00e4ventive und Notfallwartung f\u00fcr Unternehmen und Gesch\u00e4ftsgeb\u00e4ude.\" \/>\n<meta name=\"robots\" content=\"index, follow, max-snippet:-1, max-image-preview:large, max-video-preview:-1\" \/>\n<link rel=\"canonical\" href=\"https:\/\/www.m2c.eu\/de\/leistungen\/gebaeudewartung\/\" \/>\n<meta property=\"og:locale\" content=\"de_DE\" \/>\n<meta property=\"og:type\" content=\"article\" \/>\n<meta property=\"og:title\" content=\"Geb\u00e4udewartung | M2C\" \/>\n<meta property=\"og:description\" content=\"M2C bietet umfassende Geb\u00e4udewartung \u2013 technische, pr\u00e4ventive und Notfallwartung f\u00fcr Unternehmen und Gesch\u00e4ftsgeb\u00e4ude.\" \/>\n<meta property=\"og:url\" content=\"https:\/\/www.m2c.eu\/de\/leistungen\/gebaeudewartung\/\" \/>\n<meta property=\"og:site_name\" content=\"M2C\" \/>\n<meta property=\"article:modified_time\" content=\"2025-05-29T11:59:50+00:00\" \/>\n<meta property=\"og:image\" content=\"https:\/\/www.m2c.eu\/wp-content\/uploads\/2021\/09\/M2C_OG.jpg\" \/>\n\t<meta property=\"og:image:width\" content=\"1200\" \/>\n\t<meta property=\"og:image:height\" content=\"630\" \/>\n\t<meta property=\"og:image:type\" content=\"image\/jpeg\" \/>\n<meta name=\"twitter:card\" content=\"summary_large_image\" \/>\n<!-- \/ Yoast SEO plugin. -->","yoast_head_json":{"title":"Geb\u00e4udewartung | M2C","description":"M2C bietet umfassende Geb\u00e4udewartung \u2013 technische, pr\u00e4ventive und Notfallwartung f\u00fcr Unternehmen und Gesch\u00e4ftsgeb\u00e4ude.","robots":{"index":"index","follow":"follow","max-snippet":"max-snippet:-1","max-image-preview":"max-image-preview:large","max-video-preview":"max-video-preview:-1"},"canonical":"https:\/\/www.m2c.eu\/de\/leistungen\/gebaeudewartung\/","og_locale":"de_DE","og_type":"article","og_title":"Geb\u00e4udewartung | M2C","og_description":"M2C bietet umfassende Geb\u00e4udewartung \u2013 technische, pr\u00e4ventive und Notfallwartung f\u00fcr Unternehmen und Gesch\u00e4ftsgeb\u00e4ude.","og_url":"https:\/\/www.m2c.eu\/de\/leistungen\/gebaeudewartung\/","og_site_name":"M2C","article_modified_time":"2025-05-29T11:59:50+00:00","og_image":[{"width":1200,"height":630,"url":"https:\/\/www.m2c.eu\/wp-content\/uploads\/2021\/09\/M2C_OG.jpg","type":"image\/jpeg"}],"twitter_card":"summary_large_image","schema":{"@context":"https:\/\/schema.org","@graph":[{"@type":"WebPage","@id":"https:\/\/www.m2c.eu\/de\/leistungen\/gebaeudewartung\/","url":"https:\/\/www.m2c.eu\/de\/leistungen\/gebaeudewartung\/","name":"Geb\u00e4udewartung | M2C","isPartOf":{"@id":"https:\/\/www.m2c.eu\/#website"},"datePublished":"2021-11-09T13:29:19+00:00","dateModified":"2025-05-29T11:59:50+00:00","description":"M2C bietet umfassende Geb\u00e4udewartung \u2013 technische, pr\u00e4ventive und Notfallwartung f\u00fcr Unternehmen und Gesch\u00e4ftsgeb\u00e4ude.","breadcrumb":{"@id":"https:\/\/www.m2c.eu\/de\/leistungen\/gebaeudewartung\/#breadcrumb"},"inLanguage":"de","potentialAction":[{"@type":"ReadAction","target":["https:\/\/www.m2c.eu\/de\/leistungen\/gebaeudewartung\/"]}]},{"@type":"BreadcrumbList","@id":"https:\/\/www.m2c.eu\/de\/leistungen\/gebaeudewartung\/#breadcrumb","itemListElement":[{"@type":"ListItem","position":1,"name":"\u00davod","item":"https:\/\/www.m2c.eu\/de\/"},{"@type":"ListItem","position":2,"name":"Dienstleistungen","item":"https:\/\/www.m2c.eu\/de\/leistungen\/"},{"@type":"ListItem","position":3,"name":"Geb\u00e4udewartung"}]},{"@type":"WebSite","@id":"https:\/\/www.m2c.eu\/#website","url":"https:\/\/www.m2c.eu\/","name":"M2C","description":"Kompleksowa obs\u0142uga obiekt\u00f3w komercyjnych","publisher":{"@id":"https:\/\/www.m2c.eu\/#organization"},"potentialAction":[{"@type":"SearchAction","target":{"@type":"EntryPoint","urlTemplate":"https:\/\/www.m2c.eu\/?s={search_term_string}"},"query-input":{"@type":"PropertyValueSpecification","valueRequired":true,"valueName":"search_term_string"}}],"inLanguage":"de"},{"@type":"Organization","@id":"https:\/\/www.m2c.eu\/#organization","name":"M2C","url":"https:\/\/www.m2c.eu\/","logo":{"@type":"ImageObject","inLanguage":"de","@id":"https:\/\/www.m2c.eu\/#\/schema\/logo\/image\/","url":"https:\/\/www.m2c.eu\/wp-content\/uploads\/2021\/08\/logo-m2c.svg","contentUrl":"https:\/\/www.m2c.eu\/wp-content\/uploads\/2021\/08\/logo-m2c.svg","width":141,"height":40,"caption":"M2C"},"image":{"@id":"https:\/\/www.m2c.eu\/#\/schema\/logo\/image\/"}}]}},"_links":{"self":[{"href":"https:\/\/www.m2c.eu\/de\/wp-json\/wp\/v2\/pages\/5645","targetHints":{"allow":["GET"]}}],"collection":[{"href":"https:\/\/www.m2c.eu\/de\/wp-json\/wp\/v2\/pages"}],"about":[{"href":"https:\/\/www.m2c.eu\/de\/wp-json\/wp\/v2\/types\/page"}],"author":[{"embeddable":true,"href":"https:\/\/www.m2c.eu\/de\/wp-json\/wp\/v2\/users\/20"}],"replies":[{"embeddable":true,"href":"https:\/\/www.m2c.eu\/de\/wp-json\/wp\/v2\/comments?post=5645"}],"version-history":[{"count":2,"href":"https:\/\/www.m2c.eu\/de\/wp-json\/wp\/v2\/pages\/5645\/revisions"}],"predecessor-version":[{"id":7020,"href":"https:\/\/www.m2c.eu\/de\/wp-json\/wp\/v2\/pages\/5645\/revisions\/7020"}],"up":[{"embeddable":true,"href":"https:\/\/www.m2c.eu\/de\/wp-json\/wp\/v2\/pages\/5633"}],"wp:attachment":[{"href":"https:\/\/www.m2c.eu\/de\/wp-json\/wp\/v2\/media?parent=5645"}],"curies":[{"name":"wp","href":"https:\/\/api.w.org\/{rel}","templated":true}]}}