{"id":9103,"date":"2022-08-05T15:11:50","date_gmt":"2022-08-05T13:11:50","guid":{"rendered":"https:\/\/www.m2c.eu\/?page_id=9103"},"modified":"2025-08-05T09:41:15","modified_gmt":"2025-08-05T07:41:15","slug":"onderhoud-van-groene-ruimten","status":"publish","type":"page","link":"https:\/\/www.m2c.eu\/be\/services\/onderhoud-van-groene-ruimten\/","title":{"rendered":"Onderhoud van groene ruimten"},"content":{"rendered":"<div class=\"d-none\" style=\"display: none;\">\n<h3>Entretien des espaces verts<\/h3>\n<p>Souhaitez-vous ajouter un espace vert \u00e0 vos locaux ? Nos experts vous fourniront un service complet d&rsquo;espaces verts ext\u00e9rieure et int\u00e9rieure. Nous vous guidons dans le choix d de plantes appropri\u00e9es \u00e0 votre espace et nous r\u00e9aliserons le projet selon vos id\u00e9es. Nous assurons \u00e9galement l\u2019entretien r\u00e9gulier des espaces verts, notamment la tonte, la fertilisation et le d\u00e9sherbage.<\/p>\n<p>89303a:1:{i:0;a:5:{s:40:\u00a0\u00bbblock-intro-description-signpost-icon-id\u00a0\u00bb;s:0:\u00a0\u00bb\u00a0\u00bb;s:38:\u00a0\u00bbblock-intro-description-signpost-title\u00a0\u00bb;s:0:\u00a0\u00bb\u00a0\u00bb;s:41:\u00a0\u00bbblock-intro-description-signpost-subtitle\u00a0\u00bb;s:0:\u00a0\u00bb\u00a0\u00bb;s:36:\u00a0\u00bbblock-intro-description-signpost-url\u00a0\u00bb;s:0:\u00a0\u00bb\u00a0\u00bb;s:39:\u00a0\u00bbblock-intro-description-signpost-target\u00a0\u00bb;s:1:\u00a0\u00bb0&Prime;;}}9147<\/p>\n<h3>Entretien des espaces verts int\u00e9rieure<\/h3>\n<h3>Entretien des espaces verts ext\u00e9rieurs<\/h3>\n<h3>Cr\u00e9ation de jardins<\/h3>\n<h3>Souhaitez-vous en savoir savoir plus sur la r\u00e9duction des co\u00fbts d\u2019exploitation de votre bien\u00a0?<\/h3>\n<h3>Jardins de toit<\/h3>\n<h3>Jardins verticaux<\/h3>\n<h3>Vous n&rsquo;avez pas encore fait votre choix parmi la gamme de services?<\/h3>\n<h3>R\u00e9f\u00e9rences<\/h3>\n<\/div>\n<div class=\"d-none\" style=\"display: none;\">\n<h3>Entretien des espaces verts<\/h3>\n<p>Souhaitez-vous ajouter un espace vert \u00e0 vos locaux ? Nos experts vous fourniront un service complet d&rsquo;espaces verts ext\u00e9rieure et int\u00e9rieure. Nous vous guidons dans le choix d de plantes appropri\u00e9es \u00e0 votre espace et nous r\u00e9aliserons le projet selon vos id\u00e9es. Nous assurons \u00e9galement l\u2019entretien r\u00e9gulier des espaces verts, notamment la tonte, la fertilisation et le d\u00e9sherbage.<\/p>\n<p>89303a:1:{i:0;a:5:{s:40:\u00a0\u00bbblock-intro-description-signpost-icon-id\u00a0\u00bb;s:0:\u00a0\u00bb\u00a0\u00bb;s:38:\u00a0\u00bbblock-intro-description-signpost-title\u00a0\u00bb;s:0:\u00a0\u00bb\u00a0\u00bb;s:41:\u00a0\u00bbblock-intro-description-signpost-subtitle\u00a0\u00bb;s:0:\u00a0\u00bb\u00a0\u00bb;s:36:\u00a0\u00bbblock-intro-description-signpost-url\u00a0\u00bb;s:0:\u00a0\u00bb\u00a0\u00bb;s:39:\u00a0\u00bbblock-intro-description-signpost-target\u00a0\u00bb;s:1:\u00a0\u00bb0&Prime;;}}9147<\/p>\n<h3>Entretien des espaces verts int\u00e9rieure<\/h3>\n<h3>Entretien des espaces verts ext\u00e9rieurs<\/h3>\n<h3>Cr\u00e9ation de jardins<\/h3>\n<h3>Souhaitez-vous en savoir savoir plus sur la r\u00e9duction des co\u00fbts d\u2019exploitation de votre bien\u00a0?<\/h3>\n<h3>Jardins de toit<\/h3>\n<h3>Jardins verticaux<\/h3>\n<h3>Vous n&rsquo;avez pas encore fait votre choix parmi la gamme de services?<\/h3>\n<h3>R\u00e9f\u00e9rences<\/h3>\n<\/div>\n<div class=\"d-none\" style=\"display: none;\">\n<h3>Entretien des espaces verts<\/h3>\n<p>Souhaitez-vous ajouter un espace vert \u00e0 vos locaux ? Nos experts vous fourniront un service complet d&rsquo;espaces verts ext\u00e9rieure et int\u00e9rieure. Nous vous guidons dans le choix d de plantes appropri\u00e9es \u00e0 votre espace et nous r\u00e9aliserons le projet selon vos id\u00e9es. Nous assurons \u00e9galement l\u2019entretien r\u00e9gulier des espaces verts, notamment la tonte, la fertilisation et le d\u00e9sherbage.<\/p>\n<p>89303a:1:{i:0;a:5:{s:40:\u00a0\u00bbblock-intro-description-signpost-icon-id\u00a0\u00bb;s:0:\u00a0\u00bb\u00a0\u00bb;s:38:\u00a0\u00bbblock-intro-description-signpost-title\u00a0\u00bb;s:0:\u00a0\u00bb\u00a0\u00bb;s:41:\u00a0\u00bbblock-intro-description-signpost-subtitle\u00a0\u00bb;s:0:\u00a0\u00bb\u00a0\u00bb;s:36:\u00a0\u00bbblock-intro-description-signpost-url\u00a0\u00bb;s:0:\u00a0\u00bb\u00a0\u00bb;s:39:\u00a0\u00bbblock-intro-description-signpost-target\u00a0\u00bb;s:1:\u00a0\u00bb0&Prime;;}}9147<\/p>\n<h3>Entretien des espaces verts int\u00e9rieure<\/h3>\n<h3>Entretien des espaces verts ext\u00e9rieurs<\/h3>\n<h3>Cr\u00e9ation de jardins<\/h3>\n<h3>Souhaitez-vous en savoir savoir plus sur la r\u00e9duction des co\u00fbts d\u2019exploitation de votre bien\u00a0?<\/h3>\n<h3>Jardins de toit<\/h3>\n<h3>Jardins verticaux<\/h3>\n<h3>Vous n&rsquo;avez pas encore fait votre choix parmi la gamme de services?<\/h3>\n<h3>R\u00e9f\u00e9rences<\/h3>\n<\/div>\n","protected":false},"excerpt":{"rendered":"<p>Entretien des espaces verts Souhaitez-vous ajouter un espace vert \u00e0 vos locaux ? Nos experts vous fourniront un service complet d&rsquo;espaces verts ext\u00e9rieure et int\u00e9rieure. Nous vous guidons dans le choix d de plantes appropri\u00e9es \u00e0 votre espace et nous r\u00e9aliserons le projet selon vos id\u00e9es. Nous assurons \u00e9galement l\u2019entretien r\u00e9gulier des espaces verts, notamment&#8230;<\/p>\n","protected":false},"author":20,"featured_media":0,"parent":9111,"menu_order":0,"comment_status":"closed","ping_status":"closed","template":"pages\/page-blocks.php","meta":{"_monsterinsights_skip_tracking":false,"_monsterinsights_sitenote_active":false,"_monsterinsights_sitenote_note":"","_monsterinsights_sitenote_category":0,"footnotes":""},"class_list":["post-9103","page","type-page","status-publish","hentry"],"yoast_head":"<!-- This site is optimized with the Yoast SEO plugin v27.5 - https:\/\/yoast.com\/product\/yoast-seo-wordpress\/ -->\n<title>Onderhoud van groene ruimten | M2C<\/title>\n<meta name=\"description\" content=\"Onderhoud van groene ruimten nodig? M2C biedt professioneel en duurzaam groenonderhoud voor bedrijven en overheden. Ontvang snel een offerte!\" \/>\n<meta name=\"robots\" content=\"index, follow, max-snippet:-1, max-image-preview:large, max-video-preview:-1\" \/>\n<link rel=\"canonical\" href=\"https:\/\/www.m2c.eu\/be\/services\/onderhoud-van-groene-ruimten\/\" \/>\n<meta property=\"og:locale\" content=\"fr_FR\" \/>\n<meta property=\"og:type\" content=\"article\" \/>\n<meta property=\"og:title\" content=\"Onderhoud van groene ruimten | M2C\" \/>\n<meta property=\"og:description\" content=\"Onderhoud van groene ruimten nodig? M2C biedt professioneel en duurzaam groenonderhoud voor bedrijven en overheden. Ontvang snel een offerte!\" \/>\n<meta property=\"og:url\" content=\"https:\/\/www.m2c.eu\/be\/services\/onderhoud-van-groene-ruimten\/\" \/>\n<meta property=\"og:site_name\" content=\"M2C\" \/>\n<meta property=\"article:modified_time\" content=\"2025-08-05T07:41:15+00:00\" \/>\n<meta property=\"og:image\" content=\"https:\/\/www.m2c.eu\/wp-content\/uploads\/2021\/09\/M2C_OG.jpg\" \/>\n\t<meta property=\"og:image:width\" content=\"1200\" \/>\n\t<meta property=\"og:image:height\" content=\"630\" \/>\n\t<meta property=\"og:image:type\" content=\"image\/jpeg\" \/>\n<meta name=\"twitter:card\" content=\"summary_large_image\" \/>\n<meta name=\"twitter:label1\" content=\"Dur\u00e9e de lecture est.\" \/>\n\t<meta name=\"twitter:data1\" content=\"2 minutes\" \/>\n<!-- \/ Yoast SEO plugin. -->","yoast_head_json":{"title":"Onderhoud van groene ruimten | M2C","description":"Onderhoud van groene ruimten nodig? M2C biedt professioneel en duurzaam groenonderhoud voor bedrijven en overheden. Ontvang snel een offerte!","robots":{"index":"index","follow":"follow","max-snippet":"max-snippet:-1","max-image-preview":"max-image-preview:large","max-video-preview":"max-video-preview:-1"},"canonical":"https:\/\/www.m2c.eu\/be\/services\/onderhoud-van-groene-ruimten\/","og_locale":"fr_FR","og_type":"article","og_title":"Onderhoud van groene ruimten | M2C","og_description":"Onderhoud van groene ruimten nodig? M2C biedt professioneel en duurzaam groenonderhoud voor bedrijven en overheden. Ontvang snel een offerte!","og_url":"https:\/\/www.m2c.eu\/be\/services\/onderhoud-van-groene-ruimten\/","og_site_name":"M2C","article_modified_time":"2025-08-05T07:41:15+00:00","og_image":[{"width":1200,"height":630,"url":"https:\/\/www.m2c.eu\/wp-content\/uploads\/2021\/09\/M2C_OG.jpg","type":"image\/jpeg"}],"twitter_card":"summary_large_image","twitter_misc":{"Dur\u00e9e de lecture est.":"2 minutes"},"schema":{"@context":"https:\/\/schema.org","@graph":[{"@type":"WebPage","@id":"https:\/\/www.m2c.eu\/be\/services\/onderhoud-van-groene-ruimten\/","url":"https:\/\/www.m2c.eu\/be\/services\/onderhoud-van-groene-ruimten\/","name":"Onderhoud van groene ruimten | M2C","isPartOf":{"@id":"https:\/\/www.m2c.eu\/#website"},"datePublished":"2022-08-05T13:11:50+00:00","dateModified":"2025-08-05T07:41:15+00:00","description":"Onderhoud van groene ruimten nodig? M2C biedt professioneel en duurzaam groenonderhoud voor bedrijven en overheden. Ontvang snel een offerte!","breadcrumb":{"@id":"https:\/\/www.m2c.eu\/be\/services\/onderhoud-van-groene-ruimten\/#breadcrumb"},"inLanguage":"fr-BE","potentialAction":[{"@type":"ReadAction","target":["https:\/\/www.m2c.eu\/be\/services\/onderhoud-van-groene-ruimten\/"]}]},{"@type":"BreadcrumbList","@id":"https:\/\/www.m2c.eu\/be\/services\/onderhoud-van-groene-ruimten\/#breadcrumb","itemListElement":[{"@type":"ListItem","position":1,"name":"\u00davod","item":"https:\/\/www.m2c.eu\/be\/"},{"@type":"ListItem","position":2,"name":"Services","item":"https:\/\/www.m2c.eu\/be\/services\/"},{"@type":"ListItem","position":3,"name":"Onderhoud van groene ruimten"}]},{"@type":"WebSite","@id":"https:\/\/www.m2c.eu\/#website","url":"https:\/\/www.m2c.eu\/","name":"M2C","description":"Kompleksowa obs\u0142uga obiekt\u00f3w komercyjnych","publisher":{"@id":"https:\/\/www.m2c.eu\/#organization"},"potentialAction":[{"@type":"SearchAction","target":{"@type":"EntryPoint","urlTemplate":"https:\/\/www.m2c.eu\/?s={search_term_string}"},"query-input":{"@type":"PropertyValueSpecification","valueRequired":true,"valueName":"search_term_string"}}],"inLanguage":"fr-BE"},{"@type":"Organization","@id":"https:\/\/www.m2c.eu\/#organization","name":"M2C","url":"https:\/\/www.m2c.eu\/","logo":{"@type":"ImageObject","inLanguage":"fr-BE","@id":"https:\/\/www.m2c.eu\/#\/schema\/logo\/image\/","url":"https:\/\/www.m2c.eu\/wp-content\/uploads\/2021\/08\/logo-m2c.svg","contentUrl":"https:\/\/www.m2c.eu\/wp-content\/uploads\/2021\/08\/logo-m2c.svg","width":141,"height":40,"caption":"M2C"},"image":{"@id":"https:\/\/www.m2c.eu\/#\/schema\/logo\/image\/"}}]}},"_links":{"self":[{"href":"https:\/\/www.m2c.eu\/be\/wp-json\/wp\/v2\/pages\/9103","targetHints":{"allow":["GET"]}}],"collection":[{"href":"https:\/\/www.m2c.eu\/be\/wp-json\/wp\/v2\/pages"}],"about":[{"href":"https:\/\/www.m2c.eu\/be\/wp-json\/wp\/v2\/types\/page"}],"author":[{"embeddable":true,"href":"https:\/\/www.m2c.eu\/be\/wp-json\/wp\/v2\/users\/20"}],"replies":[{"embeddable":true,"href":"https:\/\/www.m2c.eu\/be\/wp-json\/wp\/v2\/comments?post=9103"}],"version-history":[{"count":5,"href":"https:\/\/www.m2c.eu\/be\/wp-json\/wp\/v2\/pages\/9103\/revisions"}],"predecessor-version":[{"id":19549,"href":"https:\/\/www.m2c.eu\/be\/wp-json\/wp\/v2\/pages\/9103\/revisions\/19549"}],"up":[{"embeddable":true,"href":"https:\/\/www.m2c.eu\/be\/wp-json\/wp\/v2\/pages\/9111"}],"wp:attachment":[{"href":"https:\/\/www.m2c.eu\/be\/wp-json\/wp\/v2\/media?parent=9103"}],"curies":[{"name":"wp","href":"https:\/\/api.w.org\/{rel}","templated":true}]}}