{"id":9085,"date":"2022-08-05T15:10:21","date_gmt":"2022-08-05T13:10:21","guid":{"rendered":"https:\/\/www.m2c.eu\/?page_id=9085"},"modified":"2025-07-21T14:42:39","modified_gmt":"2025-07-21T12:42:39","slug":"over-ons","status":"publish","type":"page","link":"https:\/\/www.m2c.eu\/be\/over-ons\/","title":{"rendered":"Over ons"},"content":{"rendered":"<div class=\"d-none\" style=\"display: none;\">\n<h3>\u00c0 propos de nous<\/h3>\n<h3>0<\/h3>\n<h3>Formations et examens<\/h3>\n<p>\u00c0 M2C, nous avons un syst\u00e8me \u00e9labor\u00e9 de formation des employ\u00e9s. Nous aidons \u00e9galement les demandeurs d\u2019emploi \u00e0 obtenir une qualification compl\u00e8te pour un meilleur emploi. Les examens de qualification professionnelle permettent d\u2019obtenir un certificat qui est non seulement valable pour une p\u00e9riode ind\u00e9termin\u00e9e, mais qui est \u00e9galement reconnu dans toute la R\u00e9publique Tch\u00e8que. Nous organisons les examens pour le grand public.<\/p>\n<h3>Actualit\u00e9s<\/h3>\n<h3>Blog<\/h3>\n<h3>Souhaitez-vous en savoir savoir plus sur la r\u00e9duction des co\u00fbts d\u2019exploitation de votre bien\u00a0?<\/h3>\n<h3>R\u00e9f\u00e9rences<\/h3>\n<\/div>\n<div class=\"d-none\" style=\"display: none;\">\n<h3>\u00c0 propos de nous<\/h3>\n<h3>0<\/h3>\n<h3>Formations et examens<\/h3>\n<p>\u00c0 M2C, nous avons un syst\u00e8me \u00e9labor\u00e9 de formation des employ\u00e9s. Nous aidons \u00e9galement les demandeurs d\u2019emploi \u00e0 obtenir une qualification compl\u00e8te pour un meilleur emploi. Les examens de qualification professionnelle permettent d\u2019obtenir un certificat qui est non seulement valable pour une p\u00e9riode ind\u00e9termin\u00e9e, mais qui est \u00e9galement reconnu dans toute la R\u00e9publique Tch\u00e8que. Nous organisons les examens pour le grand public.<\/p>\n<h3>Actualit\u00e9s<\/h3>\n<h3>Souhaitez-vous en savoir savoir plus sur la r\u00e9duction des co\u00fbts d\u2019exploitation de votre bien\u00a0?<\/h3>\n<h3>R\u00e9f\u00e9rences<\/h3>\n<\/div>\n<div class=\"d-none\" style=\"display: none;\">\n<h3>\u00c0 propos de nous<\/h3>\n<h3>0<\/h3>\n<h3>Formations et examens<\/h3>\n<p>\u00c0 M2C, nous avons un syst\u00e8me \u00e9labor\u00e9 de formation des employ\u00e9s. Nous aidons \u00e9galement les demandeurs d\u2019emploi \u00e0 obtenir une qualification compl\u00e8te pour un meilleur emploi. Les examens de qualification professionnelle permettent d\u2019obtenir un certificat qui est non seulement valable pour une p\u00e9riode ind\u00e9termin\u00e9e, mais qui est \u00e9galement reconnu dans toute la R\u00e9publique Tch\u00e8que. Nous organisons les examens pour le grand public.<\/p>\n<h3>Actualit\u00e9s<\/h3>\n<h3>Souhaitez-vous en savoir savoir plus sur la r\u00e9duction des co\u00fbts d\u2019exploitation de votre bien\u00a0?<\/h3>\n<h3>R\u00e9f\u00e9rences<\/h3>\n<\/div>\n<div class=\"d-none\" style=\"display: none;\">\n<h3>\u00c0 propos de nous<\/h3>\n<h3>0<\/h3>\n<h3>Formations et examens<\/h3>\n<p>\u00c0 M2C, nous avons un syst\u00e8me \u00e9labor\u00e9 de formation des employ\u00e9s. Nous aidons \u00e9galement les demandeurs d\u2019emploi \u00e0 obtenir une qualification compl\u00e8te pour un meilleur emploi. Les examens de qualification professionnelle permettent d\u2019obtenir un certificat qui est non seulement valable pour une p\u00e9riode ind\u00e9termin\u00e9e, mais qui est \u00e9galement reconnu dans toute la R\u00e9publique Tch\u00e8que. Nous organisons les examens pour le grand public.<\/p>\n<h3>Actualit\u00e9s<\/h3>\n<h3>Souhaitez-vous en savoir savoir plus sur la r\u00e9duction des co\u00fbts d\u2019exploitation de votre bien\u00a0?<\/h3>\n<h3>R\u00e9f\u00e9rences<\/h3>\n<\/div>\n<div class=\"d-none\" style=\"display: none;\">\n<h3>\u00c0 propos de nous<\/h3>\n<h3>0<\/h3>\n<h3>Formations et examens<\/h3>\n<p>\u00c0 M2C, nous avons un syst\u00e8me \u00e9labor\u00e9 de formation des employ\u00e9s. Nous aidons \u00e9galement les demandeurs d\u2019emploi \u00e0 obtenir une qualification compl\u00e8te pour un meilleur emploi. Les examens de qualification professionnelle permettent d\u2019obtenir un certificat qui est non seulement valable pour une p\u00e9riode ind\u00e9termin\u00e9e, mais qui est \u00e9galement reconnu dans toute la R\u00e9publique Tch\u00e8que. Nous organisons les examens pour le grand public.<\/p>\n<h3>Souhaitez-vous en savoir savoir plus sur la r\u00e9duction des co\u00fbts d\u2019exploitation de votre bien\u00a0?<\/h3>\n<h3>R\u00e9f\u00e9rences<\/h3>\n<\/div>\n<div class=\"d-none\" style=\"display: none;\">\n<h3>\u00c0 propos de nous<\/h3>\n<h3>0<\/h3>\n<h3>Souhaitez-vous en savoir savoir plus sur la r\u00e9duction des co\u00fbts d\u2019exploitation de votre bien\u00a0?<\/h3>\n<h3>R\u00e9f\u00e9rences<\/h3>\n<\/div>\n<div class=\"d-none\" style=\"display: none;\">\n<h3>\u00c0 propos de nous<\/h3>\n<h3>0<\/h3>\n<h3>Souhaitez-vous en savoir savoir plus sur la r\u00e9duction des co\u00fbts d\u2019exploitation de votre bien\u00a0?<\/h3>\n<h3>R\u00e9f\u00e9rences<\/h3>\n<h3>Blog<\/h3>\n<\/div>\n<div class=\"d-none\" style=\"display: none;\">\n<h3>\u00c0 propos de nous<\/h3>\n<h3>0<\/h3>\n<h3>Souhaitez-vous en savoir savoir plus sur la r\u00e9duction des co\u00fbts d\u2019exploitation de votre bien\u00a0?<\/h3>\n<h3>R\u00e9f\u00e9rences<\/h3>\n<h3>Actualit\u00e9s<\/h3>\n<h3>Blog<\/h3>\n<\/div>\n<div class=\"d-none\" style=\"display: none;\">\n<h3>\u00c0 propos de nous<\/h3>\n<h3>0<\/h3>\n<h3>Souhaitez-vous en savoir savoir plus sur la r\u00e9duction des co\u00fbts d\u2019exploitation de votre bien\u00a0?<\/h3>\n<h3>R\u00e9f\u00e9rences<\/h3>\n<h3>Actualit\u00e9s<\/h3>\n<\/div>\n<div class=\"d-none\" style=\"display: none;\">\n<h3>\u00c0 propos de nous<\/h3>\n<h3>0<\/h3>\n<h3>Actualit\u00e9s<\/h3>\n<h3>Souhaitez-vous en savoir savoir plus sur la r\u00e9duction des co\u00fbts d\u2019exploitation de votre bien\u00a0?<\/h3>\n<h3>R\u00e9f\u00e9rences<\/h3>\n<\/div>\n<div class=\"d-none\" style=\"display: none;\">\n<h3>\u00c0 propos de nous<\/h3>\n<h3>0<\/h3>\n<h3>Actualit\u00e9s<\/h3>\n<h3>R\u00e9f\u00e9rences<\/h3>\n<\/div>\n","protected":false},"excerpt":{"rendered":"<p>\u00c0 propos de nous 0 Formations et examens \u00c0 M2C, nous avons un syst\u00e8me \u00e9labor\u00e9 de formation des employ\u00e9s. Nous aidons \u00e9galement les demandeurs d\u2019emploi \u00e0 obtenir une qualification compl\u00e8te pour un meilleur emploi. Les examens de qualification professionnelle permettent d\u2019obtenir un certificat qui est non seulement valable pour une p\u00e9riode ind\u00e9termin\u00e9e, mais qui est&#8230;<\/p>\n","protected":false},"author":20,"featured_media":0,"parent":0,"menu_order":0,"comment_status":"closed","ping_status":"closed","template":"pages\/page-blocks.php","meta":{"_monsterinsights_skip_tracking":false,"_monsterinsights_sitenote_active":false,"_monsterinsights_sitenote_note":"","_monsterinsights_sitenote_category":0,"footnotes":""},"class_list":["post-9085","page","type-page","status-publish","hentry"],"yoast_head":"<!-- This site is optimized with the Yoast SEO plugin v27.5 - https:\/\/yoast.com\/product\/yoast-seo-wordpress\/ -->\n<title>Over ons | M2C<\/title>\n<meta name=\"description\" content=\"M2C \u2013 betrouwbare partner in gebouwbeheer. Lees meer over onze visie, waarden en het team achter onze groei.\" \/>\n<meta name=\"robots\" content=\"index, follow, max-snippet:-1, max-image-preview:large, max-video-preview:-1\" \/>\n<link rel=\"canonical\" href=\"https:\/\/www.m2c.eu\/be\/over-ons\/\" \/>\n<meta property=\"og:locale\" content=\"fr_FR\" \/>\n<meta property=\"og:type\" content=\"article\" \/>\n<meta property=\"og:title\" content=\"Over ons | M2C\" \/>\n<meta property=\"og:description\" content=\"M2C \u2013 betrouwbare partner in gebouwbeheer. Lees meer over onze visie, waarden en het team achter onze groei.\" \/>\n<meta property=\"og:url\" content=\"https:\/\/www.m2c.eu\/be\/over-ons\/\" \/>\n<meta property=\"og:site_name\" content=\"M2C\" \/>\n<meta property=\"article:modified_time\" content=\"2025-07-21T12:42:39+00:00\" \/>\n<meta property=\"og:image\" content=\"https:\/\/www.m2c.eu\/wp-content\/uploads\/2021\/09\/M2C_OG.jpg\" \/>\n\t<meta property=\"og:image:width\" content=\"1200\" \/>\n\t<meta property=\"og:image:height\" content=\"630\" \/>\n\t<meta property=\"og:image:type\" content=\"image\/jpeg\" \/>\n<meta name=\"twitter:card\" content=\"summary_large_image\" \/>\n<meta name=\"twitter:label1\" content=\"Dur\u00e9e de lecture est.\" \/>\n\t<meta name=\"twitter:data1\" content=\"3 minutes\" \/>\n<!-- \/ Yoast SEO plugin. -->","yoast_head_json":{"title":"Over ons | M2C","description":"M2C \u2013 betrouwbare partner in gebouwbeheer. Lees meer over onze visie, waarden en het team achter onze groei.","robots":{"index":"index","follow":"follow","max-snippet":"max-snippet:-1","max-image-preview":"max-image-preview:large","max-video-preview":"max-video-preview:-1"},"canonical":"https:\/\/www.m2c.eu\/be\/over-ons\/","og_locale":"fr_FR","og_type":"article","og_title":"Over ons | M2C","og_description":"M2C \u2013 betrouwbare partner in gebouwbeheer. Lees meer over onze visie, waarden en het team achter onze groei.","og_url":"https:\/\/www.m2c.eu\/be\/over-ons\/","og_site_name":"M2C","article_modified_time":"2025-07-21T12:42:39+00:00","og_image":[{"width":1200,"height":630,"url":"https:\/\/www.m2c.eu\/wp-content\/uploads\/2021\/09\/M2C_OG.jpg","type":"image\/jpeg"}],"twitter_card":"summary_large_image","twitter_misc":{"Dur\u00e9e de lecture est.":"3 minutes"},"schema":{"@context":"https:\/\/schema.org","@graph":[{"@type":"WebPage","@id":"https:\/\/www.m2c.eu\/be\/over-ons\/","url":"https:\/\/www.m2c.eu\/be\/over-ons\/","name":"Over ons | M2C","isPartOf":{"@id":"https:\/\/www.m2c.eu\/#website"},"datePublished":"2022-08-05T13:10:21+00:00","dateModified":"2025-07-21T12:42:39+00:00","description":"M2C \u2013 betrouwbare partner in gebouwbeheer. Lees meer over onze visie, waarden en het team achter onze groei.","breadcrumb":{"@id":"https:\/\/www.m2c.eu\/be\/over-ons\/#breadcrumb"},"inLanguage":"fr-BE","potentialAction":[{"@type":"ReadAction","target":["https:\/\/www.m2c.eu\/be\/over-ons\/"]}]},{"@type":"BreadcrumbList","@id":"https:\/\/www.m2c.eu\/be\/over-ons\/#breadcrumb","itemListElement":[{"@type":"ListItem","position":1,"name":"\u00davod","item":"https:\/\/www.m2c.eu\/be\/"},{"@type":"ListItem","position":2,"name":"Over ons"}]},{"@type":"WebSite","@id":"https:\/\/www.m2c.eu\/#website","url":"https:\/\/www.m2c.eu\/","name":"M2C","description":"Kompleksowa obs\u0142uga obiekt\u00f3w komercyjnych","publisher":{"@id":"https:\/\/www.m2c.eu\/#organization"},"potentialAction":[{"@type":"SearchAction","target":{"@type":"EntryPoint","urlTemplate":"https:\/\/www.m2c.eu\/?s={search_term_string}"},"query-input":{"@type":"PropertyValueSpecification","valueRequired":true,"valueName":"search_term_string"}}],"inLanguage":"fr-BE"},{"@type":"Organization","@id":"https:\/\/www.m2c.eu\/#organization","name":"M2C","url":"https:\/\/www.m2c.eu\/","logo":{"@type":"ImageObject","inLanguage":"fr-BE","@id":"https:\/\/www.m2c.eu\/#\/schema\/logo\/image\/","url":"https:\/\/www.m2c.eu\/wp-content\/uploads\/2021\/08\/logo-m2c.svg","contentUrl":"https:\/\/www.m2c.eu\/wp-content\/uploads\/2021\/08\/logo-m2c.svg","width":141,"height":40,"caption":"M2C"},"image":{"@id":"https:\/\/www.m2c.eu\/#\/schema\/logo\/image\/"}}]}},"_links":{"self":[{"href":"https:\/\/www.m2c.eu\/be\/wp-json\/wp\/v2\/pages\/9085","targetHints":{"allow":["GET"]}}],"collection":[{"href":"https:\/\/www.m2c.eu\/be\/wp-json\/wp\/v2\/pages"}],"about":[{"href":"https:\/\/www.m2c.eu\/be\/wp-json\/wp\/v2\/types\/page"}],"author":[{"embeddable":true,"href":"https:\/\/www.m2c.eu\/be\/wp-json\/wp\/v2\/users\/20"}],"replies":[{"embeddable":true,"href":"https:\/\/www.m2c.eu\/be\/wp-json\/wp\/v2\/comments?post=9085"}],"version-history":[{"count":15,"href":"https:\/\/www.m2c.eu\/be\/wp-json\/wp\/v2\/pages\/9085\/revisions"}],"predecessor-version":[{"id":11402,"href":"https:\/\/www.m2c.eu\/be\/wp-json\/wp\/v2\/pages\/9085\/revisions\/11402"}],"wp:attachment":[{"href":"https:\/\/www.m2c.eu\/be\/wp-json\/wp\/v2\/media?parent=9085"}],"curies":[{"name":"wp","href":"https:\/\/api.w.org\/{rel}","templated":true}]}}